{"id":4380,"date":"2024-09-29T14:53:25","date_gmt":"2024-09-29T12:53:25","guid":{"rendered":"https:\/\/lesaffre.eg\/produits\/"},"modified":"2025-06-20T13:49:38","modified_gmt":"2025-06-20T11:49:38","slug":"produits","status":"publish","type":"page","link":"https:\/\/lesaffre.eg\/fr\/produits\/","title":{"rendered":"Produits"},"content":{"rendered":"\t\t<div data-elementor-type=\"wp-page\" data-elementor-id=\"4380\" class=\"elementor elementor-4380 elementor-2656\" data-elementor-post-type=\"page\">\n\t\t\t\t\t\t<section class=\"has_eae_slider elementor-section elementor-top-section elementor-element elementor-element-d204fd2 elementor-section-full_width elementor-section-height-min-height elementor-section-height-default elementor-section-items-middle\" data-eae-slider=\"88978\" data-id=\"d204fd2\" data-element_type=\"section\" data-e-type=\"section\" data-settings=\"{&quot;background_background&quot;:&quot;classic&quot;}\">\n\t\t\t\t\t\t\t<div class=\"elementor-background-overlay\"><\/div>\n\t\t\t\t\t\t\t<div class=\"elementor-container elementor-column-gap-no\">\n\t\t\t\t\t<div class=\"has_eae_slider elementor-column elementor-col-100 elementor-top-column elementor-element elementor-element-a515e4e\" data-eae-slider=\"90918\" data-id=\"a515e4e\" data-element_type=\"column\" data-e-type=\"column\" data-settings=\"{&quot;background_background&quot;:&quot;classic&quot;}\">\n\t\t\t<div class=\"elementor-widget-wrap elementor-element-populated\">\n\t\t\t\t\t\t<div class=\"elementor-element elementor-element-2124724 elementor-widget elementor-widget-breadcrumbs\" data-id=\"2124724\" data-element_type=\"widget\" data-e-type=\"widget\" data-widget_type=\"breadcrumbs.default\">\n\t\t\t\t<div class=\"elementor-widget-container\">\n\t\t\t\t\t<p id=\"breadcrumbs\"><span><span><a href=\"https:\/\/lesaffre.eg\/ar\/\">Home<\/a><\/span><\/span><\/p>\t\t\t\t<\/div>\n\t\t\t\t<\/div>\n\t\t\t\t<div class=\"elementor-element elementor-element-3ae2041 elementor-widget elementor-widget-heading\" data-id=\"3ae2041\" data-element_type=\"widget\" data-e-type=\"widget\" data-widget_type=\"heading.default\">\n\t\t\t\t<div class=\"elementor-widget-container\">\n\t\t\t\t\t<h1 class=\"elementor-heading-title elementor-size-default\"><span style=\"font-weight: 300\">Nos produits\n<\/span><\/h1>\t\t\t\t<\/div>\n\t\t\t\t<\/div>\n\t\t\t\t\t<\/div>\n\t\t<\/div>\n\t\t\t\t\t<\/div>\n\t\t<\/section>\n\t\t\t\t<section class=\"has_eae_slider elementor-section elementor-top-section elementor-element elementor-element-c0c39bb elementor-section-height-min-height elementor-section-boxed elementor-section-height-default elementor-section-items-middle\" data-eae-slider=\"11503\" data-id=\"c0c39bb\" data-element_type=\"section\" data-e-type=\"section\" data-settings=\"{&quot;background_background&quot;:&quot;classic&quot;}\">\n\t\t\t\t\t\t<div class=\"elementor-container elementor-column-gap-no\">\n\t\t\t\t\t<div class=\"has_eae_slider elementor-column elementor-col-100 elementor-top-column elementor-element elementor-element-7428654\" data-eae-slider=\"73214\" data-id=\"7428654\" data-element_type=\"column\" data-e-type=\"column\">\n\t\t\t<div class=\"elementor-widget-wrap elementor-element-populated\">\n\t\t\t\t\t\t<div class=\"elementor-element elementor-element-ab4430a elementor-widget elementor-widget-image\" data-id=\"ab4430a\" data-element_type=\"widget\" data-e-type=\"widget\" data-widget_type=\"image.default\">\n\t\t\t\t<div class=\"elementor-widget-container\">\n\t\t\t\t\t\t\t\t\t\t\t\t\t\t\t<img decoding=\"async\" width=\"5\" height=\"101\" src=\"https:\/\/lesaffre.eg\/wp-content\/uploads\/sites\/28\/2022\/05\/ligne.png\" class=\"attachment-full size-full wp-image-4320\" alt=\"\" \/>\t\t\t\t\t\t\t\t\t\t\t\t\t\t\t<\/div>\n\t\t\t\t<\/div>\n\t\t\t\t\t<\/div>\n\t\t<\/div>\n\t\t\t\t\t<\/div>\n\t\t<\/section>\n\t\t\t\t<section class=\"has_eae_slider elementor-section elementor-top-section elementor-element elementor-element-d03a50b elementor-section-boxed elementor-section-height-default elementor-section-height-default\" data-eae-slider=\"71210\" data-id=\"d03a50b\" data-element_type=\"section\" data-e-type=\"section\">\n\t\t\t\t\t\t<div class=\"elementor-container elementor-column-gap-default\">\n\t\t\t\t\t<div class=\"has_eae_slider elementor-column elementor-col-100 elementor-top-column elementor-element elementor-element-3bfec09\" data-eae-slider=\"71802\" data-id=\"3bfec09\" data-element_type=\"column\" data-e-type=\"column\">\n\t\t\t<div class=\"elementor-widget-wrap elementor-element-populated\">\n\t\t\t\t\t\t<div class=\"elementor-element elementor-element-3e43c6c elementor-widget elementor-widget-text-editor\" data-id=\"3e43c6c\" data-element_type=\"widget\" data-e-type=\"widget\" data-widget_type=\"text-editor.default\">\n\t\t\t\t<div class=\"elementor-widget-container\">\n\t\t\t\t\t\t\t\t\t<p class=\"p1\">Anim\u00e9 par la mission de fournir une gamme compl\u00e8te de solutions de cuisson adapt\u00e9es aux divers besoins du march\u00e9 \u00e9gyptien, Lesaffre \u00c9gypte s&rsquo;est impos\u00e9 comme un fournisseur de premier plan, r\u00e9pondant aux besoins des boulangeries industrielles, des boulangeries artisanales et des boulangers amateurs.<\/p>\n<p class=\"p1\">Notre portefeuille est m\u00e9ticuleusement con\u00e7u pour permettre \u00e0 nos clients d&rsquo;atteindre de nouveaux sommets de succ\u00e8s. En maintenant une compr\u00e9hension approfondie des tendances du march\u00e9 en constante \u00e9volution, des avanc\u00e9es technologiques et des pr\u00e9f\u00e9rences nuanc\u00e9es des consommateurs \u00e9gyptiens, nous sommes en mesure de fournir constamment des solutions innovantes qui non seulement r\u00e9pondent, mais d\u00e9passent les attentes de notre client\u00e8le diversifi\u00e9e. <\/p>\n<p class=\"p1\">Qu&rsquo;il s&rsquo;agisse d&rsquo;\u00e9quipements sp\u00e9cialis\u00e9s, d&rsquo;ingr\u00e9dients de pointe ou de conseils techniques experts, notre \u00e9quipe de professionnels s&rsquo;engage \u00e0 collaborer avec nos clients, leur permettant de naviguer avec confiance dans le paysage dynamique de l&rsquo;industrie \u00e9gyptienne de la boulangerie et d&rsquo;atteindre leurs aspirations avec une qualit\u00e9 et une pr\u00e9cision in\u00e9gal\u00e9es.<\/p>\n\t\t\t\t\t\t\t\t<\/div>\n\t\t\t\t<\/div>\n\t\t\t\t<div class=\"elementor-element elementor-element-647f975 elementor-widget elementor-widget-heading\" data-id=\"647f975\" data-element_type=\"widget\" data-e-type=\"widget\" data-widget_type=\"heading.default\">\n\t\t\t\t<div class=\"elementor-widget-container\">\n\t\t\t\t\t<h2 class=\"elementor-heading-title elementor-size-default\">Nos produits<\/h2>\t\t\t\t<\/div>\n\t\t\t\t<\/div>\n\t\t\t\t\t<\/div>\n\t\t<\/div>\n\t\t\t\t\t<\/div>\n\t\t<\/section>\n\t\t\t\t<section class=\"has_eae_slider elementor-section elementor-top-section elementor-element elementor-element-44b4d95 elementor-section-boxed elementor-section-height-default elementor-section-height-default\" data-eae-slider=\"66715\" data-id=\"44b4d95\" data-element_type=\"section\" data-e-type=\"section\">\n\t\t\t\t\t\t<div class=\"elementor-container elementor-column-gap-default\">\n\t\t\t\t\t<div class=\"has_eae_slider elementor-column elementor-col-25 elementor-top-column elementor-element elementor-element-0d39ead\" data-eae-slider=\"16408\" data-id=\"0d39ead\" data-element_type=\"column\" data-e-type=\"column\">\n\t\t\t<div class=\"elementor-widget-wrap elementor-element-populated\">\n\t\t\t\t\t\t<div class=\"elementor-element elementor-element-de1125d elementor-cta--skin-classic elementor-animated-content elementor-bg-transform elementor-bg-transform-zoom-in elementor-widget elementor-widget-call-to-action\" data-id=\"de1125d\" data-element_type=\"widget\" data-e-type=\"widget\" data-widget_type=\"call-to-action.default\">\n\t\t\t\t<div class=\"elementor-widget-container\">\n\t\t\t\t\t\t\t<a class=\"elementor-cta\" href=\"https:\/\/lesaffre.eg\/fr\/levure-fraiche\/\">\n\t\t\t\t\t<div class=\"elementor-cta__bg-wrapper\">\n\t\t\t\t<div class=\"elementor-cta__bg elementor-bg\" style=\"background-image: url(https:\/\/lesaffre.eg\/wp-content\/uploads\/sites\/28\/2024\/12\/compressed-yeast-1-683x1024.jpg);\" role=\"img\" aria-label=\"Lesaffre Cairo\"><\/div>\n\t\t\t\t<div class=\"elementor-cta__bg-overlay\"><\/div>\n\t\t\t<\/div>\n\t\t\t\t\t\t\t<div class=\"elementor-cta__content\">\n\t\t\t\t\n\t\t\t\t\t\t\t\t\t<h2 class=\"elementor-cta__title elementor-cta__content-item elementor-content-item\">\n\t\t\t\t\t\tLEVURE<br>FRA\u00ceCHE\t\t\t\t\t<\/h2>\n\t\t\t\t\n\t\t\t\t\n\t\t\t\t\t\t\t<\/div>\n\t\t\t\t\t\t<\/a>\n\t\t\t\t\t\t<\/div>\n\t\t\t\t<\/div>\n\t\t\t\t\t<\/div>\n\t\t<\/div>\n\t\t\t\t<div class=\"has_eae_slider elementor-column elementor-col-25 elementor-top-column elementor-element elementor-element-123d08e\" data-eae-slider=\"42141\" data-id=\"123d08e\" data-element_type=\"column\" data-e-type=\"column\">\n\t\t\t<div class=\"elementor-widget-wrap elementor-element-populated\">\n\t\t\t\t\t\t<div class=\"elementor-element elementor-element-1bec806 elementor-cta--skin-classic elementor-animated-content elementor-bg-transform elementor-bg-transform-zoom-in elementor-widget elementor-widget-call-to-action\" data-id=\"1bec806\" data-element_type=\"widget\" data-e-type=\"widget\" data-widget_type=\"call-to-action.default\">\n\t\t\t\t<div class=\"elementor-widget-container\">\n\t\t\t\t\t\t\t<a class=\"elementor-cta\" href=\"https:\/\/lesaffre.eg\/fr\/levure-seche\/\">\n\t\t\t\t\t<div class=\"elementor-cta__bg-wrapper\">\n\t\t\t\t<div class=\"elementor-cta__bg elementor-bg\" style=\"background-image: url(https:\/\/lesaffre.eg\/wp-content\/uploads\/sites\/28\/2024\/12\/dry-yeast.jpg);\" role=\"img\" aria-label=\"Tom Fritz Studios, Inc.\n2930 W. Clybourn Street\nMilwaukee, WI 53208-4014\nPhone: 414.344.8300\nFax: 414.344.6155\nTom@tomfritz.com\"><\/div>\n\t\t\t\t<div class=\"elementor-cta__bg-overlay\"><\/div>\n\t\t\t<\/div>\n\t\t\t\t\t\t\t<div class=\"elementor-cta__content\">\n\t\t\t\t\n\t\t\t\t\t\t\t\t\t<h2 class=\"elementor-cta__title elementor-cta__content-item elementor-content-item\">\n\t\t\t\t\t\tLEVURE<br>S\u00c8CHE\t\t\t\t\t<\/h2>\n\t\t\t\t\n\t\t\t\t\n\t\t\t\t\t\t\t<\/div>\n\t\t\t\t\t\t<\/a>\n\t\t\t\t\t\t<\/div>\n\t\t\t\t<\/div>\n\t\t\t\t\t<\/div>\n\t\t<\/div>\n\t\t\t\t<div class=\"has_eae_slider elementor-column elementor-col-25 elementor-top-column elementor-element elementor-element-12ddc02\" data-eae-slider=\"3183\" data-id=\"12ddc02\" data-element_type=\"column\" data-e-type=\"column\">\n\t\t\t<div class=\"elementor-widget-wrap elementor-element-populated\">\n\t\t\t\t\t\t<div class=\"elementor-element elementor-element-b79654b elementor-cta--skin-classic elementor-animated-content elementor-bg-transform elementor-bg-transform-zoom-in elementor-widget elementor-widget-call-to-action\" data-id=\"b79654b\" data-element_type=\"widget\" data-e-type=\"widget\" data-widget_type=\"call-to-action.default\">\n\t\t\t\t<div class=\"elementor-widget-container\">\n\t\t\t\t\t\t\t<a class=\"elementor-cta\" href=\"https:\/\/lesaffre.eg\/fr\/ingredients\/\">\n\t\t\t\t\t<div class=\"elementor-cta__bg-wrapper\">\n\t\t\t\t<div class=\"elementor-cta__bg elementor-bg\" style=\"background-image: url(https:\/\/lesaffre.eg\/wp-content\/uploads\/sites\/28\/2024\/12\/softness-768x1024.jpg);\" role=\"img\" aria-label=\"Softness\"><\/div>\n\t\t\t\t<div class=\"elementor-cta__bg-overlay\"><\/div>\n\t\t\t<\/div>\n\t\t\t\t\t\t\t<div class=\"elementor-cta__content\">\n\t\t\t\t\n\t\t\t\t\t\t\t\t\t<h2 class=\"elementor-cta__title elementor-cta__content-item elementor-content-item\">\n\t\t\t\t\t\tIngr\u00e9dients<br>pour la cuisson\t\t\t\t\t<\/h2>\n\t\t\t\t\n\t\t\t\t\n\t\t\t\t\t\t\t<\/div>\n\t\t\t\t\t\t<\/a>\n\t\t\t\t\t\t<\/div>\n\t\t\t\t<\/div>\n\t\t\t\t\t<\/div>\n\t\t<\/div>\n\t\t\t\t<div class=\"has_eae_slider elementor-column elementor-col-25 elementor-top-column elementor-element elementor-element-d3c6d2c\" data-eae-slider=\"23752\" data-id=\"d3c6d2c\" data-element_type=\"column\" data-e-type=\"column\">\n\t\t\t<div class=\"elementor-widget-wrap elementor-element-populated\">\n\t\t\t\t\t\t<div class=\"elementor-element elementor-element-29f7e59 elementor-cta--skin-classic elementor-animated-content elementor-bg-transform elementor-bg-transform-zoom-in elementor-widget elementor-widget-call-to-action\" data-id=\"29f7e59\" data-element_type=\"widget\" data-e-type=\"widget\" data-widget_type=\"call-to-action.default\">\n\t\t\t\t<div class=\"elementor-widget-container\">\n\t\t\t\t\t\t\t<a class=\"elementor-cta\" href=\"https:\/\/lesaffre.eg\/fr\/produits\/patisserie-maison\/\">\n\t\t\t\t\t<div class=\"elementor-cta__bg-wrapper\">\n\t\t\t\t<div class=\"elementor-cta__bg elementor-bg\" style=\"background-image: url(https:\/\/lesaffre.eg\/wp-content\/uploads\/sites\/28\/2024\/12\/young-brunette-woman-cooking-pizza-handmade-pasta-kitchen-housewife-preparing-dough-wooden-table-dieting-food-health-concept-859x1024.jpg);\" role=\"img\" aria-label=\"Young brunette woman cooking pizza or handmade pasta in the kitchen. Housewife preparing dough on wooden table. Dieting, food and health concept.\"><\/div>\n\t\t\t\t<div class=\"elementor-cta__bg-overlay\"><\/div>\n\t\t\t<\/div>\n\t\t\t\t\t\t\t<div class=\"elementor-cta__content\">\n\t\t\t\t\n\t\t\t\t\t\t\t\t\t<h2 class=\"elementor-cta__title elementor-cta__content-item elementor-content-item\">\n\t\t\t\t\t\tP\u00e2tisserie<br>maison\t\t\t\t\t<\/h2>\n\t\t\t\t\n\t\t\t\t\n\t\t\t\t\t\t\t<\/div>\n\t\t\t\t\t\t<\/a>\n\t\t\t\t\t\t<\/div>\n\t\t\t\t<\/div>\n\t\t\t\t\t<\/div>\n\t\t<\/div>\n\t\t\t\t\t<\/div>\n\t\t<\/section>\n\t\t\t\t<\/div>\n\t\t","protected":false},"excerpt":{"rendered":"<p>Nos produits Anim\u00e9 par la mission de fournir une gamme compl\u00e8te de solutions de cuisson adapt\u00e9es aux divers besoins du march\u00e9 \u00e9gyptien, Lesaffre \u00c9gypte s&rsquo;est impos\u00e9 comme un fournisseur de premier plan, r\u00e9pondant aux besoins des boulangeries industrielles, des boulangeries artisanales et des boulangers amateurs. Notre portefeuille est m\u00e9ticuleusement con\u00e7u pour permettre \u00e0 nos clients [&hellip;]<\/p>\n","protected":false},"author":65,"featured_media":0,"parent":0,"menu_order":0,"comment_status":"closed","ping_status":"closed","template":"elementor_header_footer","meta":{"_acf_changed":false,"inline_featured_image":false,"footnotes":""},"class_list":["post-4380","page","type-page","status-publish","hentry"],"acf":[],"yoast_head":"<!-- This site is optimized with the Yoast SEO plugin v27.4 - https:\/\/yoast.com\/product\/yoast-seo-wordpress\/ -->\n<title>Produits - Lesaffre Egypt<\/title>\n<meta name=\"robots\" content=\"index, follow, max-snippet:-1, max-image-preview:large, max-video-preview:-1\" \/>\n<link rel=\"canonical\" href=\"https:\/\/lesaffre.eg\/products\/\" \/>\n<meta property=\"og:locale\" content=\"fr_FR\" \/>\n<meta property=\"og:type\" content=\"article\" \/>\n<meta property=\"og:title\" content=\"Produits - Lesaffre Egypt\" \/>\n<meta property=\"og:description\" content=\"Nos produits Anim\u00e9 par la mission de fournir une gamme compl\u00e8te de solutions de cuisson adapt\u00e9es aux divers besoins du march\u00e9 \u00e9gyptien, Lesaffre \u00c9gypte s&rsquo;est impos\u00e9 comme un fournisseur de premier plan, r\u00e9pondant aux besoins des boulangeries industrielles, des boulangeries artisanales et des boulangers amateurs. Notre portefeuille est m\u00e9ticuleusement con\u00e7u pour permettre \u00e0 nos clients [&hellip;]\" \/>\n<meta property=\"og:url\" content=\"https:\/\/lesaffre.eg\/products\/\" \/>\n<meta property=\"og:site_name\" content=\"Lesaffre Egypt\" \/>\n<meta property=\"article:modified_time\" content=\"2025-06-20T11:49:38+00:00\" \/>\n<meta property=\"og:image\" content=\"https:\/\/lesaffre.eg\/wp-content\/uploads\/sites\/28\/2022\/05\/ligne.png\" \/>\n\t<meta property=\"og:image:width\" content=\"5\" \/>\n\t<meta property=\"og:image:height\" content=\"101\" \/>\n\t<meta property=\"og:image:type\" content=\"image\/png\" \/>\n<meta name=\"twitter:card\" content=\"summary_large_image\" \/>\n<meta name=\"twitter:label1\" content=\"Dur\u00e9e de lecture estim\u00e9e\" \/>\n\t<meta name=\"twitter:data1\" content=\"2 minutes\" \/>\n<script type=\"application\/ld+json\" class=\"yoast-schema-graph\">{\"@context\":\"https:\\\/\\\/schema.org\",\"@graph\":[{\"@type\":\"WebPage\",\"@id\":\"https:\\\/\\\/lesaffre.eg\\\/products\\\/\",\"url\":\"https:\\\/\\\/lesaffre.eg\\\/products\\\/\",\"name\":\"Produits - Lesaffre Egypt\",\"isPartOf\":{\"@id\":\"https:\\\/\\\/lesaffre.eg\\\/#website\"},\"primaryImageOfPage\":{\"@id\":\"https:\\\/\\\/lesaffre.eg\\\/products\\\/#primaryimage\"},\"image\":{\"@id\":\"https:\\\/\\\/lesaffre.eg\\\/products\\\/#primaryimage\"},\"thumbnailUrl\":\"https:\\\/\\\/lesaffre.eg\\\/wp-content\\\/uploads\\\/sites\\\/28\\\/2022\\\/05\\\/ligne.png\",\"datePublished\":\"2024-09-29T12:53:25+00:00\",\"dateModified\":\"2025-06-20T11:49:38+00:00\",\"breadcrumb\":{\"@id\":\"https:\\\/\\\/lesaffre.eg\\\/products\\\/#breadcrumb\"},\"inLanguage\":\"fr-FR\",\"potentialAction\":[{\"@type\":\"ReadAction\",\"target\":[\"https:\\\/\\\/lesaffre.eg\\\/products\\\/\"]}]},{\"@type\":\"ImageObject\",\"inLanguage\":\"fr-FR\",\"@id\":\"https:\\\/\\\/lesaffre.eg\\\/products\\\/#primaryimage\",\"url\":\"https:\\\/\\\/lesaffre.eg\\\/wp-content\\\/uploads\\\/sites\\\/28\\\/2022\\\/05\\\/ligne.png\",\"contentUrl\":\"https:\\\/\\\/lesaffre.eg\\\/wp-content\\\/uploads\\\/sites\\\/28\\\/2022\\\/05\\\/ligne.png\"},{\"@type\":\"BreadcrumbList\",\"@id\":\"https:\\\/\\\/lesaffre.eg\\\/products\\\/#breadcrumb\",\"itemListElement\":[{\"@type\":\"ListItem\",\"position\":1,\"name\":\"Home\",\"item\":\"https:\\\/\\\/lesaffre.eg\\\/ar\\\/\"},{\"@type\":\"ListItem\",\"position\":2,\"name\":\"Produits\"}]},{\"@type\":\"WebSite\",\"@id\":\"https:\\\/\\\/lesaffre.eg\\\/#website\",\"url\":\"https:\\\/\\\/lesaffre.eg\\\/\",\"name\":\"Lesaffre Egypt\",\"description\":\"\",\"potentialAction\":[{\"@type\":\"SearchAction\",\"target\":{\"@type\":\"EntryPoint\",\"urlTemplate\":\"https:\\\/\\\/lesaffre.eg\\\/?s={search_term_string}\"},\"query-input\":{\"@type\":\"PropertyValueSpecification\",\"valueRequired\":true,\"valueName\":\"search_term_string\"}}],\"inLanguage\":\"fr-FR\"}]}<\/script>\n<!-- \/ Yoast SEO plugin. -->","yoast_head_json":{"title":"Produits - Lesaffre Egypt","robots":{"index":"index","follow":"follow","max-snippet":"max-snippet:-1","max-image-preview":"max-image-preview:large","max-video-preview":"max-video-preview:-1"},"canonical":"https:\/\/lesaffre.eg\/products\/","og_locale":"fr_FR","og_type":"article","og_title":"Produits - Lesaffre Egypt","og_description":"Nos produits Anim\u00e9 par la mission de fournir une gamme compl\u00e8te de solutions de cuisson adapt\u00e9es aux divers besoins du march\u00e9 \u00e9gyptien, Lesaffre \u00c9gypte s&rsquo;est impos\u00e9 comme un fournisseur de premier plan, r\u00e9pondant aux besoins des boulangeries industrielles, des boulangeries artisanales et des boulangers amateurs. Notre portefeuille est m\u00e9ticuleusement con\u00e7u pour permettre \u00e0 nos clients [&hellip;]","og_url":"https:\/\/lesaffre.eg\/products\/","og_site_name":"Lesaffre Egypt","article_modified_time":"2025-06-20T11:49:38+00:00","og_image":[{"width":5,"height":101,"url":"https:\/\/lesaffre.eg\/wp-content\/uploads\/sites\/28\/2022\/05\/ligne.png","type":"image\/png"}],"twitter_card":"summary_large_image","twitter_misc":{"Dur\u00e9e de lecture estim\u00e9e":"2 minutes"},"schema":{"@context":"https:\/\/schema.org","@graph":[{"@type":"WebPage","@id":"https:\/\/lesaffre.eg\/products\/","url":"https:\/\/lesaffre.eg\/products\/","name":"Produits - Lesaffre Egypt","isPartOf":{"@id":"https:\/\/lesaffre.eg\/#website"},"primaryImageOfPage":{"@id":"https:\/\/lesaffre.eg\/products\/#primaryimage"},"image":{"@id":"https:\/\/lesaffre.eg\/products\/#primaryimage"},"thumbnailUrl":"https:\/\/lesaffre.eg\/wp-content\/uploads\/sites\/28\/2022\/05\/ligne.png","datePublished":"2024-09-29T12:53:25+00:00","dateModified":"2025-06-20T11:49:38+00:00","breadcrumb":{"@id":"https:\/\/lesaffre.eg\/products\/#breadcrumb"},"inLanguage":"fr-FR","potentialAction":[{"@type":"ReadAction","target":["https:\/\/lesaffre.eg\/products\/"]}]},{"@type":"ImageObject","inLanguage":"fr-FR","@id":"https:\/\/lesaffre.eg\/products\/#primaryimage","url":"https:\/\/lesaffre.eg\/wp-content\/uploads\/sites\/28\/2022\/05\/ligne.png","contentUrl":"https:\/\/lesaffre.eg\/wp-content\/uploads\/sites\/28\/2022\/05\/ligne.png"},{"@type":"BreadcrumbList","@id":"https:\/\/lesaffre.eg\/products\/#breadcrumb","itemListElement":[{"@type":"ListItem","position":1,"name":"Home","item":"https:\/\/lesaffre.eg\/ar\/"},{"@type":"ListItem","position":2,"name":"Produits"}]},{"@type":"WebSite","@id":"https:\/\/lesaffre.eg\/#website","url":"https:\/\/lesaffre.eg\/","name":"Lesaffre Egypt","description":"","potentialAction":[{"@type":"SearchAction","target":{"@type":"EntryPoint","urlTemplate":"https:\/\/lesaffre.eg\/?s={search_term_string}"},"query-input":{"@type":"PropertyValueSpecification","valueRequired":true,"valueName":"search_term_string"}}],"inLanguage":"fr-FR"}]}},"_links":{"self":[{"href":"https:\/\/lesaffre.eg\/fr\/wp-json\/wp\/v2\/pages\/4380","targetHints":{"allow":["GET"]}}],"collection":[{"href":"https:\/\/lesaffre.eg\/fr\/wp-json\/wp\/v2\/pages"}],"about":[{"href":"https:\/\/lesaffre.eg\/fr\/wp-json\/wp\/v2\/types\/page"}],"author":[{"embeddable":true,"href":"https:\/\/lesaffre.eg\/fr\/wp-json\/wp\/v2\/users\/65"}],"replies":[{"embeddable":true,"href":"https:\/\/lesaffre.eg\/fr\/wp-json\/wp\/v2\/comments?post=4380"}],"version-history":[{"count":4,"href":"https:\/\/lesaffre.eg\/fr\/wp-json\/wp\/v2\/pages\/4380\/revisions"}],"predecessor-version":[{"id":4483,"href":"https:\/\/lesaffre.eg\/fr\/wp-json\/wp\/v2\/pages\/4380\/revisions\/4483"}],"wp:attachment":[{"href":"https:\/\/lesaffre.eg\/fr\/wp-json\/wp\/v2\/media?parent=4380"}],"curies":[{"name":"wp","href":"https:\/\/api.w.org\/{rel}","templated":true}]}}