{"id":4412,"date":"2024-12-23T11:13:07","date_gmt":"2024-12-23T09:13:07","guid":{"rendered":"https:\/\/lesaffre.eg\/levure-liquide\/"},"modified":"2025-06-20T12:21:54","modified_gmt":"2025-06-20T10:21:54","slug":"levure-liquide","status":"publish","type":"page","link":"https:\/\/lesaffre.eg\/fr\/levure-liquide\/","title":{"rendered":"Levure liquide"},"content":{"rendered":"\t\t<div data-elementor-type=\"wp-page\" data-elementor-id=\"4412\" class=\"elementor elementor-4412 elementor-3293\" data-elementor-post-type=\"page\">\n\t\t\t\t\t\t<section class=\"has_eae_slider elementor-section elementor-top-section elementor-element elementor-element-d204fd2 elementor-section-full_width elementor-section-height-min-height elementor-section-height-default elementor-section-items-middle\" data-eae-slider=\"84022\" data-id=\"d204fd2\" data-element_type=\"section\" data-e-type=\"section\" data-settings=\"{&quot;background_background&quot;:&quot;classic&quot;}\">\n\t\t\t\t\t\t\t<div class=\"elementor-background-overlay\"><\/div>\n\t\t\t\t\t\t\t<div class=\"elementor-container elementor-column-gap-no\">\n\t\t\t\t\t<div class=\"has_eae_slider elementor-column elementor-col-100 elementor-top-column elementor-element elementor-element-a515e4e\" data-eae-slider=\"73639\" data-id=\"a515e4e\" data-element_type=\"column\" data-e-type=\"column\" data-settings=\"{&quot;background_background&quot;:&quot;classic&quot;}\">\n\t\t\t<div class=\"elementor-widget-wrap elementor-element-populated\">\n\t\t\t\t\t\t<div class=\"elementor-element elementor-element-2124724 elementor-widget elementor-widget-breadcrumbs\" data-id=\"2124724\" data-element_type=\"widget\" data-e-type=\"widget\" data-widget_type=\"breadcrumbs.default\">\n\t\t\t\t<div class=\"elementor-widget-container\">\n\t\t\t\t\t<p id=\"breadcrumbs\"><span><span><a href=\"https:\/\/lesaffre.eg\/ar\/\">Home<\/a><\/span><\/span><\/p>\t\t\t\t<\/div>\n\t\t\t\t<\/div>\n\t\t\t\t<div class=\"elementor-element elementor-element-3ae2041 elementor-widget elementor-widget-heading\" data-id=\"3ae2041\" data-element_type=\"widget\" data-e-type=\"widget\" data-widget_type=\"heading.default\">\n\t\t\t\t<div class=\"elementor-widget-container\">\n\t\t\t\t\t<h1 class=\"elementor-heading-title elementor-size-default\"><span style=\"font-weight: 300\">Levure liquide\n<\/span><\/h1>\t\t\t\t<\/div>\n\t\t\t\t<\/div>\n\t\t\t\t\t<\/div>\n\t\t<\/div>\n\t\t\t\t\t<\/div>\n\t\t<\/section>\n\t\t\t\t<section class=\"has_eae_slider elementor-section elementor-top-section elementor-element elementor-element-c0c39bb elementor-section-height-min-height elementor-section-boxed elementor-section-height-default elementor-section-items-middle\" data-eae-slider=\"78290\" data-id=\"c0c39bb\" data-element_type=\"section\" data-e-type=\"section\" data-settings=\"{&quot;background_background&quot;:&quot;classic&quot;}\">\n\t\t\t\t\t\t<div class=\"elementor-container elementor-column-gap-no\">\n\t\t\t\t\t<div class=\"has_eae_slider elementor-column elementor-col-100 elementor-top-column elementor-element elementor-element-7428654\" data-eae-slider=\"82511\" data-id=\"7428654\" data-element_type=\"column\" data-e-type=\"column\">\n\t\t\t<div class=\"elementor-widget-wrap elementor-element-populated\">\n\t\t\t\t\t\t<div class=\"elementor-element elementor-element-ab4430a elementor-widget elementor-widget-image\" data-id=\"ab4430a\" data-element_type=\"widget\" data-e-type=\"widget\" data-widget_type=\"image.default\">\n\t\t\t\t<div class=\"elementor-widget-container\">\n\t\t\t\t\t\t\t\t\t\t\t\t\t\t\t<img decoding=\"async\" width=\"5\" height=\"101\" src=\"https:\/\/lesaffre.eg\/wp-content\/uploads\/sites\/28\/2022\/05\/ligne.png\" class=\"attachment-full size-full wp-image-4320\" alt=\"\" \/>\t\t\t\t\t\t\t\t\t\t\t\t\t\t\t<\/div>\n\t\t\t\t<\/div>\n\t\t\t\t\t<\/div>\n\t\t<\/div>\n\t\t\t\t\t<\/div>\n\t\t<\/section>\n\t\t\t\t<section class=\"has_eae_slider elementor-section elementor-top-section elementor-element elementor-element-67a782b elementor-section-boxed elementor-section-height-default elementor-section-height-default\" data-eae-slider=\"83798\" data-id=\"67a782b\" data-element_type=\"section\" data-e-type=\"section\">\n\t\t\t\t\t\t<div class=\"elementor-container elementor-column-gap-wider\">\n\t\t\t\t\t<div class=\"has_eae_slider elementor-column elementor-col-50 elementor-top-column elementor-element elementor-element-74cffc3\" data-eae-slider=\"37193\" data-id=\"74cffc3\" data-element_type=\"column\" data-e-type=\"column\">\n\t\t\t<div class=\"elementor-widget-wrap elementor-element-populated\">\n\t\t\t\t\t\t<div class=\"elementor-element elementor-element-647f975 elementor-widget elementor-widget-heading\" data-id=\"647f975\" data-element_type=\"widget\" data-e-type=\"widget\" data-widget_type=\"heading.default\">\n\t\t\t\t<div class=\"elementor-widget-container\">\n\t\t\t\t\t<h2 class=\"elementor-heading-title elementor-size-default\">Levure liquide<\/h2>\t\t\t\t<\/div>\n\t\t\t\t<\/div>\n\t\t\t\t<div class=\"elementor-element elementor-element-3e43c6c elementor-widget elementor-widget-text-editor\" data-id=\"3e43c6c\" data-element_type=\"widget\" data-e-type=\"widget\" data-widget_type=\"text-editor.default\">\n\t\t\t\t<div class=\"elementor-widget-container\">\n\t\t\t\t\t\t\t\t\t<p class=\"p1\">Forte de 170 ans d&rsquo;exp\u00e9rience dans la fermentation, Lesaffre a d\u00e9velopp\u00e9 un concept global de levure liquide reconnu pour ses performances \u00e9lev\u00e9es, son efficacit\u00e9 et son hygi\u00e8ne.<\/p>\n\t\t\t\t\t\t\t\t<\/div>\n\t\t\t\t<\/div>\n\t\t\t\t\t<\/div>\n\t\t<\/div>\n\t\t\t\t<div class=\"has_eae_slider elementor-column elementor-col-50 elementor-top-column elementor-element elementor-element-f69e01e\" data-eae-slider=\"87097\" data-id=\"f69e01e\" data-element_type=\"column\" data-e-type=\"column\">\n\t\t\t<div class=\"elementor-widget-wrap elementor-element-populated\">\n\t\t\t\t\t\t<div class=\"elementor-element elementor-element-11a8901 premium-woo-product-align-center premium-qv-hidden-yes elementor-widget elementor-widget-premium-woo-products\" data-id=\"11a8901\" data-element_type=\"widget\" data-e-type=\"widget\" data-widget_type=\"premium-woo-products.grid-11\">\n\t\t\t\t<div class=\"elementor-widget-container\">\n\t\t\t\t\t<div class=\"premium-woocommerce premium-woo-products-grid premium-woo-skin-grid-11 premium-woo-query-custom\" data-page-id=\"4412\" data-skin=\"grid_11\" data-quick-view=\"\"><div class=\"premium-woo-products-inner premium-woo-product__hover-swap\"><ul class=\"products columns-2\">\n\n<li class=\" post-4414 product first instock shipping-taxable product-type-simple\">\n\n\t<div class=\"premium-woo-product-wrapper premium-con-lq__none\">\n\t\t<div class=\"premium-woo-product-thumbnail\"><div class=\"premium-woo-product-thumbnail-wrapper\"><a href=\"https:\/\/lesaffre.eg\/fr\/produit\/il-forno-liquid-yeast\/\" class=\"woocommerce-LoopProduct-link woocommerce-loop-product__link\"><img decoding=\"async\" src=\"https:\/\/lesaffre.eg\/wp-content\/uploads\/sites\/28\/2024\/12\/liq.jpg\" alt=\"\"><\/a><\/div><\/div><div class=\"premium-woo-products-details-wrap\"><a href=\"https:\/\/lesaffre.eg\/fr\/produit\/il-forno-liquid-yeast\/\" class=\"premium-woo-product__link\"><h2 class=\"woocommerce-loop-product__title\">IL Forno Liquid Yeast<\/h2><\/a>\t\t\t<span class=\"premium-woo-product-category\">\n\t\t\t\tLEVURE FRA\u00ceCHE\t\t\t<\/span>\n\t\t\t<div class=\"premium-woo-product-info\">\n<div class=\"premium-woo-product-gallery-images\"><\/div><\/div><div class=\"premium-woo-product-buttons\"><\/div><\/div>\t<\/div>\n<\/li>\n<\/ul>\n<\/div><\/div>\t\t\t\t<\/div>\n\t\t\t\t<\/div>\n\t\t\t\t\t<\/div>\n\t\t<\/div>\n\t\t\t\t\t<\/div>\n\t\t<\/section>\n\t\t\t\t<\/div>\n\t\t","protected":false},"excerpt":{"rendered":"<p>Levure liquide Levure liquide Forte de 170 ans d&rsquo;exp\u00e9rience dans la fermentation, Lesaffre a d\u00e9velopp\u00e9 un concept global de levure liquide reconnu pour ses performances \u00e9lev\u00e9es, son efficacit\u00e9 et son hygi\u00e8ne. IL Forno Liquid Yeast Fresh Yeast<\/p>\n","protected":false},"author":65,"featured_media":0,"parent":0,"menu_order":0,"comment_status":"closed","ping_status":"closed","template":"elementor_header_footer","meta":{"_acf_changed":false,"inline_featured_image":false,"footnotes":""},"class_list":["post-4412","page","type-page","status-publish","hentry"],"acf":[],"yoast_head":"<!-- This site is optimized with the Yoast SEO plugin v27.4 - https:\/\/yoast.com\/product\/yoast-seo-wordpress\/ -->\n<title>Levure liquide - Lesaffre Egypt<\/title>\n<meta name=\"robots\" content=\"index, follow, max-snippet:-1, max-image-preview:large, max-video-preview:-1\" \/>\n<link rel=\"canonical\" href=\"https:\/\/lesaffre.eg\/fr\/levure-liquide\/\" \/>\n<meta property=\"og:locale\" content=\"fr_FR\" \/>\n<meta property=\"og:type\" content=\"article\" \/>\n<meta property=\"og:title\" content=\"Levure liquide - Lesaffre Egypt\" \/>\n<meta property=\"og:description\" content=\"Levure liquide Levure liquide Forte de 170 ans d&rsquo;exp\u00e9rience dans la fermentation, Lesaffre a d\u00e9velopp\u00e9 un concept global de levure liquide reconnu pour ses performances \u00e9lev\u00e9es, son efficacit\u00e9 et son hygi\u00e8ne. IL Forno Liquid Yeast Fresh Yeast\" \/>\n<meta property=\"og:url\" content=\"https:\/\/lesaffre.eg\/fr\/levure-liquide\/\" \/>\n<meta property=\"og:site_name\" content=\"Lesaffre Egypt\" \/>\n<meta property=\"article:modified_time\" content=\"2025-06-20T10:21:54+00:00\" \/>\n<meta property=\"og:image\" content=\"https:\/\/lesaffre.eg\/wp-content\/uploads\/sites\/28\/2022\/05\/ligne.png\" \/>\n\t<meta property=\"og:image:width\" content=\"5\" \/>\n\t<meta property=\"og:image:height\" content=\"101\" \/>\n\t<meta property=\"og:image:type\" content=\"image\/png\" \/>\n<meta name=\"twitter:card\" content=\"summary_large_image\" \/>\n<script type=\"application\/ld+json\" class=\"yoast-schema-graph\">{\"@context\":\"https:\\\/\\\/schema.org\",\"@graph\":[{\"@type\":\"WebPage\",\"@id\":\"https:\\\/\\\/lesaffre.eg\\\/fr\\\/levure-liquide\\\/\",\"url\":\"https:\\\/\\\/lesaffre.eg\\\/fr\\\/levure-liquide\\\/\",\"name\":\"Levure liquide - Lesaffre Egypt\",\"isPartOf\":{\"@id\":\"https:\\\/\\\/lesaffre.eg\\\/#website\"},\"primaryImageOfPage\":{\"@id\":\"https:\\\/\\\/lesaffre.eg\\\/fr\\\/levure-liquide\\\/#primaryimage\"},\"image\":{\"@id\":\"https:\\\/\\\/lesaffre.eg\\\/fr\\\/levure-liquide\\\/#primaryimage\"},\"thumbnailUrl\":\"https:\\\/\\\/lesaffre.eg\\\/wp-content\\\/uploads\\\/sites\\\/28\\\/2022\\\/05\\\/ligne.png\",\"datePublished\":\"2024-12-23T09:13:07+00:00\",\"dateModified\":\"2025-06-20T10:21:54+00:00\",\"breadcrumb\":{\"@id\":\"https:\\\/\\\/lesaffre.eg\\\/fr\\\/levure-liquide\\\/#breadcrumb\"},\"inLanguage\":\"fr-FR\",\"potentialAction\":[{\"@type\":\"ReadAction\",\"target\":[\"https:\\\/\\\/lesaffre.eg\\\/fr\\\/levure-liquide\\\/\"]}]},{\"@type\":\"ImageObject\",\"inLanguage\":\"fr-FR\",\"@id\":\"https:\\\/\\\/lesaffre.eg\\\/fr\\\/levure-liquide\\\/#primaryimage\",\"url\":\"https:\\\/\\\/lesaffre.eg\\\/wp-content\\\/uploads\\\/sites\\\/28\\\/2022\\\/05\\\/ligne.png\",\"contentUrl\":\"https:\\\/\\\/lesaffre.eg\\\/wp-content\\\/uploads\\\/sites\\\/28\\\/2022\\\/05\\\/ligne.png\"},{\"@type\":\"BreadcrumbList\",\"@id\":\"https:\\\/\\\/lesaffre.eg\\\/fr\\\/levure-liquide\\\/#breadcrumb\",\"itemListElement\":[{\"@type\":\"ListItem\",\"position\":1,\"name\":\"Home\",\"item\":\"https:\\\/\\\/lesaffre.eg\\\/ar\\\/\"},{\"@type\":\"ListItem\",\"position\":2,\"name\":\"Levure liquide\"}]},{\"@type\":\"WebSite\",\"@id\":\"https:\\\/\\\/lesaffre.eg\\\/#website\",\"url\":\"https:\\\/\\\/lesaffre.eg\\\/\",\"name\":\"Lesaffre Egypt\",\"description\":\"\",\"potentialAction\":[{\"@type\":\"SearchAction\",\"target\":{\"@type\":\"EntryPoint\",\"urlTemplate\":\"https:\\\/\\\/lesaffre.eg\\\/?s={search_term_string}\"},\"query-input\":{\"@type\":\"PropertyValueSpecification\",\"valueRequired\":true,\"valueName\":\"search_term_string\"}}],\"inLanguage\":\"fr-FR\"}]}<\/script>\n<!-- \/ Yoast SEO plugin. -->","yoast_head_json":{"title":"Levure liquide - Lesaffre Egypt","robots":{"index":"index","follow":"follow","max-snippet":"max-snippet:-1","max-image-preview":"max-image-preview:large","max-video-preview":"max-video-preview:-1"},"canonical":"https:\/\/lesaffre.eg\/fr\/levure-liquide\/","og_locale":"fr_FR","og_type":"article","og_title":"Levure liquide - Lesaffre Egypt","og_description":"Levure liquide Levure liquide Forte de 170 ans d&rsquo;exp\u00e9rience dans la fermentation, Lesaffre a d\u00e9velopp\u00e9 un concept global de levure liquide reconnu pour ses performances \u00e9lev\u00e9es, son efficacit\u00e9 et son hygi\u00e8ne. IL Forno Liquid Yeast Fresh Yeast","og_url":"https:\/\/lesaffre.eg\/fr\/levure-liquide\/","og_site_name":"Lesaffre Egypt","article_modified_time":"2025-06-20T10:21:54+00:00","og_image":[{"width":5,"height":101,"url":"https:\/\/lesaffre.eg\/wp-content\/uploads\/sites\/28\/2022\/05\/ligne.png","type":"image\/png"}],"twitter_card":"summary_large_image","schema":{"@context":"https:\/\/schema.org","@graph":[{"@type":"WebPage","@id":"https:\/\/lesaffre.eg\/fr\/levure-liquide\/","url":"https:\/\/lesaffre.eg\/fr\/levure-liquide\/","name":"Levure liquide - Lesaffre Egypt","isPartOf":{"@id":"https:\/\/lesaffre.eg\/#website"},"primaryImageOfPage":{"@id":"https:\/\/lesaffre.eg\/fr\/levure-liquide\/#primaryimage"},"image":{"@id":"https:\/\/lesaffre.eg\/fr\/levure-liquide\/#primaryimage"},"thumbnailUrl":"https:\/\/lesaffre.eg\/wp-content\/uploads\/sites\/28\/2022\/05\/ligne.png","datePublished":"2024-12-23T09:13:07+00:00","dateModified":"2025-06-20T10:21:54+00:00","breadcrumb":{"@id":"https:\/\/lesaffre.eg\/fr\/levure-liquide\/#breadcrumb"},"inLanguage":"fr-FR","potentialAction":[{"@type":"ReadAction","target":["https:\/\/lesaffre.eg\/fr\/levure-liquide\/"]}]},{"@type":"ImageObject","inLanguage":"fr-FR","@id":"https:\/\/lesaffre.eg\/fr\/levure-liquide\/#primaryimage","url":"https:\/\/lesaffre.eg\/wp-content\/uploads\/sites\/28\/2022\/05\/ligne.png","contentUrl":"https:\/\/lesaffre.eg\/wp-content\/uploads\/sites\/28\/2022\/05\/ligne.png"},{"@type":"BreadcrumbList","@id":"https:\/\/lesaffre.eg\/fr\/levure-liquide\/#breadcrumb","itemListElement":[{"@type":"ListItem","position":1,"name":"Home","item":"https:\/\/lesaffre.eg\/ar\/"},{"@type":"ListItem","position":2,"name":"Levure liquide"}]},{"@type":"WebSite","@id":"https:\/\/lesaffre.eg\/#website","url":"https:\/\/lesaffre.eg\/","name":"Lesaffre Egypt","description":"","potentialAction":[{"@type":"SearchAction","target":{"@type":"EntryPoint","urlTemplate":"https:\/\/lesaffre.eg\/?s={search_term_string}"},"query-input":{"@type":"PropertyValueSpecification","valueRequired":true,"valueName":"search_term_string"}}],"inLanguage":"fr-FR"}]}},"_links":{"self":[{"href":"https:\/\/lesaffre.eg\/fr\/wp-json\/wp\/v2\/pages\/4412","targetHints":{"allow":["GET"]}}],"collection":[{"href":"https:\/\/lesaffre.eg\/fr\/wp-json\/wp\/v2\/pages"}],"about":[{"href":"https:\/\/lesaffre.eg\/fr\/wp-json\/wp\/v2\/types\/page"}],"author":[{"embeddable":true,"href":"https:\/\/lesaffre.eg\/fr\/wp-json\/wp\/v2\/users\/65"}],"replies":[{"embeddable":true,"href":"https:\/\/lesaffre.eg\/fr\/wp-json\/wp\/v2\/comments?post=4412"}],"version-history":[{"count":1,"href":"https:\/\/lesaffre.eg\/fr\/wp-json\/wp\/v2\/pages\/4412\/revisions"}],"predecessor-version":[{"id":4413,"href":"https:\/\/lesaffre.eg\/fr\/wp-json\/wp\/v2\/pages\/4412\/revisions\/4413"}],"wp:attachment":[{"href":"https:\/\/lesaffre.eg\/fr\/wp-json\/wp\/v2\/media?parent=4412"}],"curies":[{"name":"wp","href":"https:\/\/api.w.org\/{rel}","templated":true}]}}