{"id":4474,"date":"2024-12-23T12:59:05","date_gmt":"2024-12-23T10:59:05","guid":{"rendered":"https:\/\/lesaffre.eg\/ingredients\/"},"modified":"2025-06-20T13:44:38","modified_gmt":"2025-06-20T11:44:38","slug":"ingredients","status":"publish","type":"page","link":"https:\/\/lesaffre.eg\/fr\/ingredients\/","title":{"rendered":"Ingr\u00e9dients"},"content":{"rendered":"\t\t<div data-elementor-type=\"wp-page\" data-elementor-id=\"4474\" class=\"elementor elementor-4474 elementor-3435\" data-elementor-post-type=\"page\">\n\t\t\t\t\t\t<section class=\"has_eae_slider elementor-section elementor-top-section elementor-element elementor-element-d204fd2 elementor-section-full_width elementor-section-height-min-height elementor-section-height-default elementor-section-items-middle\" data-eae-slider=\"57238\" data-id=\"d204fd2\" data-element_type=\"section\" data-e-type=\"section\" data-settings=\"{&quot;background_background&quot;:&quot;classic&quot;}\">\n\t\t\t\t\t\t\t<div class=\"elementor-background-overlay\"><\/div>\n\t\t\t\t\t\t\t<div class=\"elementor-container elementor-column-gap-no\">\n\t\t\t\t\t<div class=\"has_eae_slider elementor-column elementor-col-100 elementor-top-column elementor-element elementor-element-a515e4e\" data-eae-slider=\"16113\" data-id=\"a515e4e\" data-element_type=\"column\" data-e-type=\"column\" data-settings=\"{&quot;background_background&quot;:&quot;classic&quot;}\">\n\t\t\t<div class=\"elementor-widget-wrap elementor-element-populated\">\n\t\t\t\t\t\t<div class=\"elementor-element elementor-element-2124724 elementor-widget elementor-widget-breadcrumbs\" data-id=\"2124724\" data-element_type=\"widget\" data-e-type=\"widget\" data-widget_type=\"breadcrumbs.default\">\n\t\t\t\t<div class=\"elementor-widget-container\">\n\t\t\t\t\t<p id=\"breadcrumbs\"><span><span><a href=\"https:\/\/lesaffre.eg\/ar\/\">Home<\/a><\/span><\/span><\/p>\t\t\t\t<\/div>\n\t\t\t\t<\/div>\n\t\t\t\t<div class=\"elementor-element elementor-element-3ae2041 elementor-widget elementor-widget-heading\" data-id=\"3ae2041\" data-element_type=\"widget\" data-e-type=\"widget\" data-widget_type=\"heading.default\">\n\t\t\t\t<div class=\"elementor-widget-container\">\n\t\t\t\t\t<h1 class=\"elementor-heading-title elementor-size-default\"><span style=\"font-weight: 300\">Ingr\u00e9dients de Boulangerie\n<\/span><\/h1>\t\t\t\t<\/div>\n\t\t\t\t<\/div>\n\t\t\t\t\t<\/div>\n\t\t<\/div>\n\t\t\t\t\t<\/div>\n\t\t<\/section>\n\t\t\t\t<section class=\"has_eae_slider elementor-section elementor-top-section elementor-element elementor-element-c0c39bb elementor-section-height-min-height elementor-section-boxed elementor-section-height-default elementor-section-items-middle\" data-eae-slider=\"8759\" data-id=\"c0c39bb\" data-element_type=\"section\" data-e-type=\"section\" data-settings=\"{&quot;background_background&quot;:&quot;classic&quot;}\">\n\t\t\t\t\t\t<div class=\"elementor-container elementor-column-gap-no\">\n\t\t\t\t\t<div class=\"has_eae_slider elementor-column elementor-col-100 elementor-top-column elementor-element elementor-element-7428654\" data-eae-slider=\"70100\" data-id=\"7428654\" data-element_type=\"column\" data-e-type=\"column\">\n\t\t\t<div class=\"elementor-widget-wrap elementor-element-populated\">\n\t\t\t\t\t\t<div class=\"elementor-element elementor-element-ab4430a elementor-widget elementor-widget-image\" data-id=\"ab4430a\" data-element_type=\"widget\" data-e-type=\"widget\" data-widget_type=\"image.default\">\n\t\t\t\t<div class=\"elementor-widget-container\">\n\t\t\t\t\t\t\t\t\t\t\t\t\t\t\t<img decoding=\"async\" width=\"5\" height=\"101\" src=\"https:\/\/lesaffre.eg\/wp-content\/uploads\/sites\/28\/2022\/05\/ligne.png\" class=\"attachment-full size-full wp-image-4320\" alt=\"\" \/>\t\t\t\t\t\t\t\t\t\t\t\t\t\t\t<\/div>\n\t\t\t\t<\/div>\n\t\t\t\t\t<\/div>\n\t\t<\/div>\n\t\t\t\t\t<\/div>\n\t\t<\/section>\n\t\t\t\t<section class=\"has_eae_slider elementor-section elementor-top-section elementor-element elementor-element-35d7123 elementor-section-boxed elementor-section-height-default elementor-section-height-default\" data-eae-slider=\"31932\" data-id=\"35d7123\" data-element_type=\"section\" data-e-type=\"section\">\n\t\t\t\t\t\t<div class=\"elementor-container elementor-column-gap-default\">\n\t\t\t\t\t<div class=\"has_eae_slider elementor-column elementor-col-100 elementor-top-column elementor-element elementor-element-23dc7fb\" data-eae-slider=\"48530\" data-id=\"23dc7fb\" data-element_type=\"column\" data-e-type=\"column\">\n\t\t\t<div class=\"elementor-widget-wrap elementor-element-populated\">\n\t\t\t\t\t\t<div class=\"elementor-element elementor-element-a4f6495 elementor-widget elementor-widget-image\" data-id=\"a4f6495\" data-element_type=\"widget\" data-e-type=\"widget\" data-widget_type=\"image.default\">\n\t\t\t\t<div class=\"elementor-widget-container\">\n\t\t\t\t\t\t\t\t\t\t\t\t\t\t\t<img decoding=\"async\" width=\"212\" height=\"113\" src=\"https:\/\/lesaffre.eg\/wp-content\/uploads\/sites\/28\/2024\/11\/logo_magimix-1.png\" class=\"attachment-large size-large wp-image-3091\" alt=\"\" \/>\t\t\t\t\t\t\t\t\t\t\t\t\t\t\t<\/div>\n\t\t\t\t<\/div>\n\t\t\t\t<div class=\"elementor-element elementor-element-647f975 elementor-widget elementor-widget-heading\" data-id=\"647f975\" data-element_type=\"widget\" data-e-type=\"widget\" data-widget_type=\"heading.default\">\n\t\t\t\t<div class=\"elementor-widget-container\">\n\t\t\t\t\t<h2 class=\"elementor-heading-title elementor-size-default\">\"Une Gamme Compl\u00e8te d'Am\u00e9liorants de Panification\"<\/h2>\t\t\t\t<\/div>\n\t\t\t\t<\/div>\n\t\t\t\t<div class=\"elementor-element elementor-element-3e43c6c elementor-widget elementor-widget-text-editor\" data-id=\"3e43c6c\" data-element_type=\"widget\" data-e-type=\"widget\" data-widget_type=\"text-editor.default\">\n\t\t\t\t<div class=\"elementor-widget-container\">\n\t\t\t\t\t\t\t\t\t<p class=\"p1\">MAGIMIX est le partenaire quotidien de confiance qui vous assure la production de produits s\u00fbrs et sains, vous garantissant<span class=\"Apple-converted-space\"> <\/span>une tranquillit\u00e9 d&rsquo;esprit dans votre activit\u00e9.<br \/>Nous offrons une large<span class=\"Apple-converted-space\"> <\/span>gamme d&rsquo;am\u00e9liorants de panification \u00e0 base d&rsquo;additifs, d&rsquo;auxiliaires technologiques ou d&rsquo;ingr\u00e9dients naturels. Cette gamme garantit des r\u00e9sultats et des solutions authentiques, adapt\u00e9s \u00e0 chaque type de farine et \u00e0 chaque proc\u00e9d\u00e9 de cuisson. Elle r\u00e9pond \u00e0 toutes les exigences des boulangers et \u00e0 leurs besoins en termes de familles de pains, de proc\u00e9d\u00e9s de fabrication, d&rsquo;\u00e9quipements, etc.<\/p>\n\t\t\t\t\t\t\t\t<\/div>\n\t\t\t\t<\/div>\n\t\t\t\t<div class=\"elementor-element elementor-element-11a8901 premium-woo-product-align-center premium-qv-hidden-yes elementor-widget elementor-widget-premium-woo-products\" data-id=\"11a8901\" data-element_type=\"widget\" data-e-type=\"widget\" data-widget_type=\"premium-woo-products.grid-11\">\n\t\t\t\t<div class=\"elementor-widget-container\">\n\t\t\t\t\t<div class=\"premium-woocommerce premium-woo-products-grid premium-woo-skin-grid-11 premium-woo-query-custom\" data-page-id=\"4474\" data-skin=\"grid_11\" data-quick-view=\"\"><div class=\"premium-woo-products-inner premium-woo-product__hover-swap\"><ul class=\"products columns-3\">\n\n<li class=\" post-4443 product first instock shipping-taxable product-type-simple\">\n\n\t<div class=\"premium-woo-product-wrapper premium-con-lq__none\">\n\t\t<div class=\"premium-woo-product-thumbnail\"><div class=\"premium-woo-product-thumbnail-wrapper\"><a href=\"https:\/\/lesaffre.eg\/fr\/produit\/magimix-fino\/\" class=\"woocommerce-LoopProduct-link woocommerce-loop-product__link\"><img decoding=\"async\" src=\"https:\/\/lesaffre.eg\/wp-content\/uploads\/sites\/28\/2024\/11\/fino.jpg\" alt=\"\"><\/a><\/div><\/div><div class=\"premium-woo-products-details-wrap\"><a href=\"https:\/\/lesaffre.eg\/fr\/produit\/magimix-fino\/\" class=\"premium-woo-product__link\"><h2 class=\"woocommerce-loop-product__title\">MAGIMIX\u00ae FINO<\/h2><\/a>\t\t\t<span class=\"premium-woo-product-category\">\n\t\t\t\tIngr\u00e9dients de Boulangerie\t\t\t<\/span>\n\t\t\t<div class=\"premium-woo-product-info\">\n<div class=\"premium-woo-product-gallery-images\"><\/div><\/div><div class=\"premium-woo-product-buttons\"><\/div><\/div>\t<\/div>\n<\/li>\n\n<li class=\" post-4446 product  instock shipping-taxable product-type-simple\">\n\n\t<div class=\"premium-woo-product-wrapper premium-con-lq__none\">\n\t\t<div class=\"premium-woo-product-thumbnail\"><div class=\"premium-woo-product-thumbnail-wrapper\"><a href=\"https:\/\/lesaffre.eg\/fr\/produit\/magimix-frozen-dough\/\" class=\"woocommerce-LoopProduct-link woocommerce-loop-product__link\"><img decoding=\"async\" src=\"https:\/\/lesaffre.eg\/wp-content\/uploads\/sites\/28\/2024\/11\/screenshot-2024-12-23-at-1.19.15-pm.png\" alt=\"\"><\/a><\/div><\/div><div class=\"premium-woo-products-details-wrap\"><a href=\"https:\/\/lesaffre.eg\/fr\/produit\/magimix-frozen-dough\/\" class=\"premium-woo-product__link\"><h2 class=\"woocommerce-loop-product__title\">MAGIMIX\u00ae FROZEN DOUGH<\/h2><\/a>\t\t\t<span class=\"premium-woo-product-category\">\n\t\t\t\tIngr\u00e9dients de Boulangerie\t\t\t<\/span>\n\t\t\t<div class=\"premium-woo-product-info\">\n<div class=\"premium-woo-product-gallery-images\"><\/div><\/div><div class=\"premium-woo-product-buttons\"><\/div><\/div>\t<\/div>\n<\/li>\n\n<li class=\" post-4448 product last instock shipping-taxable product-type-simple\">\n\n\t<div class=\"premium-woo-product-wrapper premium-con-lq__none\">\n\t\t<div class=\"premium-woo-product-thumbnail\"><div class=\"premium-woo-product-thumbnail-wrapper\"><a href=\"https:\/\/lesaffre.eg\/fr\/produit\/magimix-master-buns\/\" class=\"woocommerce-LoopProduct-link woocommerce-loop-product__link\"><img decoding=\"async\" src=\"https:\/\/lesaffre.eg\/wp-content\/uploads\/sites\/28\/2024\/11\/screenshot-2024-12-23-at-1.19.40-pm.png\" alt=\"\"><\/a><\/div><\/div><div class=\"premium-woo-products-details-wrap\"><a href=\"https:\/\/lesaffre.eg\/fr\/produit\/magimix-master-buns\/\" class=\"premium-woo-product__link\"><h2 class=\"woocommerce-loop-product__title\">MAGIMIX\u00ae MASTER BUNS<\/h2><\/a>\t\t\t<span class=\"premium-woo-product-category\">\n\t\t\t\tIngr\u00e9dients de Boulangerie\t\t\t<\/span>\n\t\t\t<div class=\"premium-woo-product-info\">\n<div class=\"premium-woo-product-gallery-images\"><\/div><\/div><div class=\"premium-woo-product-buttons\"><\/div><\/div>\t<\/div>\n<\/li>\n\n<li class=\" post-4450 product first instock shipping-taxable product-type-simple\">\n\n\t<div class=\"premium-woo-product-wrapper premium-con-lq__none\">\n\t\t<div class=\"premium-woo-product-thumbnail\"><div class=\"premium-woo-product-thumbnail-wrapper\"><a href=\"https:\/\/lesaffre.eg\/fr\/produit\/magimix-sponge-conditioner\/\" class=\"woocommerce-LoopProduct-link woocommerce-loop-product__link\"><img decoding=\"async\" src=\"https:\/\/lesaffre.eg\/wp-content\/uploads\/sites\/28\/2024\/11\/screenshot-2024-12-23-at-1.20.02-pm.png\" alt=\"\"><\/a><\/div><\/div><div class=\"premium-woo-products-details-wrap\"><a href=\"https:\/\/lesaffre.eg\/fr\/produit\/magimix-sponge-conditioner\/\" class=\"premium-woo-product__link\"><h2 class=\"woocommerce-loop-product__title\">MAGIMIX\u00ae SPONGE CONDITIONER<\/h2><\/a>\t\t\t<span class=\"premium-woo-product-category\">\n\t\t\t\tIngr\u00e9dients de Boulangerie\t\t\t<\/span>\n\t\t\t<div class=\"premium-woo-product-info\">\n<div class=\"premium-woo-product-gallery-images\"><\/div><\/div><div class=\"premium-woo-product-buttons\"><\/div><\/div>\t<\/div>\n<\/li>\n\n<li class=\" post-4452 product  instock shipping-taxable product-type-simple\">\n\n\t<div class=\"premium-woo-product-wrapper premium-con-lq__none\">\n\t\t<div class=\"premium-woo-product-thumbnail\"><div class=\"premium-woo-product-thumbnail-wrapper\"><a href=\"https:\/\/lesaffre.eg\/fr\/produit\/magimix-softn-fresh\/\" class=\"woocommerce-LoopProduct-link woocommerce-loop-product__link\"><img decoding=\"async\" src=\"https:\/\/lesaffre.eg\/wp-content\/uploads\/sites\/28\/2024\/11\/screenshot-2024-12-23-at-1.20.16-pm.png\" alt=\"\"><\/a><\/div><\/div><div class=\"premium-woo-products-details-wrap\"><a href=\"https:\/\/lesaffre.eg\/fr\/produit\/magimix-softn-fresh\/\" class=\"premium-woo-product__link\"><h2 class=\"woocommerce-loop-product__title\">MAGIMIX\u00ae SOFT&rsquo;N FRESH<\/h2><\/a>\t\t\t<span class=\"premium-woo-product-category\">\n\t\t\t\tIngr\u00e9dients de Boulangerie\t\t\t<\/span>\n\t\t\t<div class=\"premium-woo-product-info\">\n<div class=\"premium-woo-product-gallery-images\"><\/div><\/div><div class=\"premium-woo-product-buttons\"><\/div><\/div>\t<\/div>\n<\/li>\n\n<li class=\" post-4454 product last instock shipping-taxable product-type-simple\">\n\n\t<div class=\"premium-woo-product-wrapper premium-con-lq__none\">\n\t\t<div class=\"premium-woo-product-thumbnail\"><div class=\"premium-woo-product-thumbnail-wrapper\"><a href=\"https:\/\/lesaffre.eg\/fr\/produit\/magimix-supreme-softness\/\" class=\"woocommerce-LoopProduct-link woocommerce-loop-product__link\"><img decoding=\"async\" src=\"https:\/\/lesaffre.eg\/wp-content\/uploads\/sites\/28\/2024\/11\/screenshot-2024-12-23-at-1.20.41-pm.png\" alt=\"\"><\/a><\/div><\/div><div class=\"premium-woo-products-details-wrap\"><a href=\"https:\/\/lesaffre.eg\/fr\/produit\/magimix-supreme-softness\/\" class=\"premium-woo-product__link\"><h2 class=\"woocommerce-loop-product__title\">MAGIMIX\u00ae SUPREME SOFTNESS<\/h2><\/a>\t\t\t<span class=\"premium-woo-product-category\">\n\t\t\t\tIngr\u00e9dients de Boulangerie\t\t\t<\/span>\n\t\t\t<div class=\"premium-woo-product-info\">\n<div class=\"premium-woo-product-gallery-images\"><\/div><\/div><div class=\"premium-woo-product-buttons\"><\/div><\/div>\t<\/div>\n<\/li>\n<\/ul>\n<\/div><\/div>\t\t\t\t<\/div>\n\t\t\t\t<\/div>\n\t\t\t\t\t<\/div>\n\t\t<\/div>\n\t\t\t\t\t<\/div>\n\t\t<\/section>\n\t\t\t\t<\/div>\n\t\t","protected":false},"excerpt":{"rendered":"<p>Ingr\u00e9dients de Boulangerie \u00ab\u00a0Une Gamme Compl\u00e8te d&rsquo;Am\u00e9liorants de Panification\u00a0\u00bb MAGIMIX est le partenaire quotidien de confiance qui vous assure la production de produits s\u00fbrs et sains, vous garantissant une tranquillit\u00e9 d&rsquo;esprit dans votre activit\u00e9.Nous offrons une large gamme d&rsquo;am\u00e9liorants de panification \u00e0 base d&rsquo;additifs, d&rsquo;auxiliaires technologiques ou d&rsquo;ingr\u00e9dients naturels. Cette gamme garantit des r\u00e9sultats et [&hellip;]<\/p>\n","protected":false},"author":65,"featured_media":0,"parent":0,"menu_order":0,"comment_status":"closed","ping_status":"closed","template":"elementor_header_footer","meta":{"_acf_changed":false,"inline_featured_image":false,"footnotes":""},"class_list":["post-4474","page","type-page","status-publish","hentry"],"acf":[],"yoast_head":"<!-- This site is optimized with the Yoast SEO plugin v27.4 - https:\/\/yoast.com\/product\/yoast-seo-wordpress\/ -->\n<title>Ingr\u00e9dients - Lesaffre Egypt<\/title>\n<meta name=\"robots\" content=\"index, follow, max-snippet:-1, max-image-preview:large, max-video-preview:-1\" \/>\n<link rel=\"canonical\" href=\"https:\/\/lesaffre.eg\/fr\/ingredients\/\" \/>\n<meta property=\"og:locale\" content=\"fr_FR\" \/>\n<meta property=\"og:type\" content=\"article\" \/>\n<meta property=\"og:title\" content=\"Ingr\u00e9dients - Lesaffre Egypt\" \/>\n<meta property=\"og:description\" content=\"Ingr\u00e9dients de Boulangerie \u00ab\u00a0Une Gamme Compl\u00e8te d&rsquo;Am\u00e9liorants de Panification\u00a0\u00bb MAGIMIX est le partenaire quotidien de confiance qui vous assure la production de produits s\u00fbrs et sains, vous garantissant une tranquillit\u00e9 d&rsquo;esprit dans votre activit\u00e9.Nous offrons une large gamme d&rsquo;am\u00e9liorants de panification \u00e0 base d&rsquo;additifs, d&rsquo;auxiliaires technologiques ou d&rsquo;ingr\u00e9dients naturels. Cette gamme garantit des r\u00e9sultats et [&hellip;]\" \/>\n<meta property=\"og:url\" content=\"https:\/\/lesaffre.eg\/fr\/ingredients\/\" \/>\n<meta property=\"og:site_name\" content=\"Lesaffre Egypt\" \/>\n<meta property=\"article:modified_time\" content=\"2025-06-20T11:44:38+00:00\" \/>\n<meta property=\"og:image\" content=\"https:\/\/lesaffre.eg\/wp-content\/uploads\/sites\/28\/2022\/05\/ligne.png\" \/>\n\t<meta property=\"og:image:width\" content=\"5\" \/>\n\t<meta property=\"og:image:height\" content=\"101\" \/>\n\t<meta property=\"og:image:type\" content=\"image\/png\" \/>\n<meta name=\"twitter:card\" content=\"summary_large_image\" \/>\n<meta name=\"twitter:label1\" content=\"Dur\u00e9e de lecture estim\u00e9e\" \/>\n\t<meta name=\"twitter:data1\" content=\"1 minute\" \/>\n<script type=\"application\/ld+json\" class=\"yoast-schema-graph\">{\"@context\":\"https:\\\/\\\/schema.org\",\"@graph\":[{\"@type\":\"WebPage\",\"@id\":\"https:\\\/\\\/lesaffre.eg\\\/fr\\\/ingredients\\\/\",\"url\":\"https:\\\/\\\/lesaffre.eg\\\/fr\\\/ingredients\\\/\",\"name\":\"Ingr\u00e9dients - Lesaffre Egypt\",\"isPartOf\":{\"@id\":\"https:\\\/\\\/lesaffre.eg\\\/#website\"},\"primaryImageOfPage\":{\"@id\":\"https:\\\/\\\/lesaffre.eg\\\/fr\\\/ingredients\\\/#primaryimage\"},\"image\":{\"@id\":\"https:\\\/\\\/lesaffre.eg\\\/fr\\\/ingredients\\\/#primaryimage\"},\"thumbnailUrl\":\"https:\\\/\\\/lesaffre.eg\\\/wp-content\\\/uploads\\\/sites\\\/28\\\/2022\\\/05\\\/ligne.png\",\"datePublished\":\"2024-12-23T10:59:05+00:00\",\"dateModified\":\"2025-06-20T11:44:38+00:00\",\"breadcrumb\":{\"@id\":\"https:\\\/\\\/lesaffre.eg\\\/fr\\\/ingredients\\\/#breadcrumb\"},\"inLanguage\":\"fr-FR\",\"potentialAction\":[{\"@type\":\"ReadAction\",\"target\":[\"https:\\\/\\\/lesaffre.eg\\\/fr\\\/ingredients\\\/\"]}]},{\"@type\":\"ImageObject\",\"inLanguage\":\"fr-FR\",\"@id\":\"https:\\\/\\\/lesaffre.eg\\\/fr\\\/ingredients\\\/#primaryimage\",\"url\":\"https:\\\/\\\/lesaffre.eg\\\/wp-content\\\/uploads\\\/sites\\\/28\\\/2022\\\/05\\\/ligne.png\",\"contentUrl\":\"https:\\\/\\\/lesaffre.eg\\\/wp-content\\\/uploads\\\/sites\\\/28\\\/2022\\\/05\\\/ligne.png\"},{\"@type\":\"BreadcrumbList\",\"@id\":\"https:\\\/\\\/lesaffre.eg\\\/fr\\\/ingredients\\\/#breadcrumb\",\"itemListElement\":[{\"@type\":\"ListItem\",\"position\":1,\"name\":\"Home\",\"item\":\"https:\\\/\\\/lesaffre.eg\\\/ar\\\/\"},{\"@type\":\"ListItem\",\"position\":2,\"name\":\"Ingr\u00e9dients\"}]},{\"@type\":\"WebSite\",\"@id\":\"https:\\\/\\\/lesaffre.eg\\\/#website\",\"url\":\"https:\\\/\\\/lesaffre.eg\\\/\",\"name\":\"Lesaffre Egypt\",\"description\":\"\",\"potentialAction\":[{\"@type\":\"SearchAction\",\"target\":{\"@type\":\"EntryPoint\",\"urlTemplate\":\"https:\\\/\\\/lesaffre.eg\\\/?s={search_term_string}\"},\"query-input\":{\"@type\":\"PropertyValueSpecification\",\"valueRequired\":true,\"valueName\":\"search_term_string\"}}],\"inLanguage\":\"fr-FR\"}]}<\/script>\n<!-- \/ Yoast SEO plugin. -->","yoast_head_json":{"title":"Ingr\u00e9dients - Lesaffre Egypt","robots":{"index":"index","follow":"follow","max-snippet":"max-snippet:-1","max-image-preview":"max-image-preview:large","max-video-preview":"max-video-preview:-1"},"canonical":"https:\/\/lesaffre.eg\/fr\/ingredients\/","og_locale":"fr_FR","og_type":"article","og_title":"Ingr\u00e9dients - Lesaffre Egypt","og_description":"Ingr\u00e9dients de Boulangerie \u00ab\u00a0Une Gamme Compl\u00e8te d&rsquo;Am\u00e9liorants de Panification\u00a0\u00bb MAGIMIX est le partenaire quotidien de confiance qui vous assure la production de produits s\u00fbrs et sains, vous garantissant une tranquillit\u00e9 d&rsquo;esprit dans votre activit\u00e9.Nous offrons une large gamme d&rsquo;am\u00e9liorants de panification \u00e0 base d&rsquo;additifs, d&rsquo;auxiliaires technologiques ou d&rsquo;ingr\u00e9dients naturels. Cette gamme garantit des r\u00e9sultats et [&hellip;]","og_url":"https:\/\/lesaffre.eg\/fr\/ingredients\/","og_site_name":"Lesaffre Egypt","article_modified_time":"2025-06-20T11:44:38+00:00","og_image":[{"width":5,"height":101,"url":"https:\/\/lesaffre.eg\/wp-content\/uploads\/sites\/28\/2022\/05\/ligne.png","type":"image\/png"}],"twitter_card":"summary_large_image","twitter_misc":{"Dur\u00e9e de lecture estim\u00e9e":"1 minute"},"schema":{"@context":"https:\/\/schema.org","@graph":[{"@type":"WebPage","@id":"https:\/\/lesaffre.eg\/fr\/ingredients\/","url":"https:\/\/lesaffre.eg\/fr\/ingredients\/","name":"Ingr\u00e9dients - Lesaffre Egypt","isPartOf":{"@id":"https:\/\/lesaffre.eg\/#website"},"primaryImageOfPage":{"@id":"https:\/\/lesaffre.eg\/fr\/ingredients\/#primaryimage"},"image":{"@id":"https:\/\/lesaffre.eg\/fr\/ingredients\/#primaryimage"},"thumbnailUrl":"https:\/\/lesaffre.eg\/wp-content\/uploads\/sites\/28\/2022\/05\/ligne.png","datePublished":"2024-12-23T10:59:05+00:00","dateModified":"2025-06-20T11:44:38+00:00","breadcrumb":{"@id":"https:\/\/lesaffre.eg\/fr\/ingredients\/#breadcrumb"},"inLanguage":"fr-FR","potentialAction":[{"@type":"ReadAction","target":["https:\/\/lesaffre.eg\/fr\/ingredients\/"]}]},{"@type":"ImageObject","inLanguage":"fr-FR","@id":"https:\/\/lesaffre.eg\/fr\/ingredients\/#primaryimage","url":"https:\/\/lesaffre.eg\/wp-content\/uploads\/sites\/28\/2022\/05\/ligne.png","contentUrl":"https:\/\/lesaffre.eg\/wp-content\/uploads\/sites\/28\/2022\/05\/ligne.png"},{"@type":"BreadcrumbList","@id":"https:\/\/lesaffre.eg\/fr\/ingredients\/#breadcrumb","itemListElement":[{"@type":"ListItem","position":1,"name":"Home","item":"https:\/\/lesaffre.eg\/ar\/"},{"@type":"ListItem","position":2,"name":"Ingr\u00e9dients"}]},{"@type":"WebSite","@id":"https:\/\/lesaffre.eg\/#website","url":"https:\/\/lesaffre.eg\/","name":"Lesaffre Egypt","description":"","potentialAction":[{"@type":"SearchAction","target":{"@type":"EntryPoint","urlTemplate":"https:\/\/lesaffre.eg\/?s={search_term_string}"},"query-input":{"@type":"PropertyValueSpecification","valueRequired":true,"valueName":"search_term_string"}}],"inLanguage":"fr-FR"}]}},"_links":{"self":[{"href":"https:\/\/lesaffre.eg\/fr\/wp-json\/wp\/v2\/pages\/4474","targetHints":{"allow":["GET"]}}],"collection":[{"href":"https:\/\/lesaffre.eg\/fr\/wp-json\/wp\/v2\/pages"}],"about":[{"href":"https:\/\/lesaffre.eg\/fr\/wp-json\/wp\/v2\/types\/page"}],"author":[{"embeddable":true,"href":"https:\/\/lesaffre.eg\/fr\/wp-json\/wp\/v2\/users\/65"}],"replies":[{"embeddable":true,"href":"https:\/\/lesaffre.eg\/fr\/wp-json\/wp\/v2\/comments?post=4474"}],"version-history":[{"count":1,"href":"https:\/\/lesaffre.eg\/fr\/wp-json\/wp\/v2\/pages\/4474\/revisions"}],"predecessor-version":[{"id":4476,"href":"https:\/\/lesaffre.eg\/fr\/wp-json\/wp\/v2\/pages\/4474\/revisions\/4476"}],"wp:attachment":[{"href":"https:\/\/lesaffre.eg\/fr\/wp-json\/wp\/v2\/media?parent=4474"}],"curies":[{"name":"wp","href":"https:\/\/api.w.org\/{rel}","templated":true}]}}