{"id":4477,"date":"2024-12-23T13:09:18","date_gmt":"2024-12-23T11:09:18","guid":{"rendered":"https:\/\/lesaffre.eg\/produits\/patisserie-maison\/"},"modified":"2025-06-20T13:46:00","modified_gmt":"2025-06-20T11:46:00","slug":"patisserie-maison","status":"publish","type":"page","link":"https:\/\/lesaffre.eg\/fr\/produits\/patisserie-maison\/","title":{"rendered":"P\u00e2tisserie Maison"},"content":{"rendered":"\t\t<div data-elementor-type=\"wp-page\" data-elementor-id=\"4477\" class=\"elementor elementor-4477 elementor-3454\" data-elementor-post-type=\"page\">\n\t\t\t\t\t\t<section class=\"has_eae_slider elementor-section elementor-top-section elementor-element elementor-element-d204fd2 elementor-section-full_width elementor-section-height-min-height elementor-section-height-default elementor-section-items-middle\" data-eae-slider=\"15848\" data-id=\"d204fd2\" data-element_type=\"section\" data-e-type=\"section\" data-settings=\"{&quot;background_background&quot;:&quot;classic&quot;}\">\n\t\t\t\t\t\t\t<div class=\"elementor-background-overlay\"><\/div>\n\t\t\t\t\t\t\t<div class=\"elementor-container elementor-column-gap-no\">\n\t\t\t\t\t<div class=\"has_eae_slider elementor-column elementor-col-100 elementor-top-column elementor-element elementor-element-a515e4e\" data-eae-slider=\"93555\" data-id=\"a515e4e\" data-element_type=\"column\" data-e-type=\"column\" data-settings=\"{&quot;background_background&quot;:&quot;classic&quot;}\">\n\t\t\t<div class=\"elementor-widget-wrap elementor-element-populated\">\n\t\t\t\t\t\t<div class=\"elementor-element elementor-element-2124724 elementor-widget elementor-widget-breadcrumbs\" data-id=\"2124724\" data-element_type=\"widget\" data-e-type=\"widget\" data-widget_type=\"breadcrumbs.default\">\n\t\t\t\t<div class=\"elementor-widget-container\">\n\t\t\t\t\t<p id=\"breadcrumbs\"><span><span><a href=\"https:\/\/lesaffre.eg\/ar\/\">Home<\/a><\/span><\/span><\/p>\t\t\t\t<\/div>\n\t\t\t\t<\/div>\n\t\t\t\t<div class=\"elementor-element elementor-element-3ae2041 elementor-widget elementor-widget-heading\" data-id=\"3ae2041\" data-element_type=\"widget\" data-e-type=\"widget\" data-widget_type=\"heading.default\">\n\t\t\t\t<div class=\"elementor-widget-container\">\n\t\t\t\t\t<h1 class=\"elementor-heading-title elementor-size-default\"><span style=\"font-weight: 300\"> P\u00e2tisserie Maison\n<\/span><\/h1>\t\t\t\t<\/div>\n\t\t\t\t<\/div>\n\t\t\t\t\t<\/div>\n\t\t<\/div>\n\t\t\t\t\t<\/div>\n\t\t<\/section>\n\t\t\t\t<section class=\"has_eae_slider elementor-section elementor-top-section elementor-element elementor-element-c0c39bb elementor-section-height-min-height elementor-section-boxed elementor-section-height-default elementor-section-items-middle\" data-eae-slider=\"82472\" data-id=\"c0c39bb\" data-element_type=\"section\" data-e-type=\"section\" data-settings=\"{&quot;background_background&quot;:&quot;classic&quot;}\">\n\t\t\t\t\t\t<div class=\"elementor-container elementor-column-gap-no\">\n\t\t\t\t\t<div class=\"has_eae_slider elementor-column elementor-col-100 elementor-top-column elementor-element elementor-element-7428654\" data-eae-slider=\"11152\" data-id=\"7428654\" data-element_type=\"column\" data-e-type=\"column\">\n\t\t\t<div class=\"elementor-widget-wrap elementor-element-populated\">\n\t\t\t\t\t\t<div class=\"elementor-element elementor-element-ab4430a elementor-widget elementor-widget-image\" data-id=\"ab4430a\" data-element_type=\"widget\" data-e-type=\"widget\" data-widget_type=\"image.default\">\n\t\t\t\t<div class=\"elementor-widget-container\">\n\t\t\t\t\t\t\t\t\t\t\t\t\t\t\t<img decoding=\"async\" width=\"5\" height=\"101\" src=\"https:\/\/lesaffre.eg\/wp-content\/uploads\/sites\/28\/2022\/05\/ligne.png\" class=\"attachment-full size-full wp-image-4320\" alt=\"\" \/>\t\t\t\t\t\t\t\t\t\t\t\t\t\t\t<\/div>\n\t\t\t\t<\/div>\n\t\t\t\t\t<\/div>\n\t\t<\/div>\n\t\t\t\t\t<\/div>\n\t\t<\/section>\n\t\t\t\t<section class=\"has_eae_slider elementor-section elementor-top-section elementor-element elementor-element-35d7123 elementor-section-boxed elementor-section-height-default elementor-section-height-default\" data-eae-slider=\"85249\" data-id=\"35d7123\" data-element_type=\"section\" data-e-type=\"section\">\n\t\t\t\t\t\t<div class=\"elementor-container elementor-column-gap-default\">\n\t\t\t\t\t<div class=\"has_eae_slider elementor-column elementor-col-100 elementor-top-column elementor-element elementor-element-23dc7fb\" data-eae-slider=\"84460\" data-id=\"23dc7fb\" data-element_type=\"column\" data-e-type=\"column\">\n\t\t\t<div class=\"elementor-widget-wrap elementor-element-populated\">\n\t\t\t\t\t\t<div class=\"elementor-element elementor-element-647f975 elementor-widget elementor-widget-heading\" data-id=\"647f975\" data-element_type=\"widget\" data-e-type=\"widget\" data-widget_type=\"heading.default\">\n\t\t\t\t<div class=\"elementor-widget-container\">\n\t\t\t\t\t<h2 class=\"elementor-heading-title elementor-size-default\">P\u00e2tisserie Maison<\/h2>\t\t\t\t<\/div>\n\t\t\t\t<\/div>\n\t\t\t\t<div class=\"elementor-element elementor-element-3e43c6c elementor-widget elementor-widget-text-editor\" data-id=\"3e43c6c\" data-element_type=\"widget\" data-e-type=\"widget\" data-widget_type=\"text-editor.default\">\n\t\t\t\t<div class=\"elementor-widget-container\">\n\t\t\t\t\t\t\t\t\t<p class=\"p1\">Nous proposons des produits sp\u00e9cialement con\u00e7us pour la boulangerie maison, offrant \u00e0 nos boulangers amateurs des marques de levure s\u00e8che instantan\u00e9e de premi\u00e8re qualit\u00e9.<\/p>\n\t\t\t\t\t\t\t\t<\/div>\n\t\t\t\t<\/div>\n\t\t\t\t<div class=\"elementor-element elementor-element-11a8901 premium-woo-product-align-center premium-qv-hidden-yes elementor-widget elementor-widget-premium-woo-products\" data-id=\"11a8901\" data-element_type=\"widget\" data-e-type=\"widget\" data-widget_type=\"premium-woo-products.grid-11\">\n\t\t\t\t<div class=\"elementor-widget-container\">\n\t\t\t\t\t<div class=\"premium-woocommerce premium-woo-products-grid premium-woo-skin-grid-11 premium-woo-query-custom\" data-page-id=\"4477\" data-skin=\"grid_11\" data-quick-view=\"\"><div class=\"premium-woo-products-inner premium-woo-product__hover-swap\"><ul class=\"products columns-3\">\n\n<li class=\" post-4438 product first instock shipping-taxable product-type-simple\">\n\n\t<div class=\"premium-woo-product-wrapper premium-con-lq__none\">\n\t\t<div class=\"premium-woo-product-thumbnail\"><div class=\"premium-woo-product-thumbnail-wrapper\"><a href=\"https:\/\/lesaffre.eg\/fr\/produit\/mr-bakery\/\" class=\"woocommerce-LoopProduct-link woocommerce-loop-product__link\"><img decoding=\"async\" src=\"https:\/\/lesaffre.eg\/wp-content\/uploads\/sites\/28\/2024\/12\/whatsapp-image-2024-07-16-at-9.29.15-am.jpeg\" alt=\"\"><\/a><\/div><\/div><div class=\"premium-woo-products-details-wrap\"><a href=\"https:\/\/lesaffre.eg\/fr\/produit\/mr-bakery\/\" class=\"premium-woo-product__link\"><h2 class=\"woocommerce-loop-product__title\">Mr. Bakery<\/h2><\/a>\t\t\t<span class=\"premium-woo-product-category\">\n\t\t\t\tP\u00e2tisserie Maison\t\t\t<\/span>\n\t\t\t<div class=\"premium-woo-product-info\">\n<div class=\"premium-woo-product-gallery-images\"><\/div><\/div><div class=\"premium-woo-product-buttons\"><\/div><\/div>\t<\/div>\n<\/li>\n\n<li class=\" post-4436 product  instock shipping-taxable product-type-simple\">\n\n\t<div class=\"premium-woo-product-wrapper premium-con-lq__none\">\n\t\t<div class=\"premium-woo-product-thumbnail\"><div class=\"premium-woo-product-thumbnail-wrapper\"><a href=\"https:\/\/lesaffre.eg\/fr\/produit\/saf-instant-the-original\/\" class=\"woocommerce-LoopProduct-link woocommerce-loop-product__link\"><img decoding=\"async\" src=\"https:\/\/lesaffre.eg\/wp-content\/uploads\/sites\/28\/2024\/12\/original-red-11g.jpg\" alt=\"\"><\/a><\/div><\/div><div class=\"premium-woo-products-details-wrap\"><a href=\"https:\/\/lesaffre.eg\/fr\/produit\/saf-instant-the-original\/\" class=\"premium-woo-product__link\"><h2 class=\"woocommerce-loop-product__title\">Saf-instant\u00ae The Original<\/h2><\/a>\t\t\t<span class=\"premium-woo-product-category\">\n\t\t\t\tP\u00e2tisserie Maison\t\t\t<\/span>\n\t\t\t<div class=\"premium-woo-product-info\">\n<div class=\"premium-woo-product-gallery-images\"><\/div><\/div><div class=\"premium-woo-product-buttons\"><\/div><\/div>\t<\/div>\n<\/li>\n<\/ul>\n<\/div><\/div>\t\t\t\t<\/div>\n\t\t\t\t<\/div>\n\t\t\t\t\t<\/div>\n\t\t<\/div>\n\t\t\t\t\t<\/div>\n\t\t<\/section>\n\t\t\t\t<\/div>\n\t\t","protected":false},"excerpt":{"rendered":"<p>P\u00e2tisserie Maison P\u00e2tisserie Maison Nous proposons des produits sp\u00e9cialement con\u00e7us pour la boulangerie maison, offrant \u00e0 nos boulangers amateurs des marques de levure s\u00e8che instantan\u00e9e de premi\u00e8re qualit\u00e9. Mr. Bakery Home Baking Saf-instant\u00ae The Original Home Baking<\/p>\n","protected":false},"author":65,"featured_media":0,"parent":4380,"menu_order":0,"comment_status":"closed","ping_status":"closed","template":"elementor_header_footer","meta":{"_acf_changed":false,"inline_featured_image":false,"footnotes":""},"class_list":["post-4477","page","type-page","status-publish","hentry"],"acf":[],"yoast_head":"<!-- This site is optimized with the Yoast SEO plugin v27.4 - https:\/\/yoast.com\/product\/yoast-seo-wordpress\/ -->\n<title>P\u00e2tisserie Maison - Lesaffre Egypt<\/title>\n<meta name=\"robots\" content=\"index, follow, max-snippet:-1, max-image-preview:large, max-video-preview:-1\" \/>\n<link rel=\"canonical\" href=\"https:\/\/lesaffre.eg\/products\/home-baking\/\" \/>\n<meta property=\"og:locale\" content=\"fr_FR\" \/>\n<meta property=\"og:type\" content=\"article\" \/>\n<meta property=\"og:title\" content=\"P\u00e2tisserie Maison - Lesaffre Egypt\" \/>\n<meta property=\"og:description\" content=\"P\u00e2tisserie Maison P\u00e2tisserie Maison Nous proposons des produits sp\u00e9cialement con\u00e7us pour la boulangerie maison, offrant \u00e0 nos boulangers amateurs des marques de levure s\u00e8che instantan\u00e9e de premi\u00e8re qualit\u00e9. Mr. Bakery Home Baking Saf-instant\u00ae The Original Home Baking\" \/>\n<meta property=\"og:url\" content=\"https:\/\/lesaffre.eg\/products\/home-baking\/\" \/>\n<meta property=\"og:site_name\" content=\"Lesaffre Egypt\" \/>\n<meta property=\"article:modified_time\" content=\"2025-06-20T11:46:00+00:00\" \/>\n<meta property=\"og:image\" content=\"https:\/\/lesaffre.eg\/wp-content\/uploads\/sites\/28\/2022\/05\/ligne.png\" \/>\n\t<meta property=\"og:image:width\" content=\"5\" \/>\n\t<meta property=\"og:image:height\" content=\"101\" \/>\n\t<meta property=\"og:image:type\" content=\"image\/png\" \/>\n<meta name=\"twitter:card\" content=\"summary_large_image\" \/>\n<script type=\"application\/ld+json\" class=\"yoast-schema-graph\">{\"@context\":\"https:\\\/\\\/schema.org\",\"@graph\":[{\"@type\":\"WebPage\",\"@id\":\"https:\\\/\\\/lesaffre.eg\\\/products\\\/home-baking\\\/\",\"url\":\"https:\\\/\\\/lesaffre.eg\\\/products\\\/home-baking\\\/\",\"name\":\"P\u00e2tisserie Maison - Lesaffre Egypt\",\"isPartOf\":{\"@id\":\"https:\\\/\\\/lesaffre.eg\\\/#website\"},\"primaryImageOfPage\":{\"@id\":\"https:\\\/\\\/lesaffre.eg\\\/products\\\/home-baking\\\/#primaryimage\"},\"image\":{\"@id\":\"https:\\\/\\\/lesaffre.eg\\\/products\\\/home-baking\\\/#primaryimage\"},\"thumbnailUrl\":\"https:\\\/\\\/lesaffre.eg\\\/wp-content\\\/uploads\\\/sites\\\/28\\\/2022\\\/05\\\/ligne.png\",\"datePublished\":\"2024-12-23T11:09:18+00:00\",\"dateModified\":\"2025-06-20T11:46:00+00:00\",\"breadcrumb\":{\"@id\":\"https:\\\/\\\/lesaffre.eg\\\/products\\\/home-baking\\\/#breadcrumb\"},\"inLanguage\":\"fr-FR\",\"potentialAction\":[{\"@type\":\"ReadAction\",\"target\":[\"https:\\\/\\\/lesaffre.eg\\\/products\\\/home-baking\\\/\"]}]},{\"@type\":\"ImageObject\",\"inLanguage\":\"fr-FR\",\"@id\":\"https:\\\/\\\/lesaffre.eg\\\/products\\\/home-baking\\\/#primaryimage\",\"url\":\"https:\\\/\\\/lesaffre.eg\\\/wp-content\\\/uploads\\\/sites\\\/28\\\/2022\\\/05\\\/ligne.png\",\"contentUrl\":\"https:\\\/\\\/lesaffre.eg\\\/wp-content\\\/uploads\\\/sites\\\/28\\\/2022\\\/05\\\/ligne.png\"},{\"@type\":\"BreadcrumbList\",\"@id\":\"https:\\\/\\\/lesaffre.eg\\\/products\\\/home-baking\\\/#breadcrumb\",\"itemListElement\":[{\"@type\":\"ListItem\",\"position\":1,\"name\":\"Home\",\"item\":\"https:\\\/\\\/lesaffre.eg\\\/ar\\\/\"},{\"@type\":\"ListItem\",\"position\":2,\"name\":\"Produits\",\"item\":\"https:\\\/\\\/lesaffre.eg\\\/products\\\/\"},{\"@type\":\"ListItem\",\"position\":3,\"name\":\"P\u00e2tisserie Maison\"}]},{\"@type\":\"WebSite\",\"@id\":\"https:\\\/\\\/lesaffre.eg\\\/#website\",\"url\":\"https:\\\/\\\/lesaffre.eg\\\/\",\"name\":\"Lesaffre Egypt\",\"description\":\"\",\"potentialAction\":[{\"@type\":\"SearchAction\",\"target\":{\"@type\":\"EntryPoint\",\"urlTemplate\":\"https:\\\/\\\/lesaffre.eg\\\/?s={search_term_string}\"},\"query-input\":{\"@type\":\"PropertyValueSpecification\",\"valueRequired\":true,\"valueName\":\"search_term_string\"}}],\"inLanguage\":\"fr-FR\"}]}<\/script>\n<!-- \/ Yoast SEO plugin. -->","yoast_head_json":{"title":"P\u00e2tisserie Maison - Lesaffre Egypt","robots":{"index":"index","follow":"follow","max-snippet":"max-snippet:-1","max-image-preview":"max-image-preview:large","max-video-preview":"max-video-preview:-1"},"canonical":"https:\/\/lesaffre.eg\/products\/home-baking\/","og_locale":"fr_FR","og_type":"article","og_title":"P\u00e2tisserie Maison - Lesaffre Egypt","og_description":"P\u00e2tisserie Maison P\u00e2tisserie Maison Nous proposons des produits sp\u00e9cialement con\u00e7us pour la boulangerie maison, offrant \u00e0 nos boulangers amateurs des marques de levure s\u00e8che instantan\u00e9e de premi\u00e8re qualit\u00e9. Mr. Bakery Home Baking Saf-instant\u00ae The Original Home Baking","og_url":"https:\/\/lesaffre.eg\/products\/home-baking\/","og_site_name":"Lesaffre Egypt","article_modified_time":"2025-06-20T11:46:00+00:00","og_image":[{"width":5,"height":101,"url":"https:\/\/lesaffre.eg\/wp-content\/uploads\/sites\/28\/2022\/05\/ligne.png","type":"image\/png"}],"twitter_card":"summary_large_image","schema":{"@context":"https:\/\/schema.org","@graph":[{"@type":"WebPage","@id":"https:\/\/lesaffre.eg\/products\/home-baking\/","url":"https:\/\/lesaffre.eg\/products\/home-baking\/","name":"P\u00e2tisserie Maison - Lesaffre Egypt","isPartOf":{"@id":"https:\/\/lesaffre.eg\/#website"},"primaryImageOfPage":{"@id":"https:\/\/lesaffre.eg\/products\/home-baking\/#primaryimage"},"image":{"@id":"https:\/\/lesaffre.eg\/products\/home-baking\/#primaryimage"},"thumbnailUrl":"https:\/\/lesaffre.eg\/wp-content\/uploads\/sites\/28\/2022\/05\/ligne.png","datePublished":"2024-12-23T11:09:18+00:00","dateModified":"2025-06-20T11:46:00+00:00","breadcrumb":{"@id":"https:\/\/lesaffre.eg\/products\/home-baking\/#breadcrumb"},"inLanguage":"fr-FR","potentialAction":[{"@type":"ReadAction","target":["https:\/\/lesaffre.eg\/products\/home-baking\/"]}]},{"@type":"ImageObject","inLanguage":"fr-FR","@id":"https:\/\/lesaffre.eg\/products\/home-baking\/#primaryimage","url":"https:\/\/lesaffre.eg\/wp-content\/uploads\/sites\/28\/2022\/05\/ligne.png","contentUrl":"https:\/\/lesaffre.eg\/wp-content\/uploads\/sites\/28\/2022\/05\/ligne.png"},{"@type":"BreadcrumbList","@id":"https:\/\/lesaffre.eg\/products\/home-baking\/#breadcrumb","itemListElement":[{"@type":"ListItem","position":1,"name":"Home","item":"https:\/\/lesaffre.eg\/ar\/"},{"@type":"ListItem","position":2,"name":"Produits","item":"https:\/\/lesaffre.eg\/products\/"},{"@type":"ListItem","position":3,"name":"P\u00e2tisserie Maison"}]},{"@type":"WebSite","@id":"https:\/\/lesaffre.eg\/#website","url":"https:\/\/lesaffre.eg\/","name":"Lesaffre Egypt","description":"","potentialAction":[{"@type":"SearchAction","target":{"@type":"EntryPoint","urlTemplate":"https:\/\/lesaffre.eg\/?s={search_term_string}"},"query-input":{"@type":"PropertyValueSpecification","valueRequired":true,"valueName":"search_term_string"}}],"inLanguage":"fr-FR"}]}},"_links":{"self":[{"href":"https:\/\/lesaffre.eg\/fr\/wp-json\/wp\/v2\/pages\/4477","targetHints":{"allow":["GET"]}}],"collection":[{"href":"https:\/\/lesaffre.eg\/fr\/wp-json\/wp\/v2\/pages"}],"about":[{"href":"https:\/\/lesaffre.eg\/fr\/wp-json\/wp\/v2\/types\/page"}],"author":[{"embeddable":true,"href":"https:\/\/lesaffre.eg\/fr\/wp-json\/wp\/v2\/users\/65"}],"replies":[{"embeddable":true,"href":"https:\/\/lesaffre.eg\/fr\/wp-json\/wp\/v2\/comments?post=4477"}],"version-history":[{"count":1,"href":"https:\/\/lesaffre.eg\/fr\/wp-json\/wp\/v2\/pages\/4477\/revisions"}],"predecessor-version":[{"id":4480,"href":"https:\/\/lesaffre.eg\/fr\/wp-json\/wp\/v2\/pages\/4477\/revisions\/4480"}],"up":[{"embeddable":true,"href":"https:\/\/lesaffre.eg\/fr\/wp-json\/wp\/v2\/pages\/4380"}],"wp:attachment":[{"href":"https:\/\/lesaffre.eg\/fr\/wp-json\/wp\/v2\/media?parent=4477"}],"curies":[{"name":"wp","href":"https:\/\/api.w.org\/{rel}","templated":true}]}}