{"id":4487,"date":"2024-12-23T11:48:52","date_gmt":"2024-12-23T09:48:52","guid":{"rendered":"https:\/\/lesaffre.eg\/levure-pressee\/"},"modified":"2025-06-20T13:51:41","modified_gmt":"2025-06-20T11:51:41","slug":"levure-pressee","status":"publish","type":"page","link":"https:\/\/lesaffre.eg\/fr\/levure-pressee\/","title":{"rendered":"Levure Press\u00e9e"},"content":{"rendered":"\t\t<div data-elementor-type=\"wp-page\" data-elementor-id=\"4487\" class=\"elementor elementor-4487 elementor-3350\" data-elementor-post-type=\"page\">\n\t\t\t\t\t\t<section class=\"has_eae_slider elementor-section elementor-top-section elementor-element elementor-element-d204fd2 elementor-section-full_width elementor-section-height-min-height elementor-section-height-default elementor-section-items-middle\" data-eae-slider=\"82288\" data-id=\"d204fd2\" data-element_type=\"section\" data-e-type=\"section\" data-settings=\"{&quot;background_background&quot;:&quot;classic&quot;}\">\n\t\t\t\t\t\t\t<div class=\"elementor-background-overlay\"><\/div>\n\t\t\t\t\t\t\t<div class=\"elementor-container elementor-column-gap-no\">\n\t\t\t\t\t<div class=\"has_eae_slider elementor-column elementor-col-100 elementor-top-column elementor-element elementor-element-a515e4e\" data-eae-slider=\"48361\" data-id=\"a515e4e\" data-element_type=\"column\" data-e-type=\"column\" data-settings=\"{&quot;background_background&quot;:&quot;classic&quot;}\">\n\t\t\t<div class=\"elementor-widget-wrap elementor-element-populated\">\n\t\t\t\t\t\t<div class=\"elementor-element elementor-element-2124724 elementor-widget elementor-widget-breadcrumbs\" data-id=\"2124724\" data-element_type=\"widget\" data-e-type=\"widget\" data-widget_type=\"breadcrumbs.default\">\n\t\t\t\t<div class=\"elementor-widget-container\">\n\t\t\t\t\t<p id=\"breadcrumbs\"><span><span><a href=\"https:\/\/lesaffre.eg\/ar\/\">Home<\/a><\/span><\/span><\/p>\t\t\t\t<\/div>\n\t\t\t\t<\/div>\n\t\t\t\t<div class=\"elementor-element elementor-element-3ae2041 elementor-widget elementor-widget-heading\" data-id=\"3ae2041\" data-element_type=\"widget\" data-e-type=\"widget\" data-widget_type=\"heading.default\">\n\t\t\t\t<div class=\"elementor-widget-container\">\n\t\t\t\t\t<h1 class=\"elementor-heading-title elementor-size-default\"><span style=\"font-weight: 300\">Levure Press\u00e9e\n<\/span><\/h1>\t\t\t\t<\/div>\n\t\t\t\t<\/div>\n\t\t\t\t\t<\/div>\n\t\t<\/div>\n\t\t\t\t\t<\/div>\n\t\t<\/section>\n\t\t\t\t<section class=\"has_eae_slider elementor-section elementor-top-section elementor-element elementor-element-c0c39bb elementor-section-height-min-height elementor-section-boxed elementor-section-height-default elementor-section-items-middle\" data-eae-slider=\"23721\" data-id=\"c0c39bb\" data-element_type=\"section\" data-e-type=\"section\" data-settings=\"{&quot;background_background&quot;:&quot;classic&quot;}\">\n\t\t\t\t\t\t<div class=\"elementor-container elementor-column-gap-no\">\n\t\t\t\t\t<div class=\"has_eae_slider elementor-column elementor-col-100 elementor-top-column elementor-element elementor-element-7428654\" data-eae-slider=\"94185\" data-id=\"7428654\" data-element_type=\"column\" data-e-type=\"column\">\n\t\t\t<div class=\"elementor-widget-wrap elementor-element-populated\">\n\t\t\t\t\t\t<div class=\"elementor-element elementor-element-ab4430a elementor-widget elementor-widget-image\" data-id=\"ab4430a\" data-element_type=\"widget\" data-e-type=\"widget\" data-widget_type=\"image.default\">\n\t\t\t\t<div class=\"elementor-widget-container\">\n\t\t\t\t\t\t\t\t\t\t\t\t\t\t\t<img decoding=\"async\" width=\"5\" height=\"101\" src=\"https:\/\/lesaffre.eg\/wp-content\/uploads\/sites\/28\/2022\/05\/ligne.png\" class=\"attachment-full size-full wp-image-4320\" alt=\"\" \/>\t\t\t\t\t\t\t\t\t\t\t\t\t\t\t<\/div>\n\t\t\t\t<\/div>\n\t\t\t\t\t<\/div>\n\t\t<\/div>\n\t\t\t\t\t<\/div>\n\t\t<\/section>\n\t\t\t\t<section class=\"has_eae_slider elementor-section elementor-top-section elementor-element elementor-element-67a782b elementor-section-boxed elementor-section-height-default elementor-section-height-default\" data-eae-slider=\"3375\" data-id=\"67a782b\" data-element_type=\"section\" data-e-type=\"section\">\n\t\t\t\t\t\t<div class=\"elementor-container elementor-column-gap-wider\">\n\t\t\t\t\t<div class=\"has_eae_slider elementor-column elementor-col-50 elementor-top-column elementor-element elementor-element-74cffc3\" data-eae-slider=\"44261\" data-id=\"74cffc3\" data-element_type=\"column\" data-e-type=\"column\">\n\t\t\t<div class=\"elementor-widget-wrap elementor-element-populated\">\n\t\t\t\t\t\t<div class=\"elementor-element elementor-element-647f975 elementor-widget elementor-widget-heading\" data-id=\"647f975\" data-element_type=\"widget\" data-e-type=\"widget\" data-widget_type=\"heading.default\">\n\t\t\t\t<div class=\"elementor-widget-container\">\n\t\t\t\t\t<h2 class=\"elementor-heading-title elementor-size-default\">Levure Press\u00e9e<\/h2>\t\t\t\t<\/div>\n\t\t\t\t<\/div>\n\t\t\t\t<div class=\"elementor-element elementor-element-3e43c6c elementor-widget elementor-widget-text-editor\" data-id=\"3e43c6c\" data-element_type=\"widget\" data-e-type=\"widget\" data-widget_type=\"text-editor.default\">\n\t\t\t\t<div class=\"elementor-widget-container\">\n\t\t\t\t\t\t\t\t\t<p class=\"p1\">La levure press\u00e9e est un type de levure de boulanger qui se pr\u00e9sente sous une forme solide. Elle est \u00e9galement connue sous le nom de levure en bloc ou levure humide. On la consid\u00e8re comme une levure cr\u00e9meuse dont la majeure partie du liquide a \u00e9t\u00e9 retir\u00e9e. G\u00e9n\u00e9ralement, elle contient entre 30% et 40% de mati\u00e8res s\u00e8ches totales.   <\/p>\n\t\t\t\t\t\t\t\t<\/div>\n\t\t\t\t<\/div>\n\t\t\t\t\t<\/div>\n\t\t<\/div>\n\t\t\t\t<div class=\"has_eae_slider elementor-column elementor-col-50 elementor-top-column elementor-element elementor-element-f69e01e\" data-eae-slider=\"30915\" data-id=\"f69e01e\" data-element_type=\"column\" data-e-type=\"column\">\n\t\t\t<div class=\"elementor-widget-wrap elementor-element-populated\">\n\t\t\t\t\t\t<div class=\"elementor-element elementor-element-11a8901 premium-woo-product-align-center premium-qv-hidden-yes elementor-widget elementor-widget-premium-woo-products\" data-id=\"11a8901\" data-element_type=\"widget\" data-e-type=\"widget\" data-widget_type=\"premium-woo-products.grid-11\">\n\t\t\t\t<div class=\"elementor-widget-container\">\n\t\t\t\t\t<div class=\"premium-woocommerce premium-woo-products-grid premium-woo-skin-grid-11 premium-woo-query-custom\" data-page-id=\"4487\" data-skin=\"grid_11\" data-quick-view=\"\"><div class=\"premium-woo-products-inner premium-woo-product__hover-swap\"><ul class=\"products columns-2\">\n\n<li class=\" post-4462 product first instock shipping-taxable product-type-simple\">\n\n\t<div class=\"premium-woo-product-wrapper premium-con-lq__none\">\n\t\t<div class=\"premium-woo-product-thumbnail\"><div class=\"premium-woo-product-thumbnail-wrapper\"><a href=\"https:\/\/lesaffre.eg\/fr\/produit\/il-forno-standard\/\" class=\"woocommerce-LoopProduct-link woocommerce-loop-product__link\"><img decoding=\"async\" src=\"https:\/\/lesaffre.eg\/wp-content\/uploads\/sites\/28\/2022\/06\/whatsapp-image-2024-12-23-at-13.55.14.jpeg\" alt=\"\"><\/a><\/div><\/div><div class=\"premium-woo-products-details-wrap\"><a href=\"https:\/\/lesaffre.eg\/fr\/produit\/il-forno-standard\/\" class=\"premium-woo-product__link\"><h2 class=\"woocommerce-loop-product__title\">IL FORNO STANDARD<\/h2><\/a>\t\t\t<span class=\"premium-woo-product-category\">\n\t\t\t\tLEVURE FRA\u00ceCHE\t\t\t<\/span>\n\t\t\t<div class=\"premium-woo-product-info\">\n<div class=\"premium-woo-product-gallery-images\"><\/div><\/div><div class=\"premium-woo-product-buttons\"><\/div><\/div>\t<\/div>\n<\/li>\n\n<li class=\" post-4468 product last instock shipping-taxable product-type-simple\">\n\n\t<div class=\"premium-woo-product-wrapper premium-con-lq__none\">\n\t\t<div class=\"premium-woo-product-thumbnail\"><div class=\"premium-woo-product-thumbnail-wrapper\"><a href=\"https:\/\/lesaffre.eg\/fr\/produit\/il-forno-osmo\/\" class=\"woocommerce-LoopProduct-link woocommerce-loop-product__link\"><img decoding=\"async\" src=\"https:\/\/lesaffre.eg\/wp-content\/uploads\/sites\/28\/2022\/06\/whatsapp-image-2024-12-23-at-13.56.04.jpeg\" alt=\"\"><\/a><\/div><\/div><div class=\"premium-woo-products-details-wrap\"><a href=\"https:\/\/lesaffre.eg\/fr\/produit\/il-forno-osmo\/\" class=\"premium-woo-product__link\"><h2 class=\"woocommerce-loop-product__title\">IL FORNO OSMO<\/h2><\/a>\t\t\t<span class=\"premium-woo-product-category\">\n\t\t\t\tLEVURE FRA\u00ceCHE\t\t\t<\/span>\n\t\t\t<div class=\"premium-woo-product-info\">\n<div class=\"premium-woo-product-gallery-images\"><\/div><\/div><div class=\"premium-woo-product-buttons\"><\/div><\/div>\t<\/div>\n<\/li>\n<\/ul>\n<\/div><\/div>\t\t\t\t<\/div>\n\t\t\t\t<\/div>\n\t\t\t\t\t<\/div>\n\t\t<\/div>\n\t\t\t\t\t<\/div>\n\t\t<\/section>\n\t\t\t\t<\/div>\n\t\t","protected":false},"excerpt":{"rendered":"<p>Levure Press\u00e9e Levure Press\u00e9e La levure press\u00e9e est un type de levure de boulanger qui se pr\u00e9sente sous une forme solide. Elle est \u00e9galement connue sous le nom de levure en bloc ou levure humide. On la consid\u00e8re comme une levure cr\u00e9meuse dont la majeure partie du liquide a \u00e9t\u00e9 retir\u00e9e. G\u00e9n\u00e9ralement, elle contient entre [&hellip;]<\/p>\n","protected":false},"author":65,"featured_media":0,"parent":0,"menu_order":0,"comment_status":"closed","ping_status":"closed","template":"elementor_header_footer","meta":{"_acf_changed":false,"inline_featured_image":false,"footnotes":""},"class_list":["post-4487","page","type-page","status-publish","hentry"],"acf":[],"yoast_head":"<!-- This site is optimized with the Yoast SEO plugin v27.4 - https:\/\/yoast.com\/product\/yoast-seo-wordpress\/ -->\n<title>Levure Press\u00e9e - Lesaffre Egypt<\/title>\n<meta name=\"robots\" content=\"index, follow, max-snippet:-1, max-image-preview:large, max-video-preview:-1\" \/>\n<link rel=\"canonical\" href=\"https:\/\/lesaffre.eg\/fr\/levure-pressee\/\" \/>\n<meta property=\"og:locale\" content=\"fr_FR\" \/>\n<meta property=\"og:type\" content=\"article\" \/>\n<meta property=\"og:title\" content=\"Levure Press\u00e9e - Lesaffre Egypt\" \/>\n<meta property=\"og:description\" content=\"Levure Press\u00e9e Levure Press\u00e9e La levure press\u00e9e est un type de levure de boulanger qui se pr\u00e9sente sous une forme solide. Elle est \u00e9galement connue sous le nom de levure en bloc ou levure humide. On la consid\u00e8re comme une levure cr\u00e9meuse dont la majeure partie du liquide a \u00e9t\u00e9 retir\u00e9e. G\u00e9n\u00e9ralement, elle contient entre [&hellip;]\" \/>\n<meta property=\"og:url\" content=\"https:\/\/lesaffre.eg\/fr\/levure-pressee\/\" \/>\n<meta property=\"og:site_name\" content=\"Lesaffre Egypt\" \/>\n<meta property=\"article:modified_time\" content=\"2025-06-20T11:51:41+00:00\" \/>\n<meta property=\"og:image\" content=\"https:\/\/lesaffre.eg\/wp-content\/uploads\/sites\/28\/2022\/05\/ligne.png\" \/>\n\t<meta property=\"og:image:width\" content=\"5\" \/>\n\t<meta property=\"og:image:height\" content=\"101\" \/>\n\t<meta property=\"og:image:type\" content=\"image\/png\" \/>\n<meta name=\"twitter:card\" content=\"summary_large_image\" \/>\n<script type=\"application\/ld+json\" class=\"yoast-schema-graph\">{\"@context\":\"https:\\\/\\\/schema.org\",\"@graph\":[{\"@type\":\"WebPage\",\"@id\":\"https:\\\/\\\/lesaffre.eg\\\/fr\\\/levure-pressee\\\/\",\"url\":\"https:\\\/\\\/lesaffre.eg\\\/fr\\\/levure-pressee\\\/\",\"name\":\"Levure Press\u00e9e - Lesaffre Egypt\",\"isPartOf\":{\"@id\":\"https:\\\/\\\/lesaffre.eg\\\/#website\"},\"primaryImageOfPage\":{\"@id\":\"https:\\\/\\\/lesaffre.eg\\\/fr\\\/levure-pressee\\\/#primaryimage\"},\"image\":{\"@id\":\"https:\\\/\\\/lesaffre.eg\\\/fr\\\/levure-pressee\\\/#primaryimage\"},\"thumbnailUrl\":\"https:\\\/\\\/lesaffre.eg\\\/wp-content\\\/uploads\\\/sites\\\/28\\\/2022\\\/05\\\/ligne.png\",\"datePublished\":\"2024-12-23T09:48:52+00:00\",\"dateModified\":\"2025-06-20T11:51:41+00:00\",\"breadcrumb\":{\"@id\":\"https:\\\/\\\/lesaffre.eg\\\/fr\\\/levure-pressee\\\/#breadcrumb\"},\"inLanguage\":\"fr-FR\",\"potentialAction\":[{\"@type\":\"ReadAction\",\"target\":[\"https:\\\/\\\/lesaffre.eg\\\/fr\\\/levure-pressee\\\/\"]}]},{\"@type\":\"ImageObject\",\"inLanguage\":\"fr-FR\",\"@id\":\"https:\\\/\\\/lesaffre.eg\\\/fr\\\/levure-pressee\\\/#primaryimage\",\"url\":\"https:\\\/\\\/lesaffre.eg\\\/wp-content\\\/uploads\\\/sites\\\/28\\\/2022\\\/05\\\/ligne.png\",\"contentUrl\":\"https:\\\/\\\/lesaffre.eg\\\/wp-content\\\/uploads\\\/sites\\\/28\\\/2022\\\/05\\\/ligne.png\"},{\"@type\":\"BreadcrumbList\",\"@id\":\"https:\\\/\\\/lesaffre.eg\\\/fr\\\/levure-pressee\\\/#breadcrumb\",\"itemListElement\":[{\"@type\":\"ListItem\",\"position\":1,\"name\":\"Home\",\"item\":\"https:\\\/\\\/lesaffre.eg\\\/ar\\\/\"},{\"@type\":\"ListItem\",\"position\":2,\"name\":\"Levure Press\u00e9e\"}]},{\"@type\":\"WebSite\",\"@id\":\"https:\\\/\\\/lesaffre.eg\\\/#website\",\"url\":\"https:\\\/\\\/lesaffre.eg\\\/\",\"name\":\"Lesaffre Egypt\",\"description\":\"\",\"potentialAction\":[{\"@type\":\"SearchAction\",\"target\":{\"@type\":\"EntryPoint\",\"urlTemplate\":\"https:\\\/\\\/lesaffre.eg\\\/?s={search_term_string}\"},\"query-input\":{\"@type\":\"PropertyValueSpecification\",\"valueRequired\":true,\"valueName\":\"search_term_string\"}}],\"inLanguage\":\"fr-FR\"}]}<\/script>\n<!-- \/ Yoast SEO plugin. -->","yoast_head_json":{"title":"Levure Press\u00e9e - Lesaffre Egypt","robots":{"index":"index","follow":"follow","max-snippet":"max-snippet:-1","max-image-preview":"max-image-preview:large","max-video-preview":"max-video-preview:-1"},"canonical":"https:\/\/lesaffre.eg\/fr\/levure-pressee\/","og_locale":"fr_FR","og_type":"article","og_title":"Levure Press\u00e9e - Lesaffre Egypt","og_description":"Levure Press\u00e9e Levure Press\u00e9e La levure press\u00e9e est un type de levure de boulanger qui se pr\u00e9sente sous une forme solide. Elle est \u00e9galement connue sous le nom de levure en bloc ou levure humide. On la consid\u00e8re comme une levure cr\u00e9meuse dont la majeure partie du liquide a \u00e9t\u00e9 retir\u00e9e. G\u00e9n\u00e9ralement, elle contient entre [&hellip;]","og_url":"https:\/\/lesaffre.eg\/fr\/levure-pressee\/","og_site_name":"Lesaffre Egypt","article_modified_time":"2025-06-20T11:51:41+00:00","og_image":[{"width":5,"height":101,"url":"https:\/\/lesaffre.eg\/wp-content\/uploads\/sites\/28\/2022\/05\/ligne.png","type":"image\/png"}],"twitter_card":"summary_large_image","schema":{"@context":"https:\/\/schema.org","@graph":[{"@type":"WebPage","@id":"https:\/\/lesaffre.eg\/fr\/levure-pressee\/","url":"https:\/\/lesaffre.eg\/fr\/levure-pressee\/","name":"Levure Press\u00e9e - Lesaffre Egypt","isPartOf":{"@id":"https:\/\/lesaffre.eg\/#website"},"primaryImageOfPage":{"@id":"https:\/\/lesaffre.eg\/fr\/levure-pressee\/#primaryimage"},"image":{"@id":"https:\/\/lesaffre.eg\/fr\/levure-pressee\/#primaryimage"},"thumbnailUrl":"https:\/\/lesaffre.eg\/wp-content\/uploads\/sites\/28\/2022\/05\/ligne.png","datePublished":"2024-12-23T09:48:52+00:00","dateModified":"2025-06-20T11:51:41+00:00","breadcrumb":{"@id":"https:\/\/lesaffre.eg\/fr\/levure-pressee\/#breadcrumb"},"inLanguage":"fr-FR","potentialAction":[{"@type":"ReadAction","target":["https:\/\/lesaffre.eg\/fr\/levure-pressee\/"]}]},{"@type":"ImageObject","inLanguage":"fr-FR","@id":"https:\/\/lesaffre.eg\/fr\/levure-pressee\/#primaryimage","url":"https:\/\/lesaffre.eg\/wp-content\/uploads\/sites\/28\/2022\/05\/ligne.png","contentUrl":"https:\/\/lesaffre.eg\/wp-content\/uploads\/sites\/28\/2022\/05\/ligne.png"},{"@type":"BreadcrumbList","@id":"https:\/\/lesaffre.eg\/fr\/levure-pressee\/#breadcrumb","itemListElement":[{"@type":"ListItem","position":1,"name":"Home","item":"https:\/\/lesaffre.eg\/ar\/"},{"@type":"ListItem","position":2,"name":"Levure Press\u00e9e"}]},{"@type":"WebSite","@id":"https:\/\/lesaffre.eg\/#website","url":"https:\/\/lesaffre.eg\/","name":"Lesaffre Egypt","description":"","potentialAction":[{"@type":"SearchAction","target":{"@type":"EntryPoint","urlTemplate":"https:\/\/lesaffre.eg\/?s={search_term_string}"},"query-input":{"@type":"PropertyValueSpecification","valueRequired":true,"valueName":"search_term_string"}}],"inLanguage":"fr-FR"}]}},"_links":{"self":[{"href":"https:\/\/lesaffre.eg\/fr\/wp-json\/wp\/v2\/pages\/4487","targetHints":{"allow":["GET"]}}],"collection":[{"href":"https:\/\/lesaffre.eg\/fr\/wp-json\/wp\/v2\/pages"}],"about":[{"href":"https:\/\/lesaffre.eg\/fr\/wp-json\/wp\/v2\/types\/page"}],"author":[{"embeddable":true,"href":"https:\/\/lesaffre.eg\/fr\/wp-json\/wp\/v2\/users\/65"}],"replies":[{"embeddable":true,"href":"https:\/\/lesaffre.eg\/fr\/wp-json\/wp\/v2\/comments?post=4487"}],"version-history":[{"count":1,"href":"https:\/\/lesaffre.eg\/fr\/wp-json\/wp\/v2\/pages\/4487\/revisions"}],"predecessor-version":[{"id":4490,"href":"https:\/\/lesaffre.eg\/fr\/wp-json\/wp\/v2\/pages\/4487\/revisions\/4490"}],"wp:attachment":[{"href":"https:\/\/lesaffre.eg\/fr\/wp-json\/wp\/v2\/media?parent=4487"}],"curies":[{"name":"wp","href":"https:\/\/api.w.org\/{rel}","templated":true}]}}