{"id":4414,"date":"2024-12-23T11:28:11","date_gmt":"2024-12-23T09:28:11","guid":{"rendered":"https:\/\/lesaffre.eg\/produit\/il-forno-liquid-yeast\/"},"modified":"2024-12-23T11:28:11","modified_gmt":"2024-12-23T09:28:11","slug":"il-forno-liquid-yeast","status":"publish","type":"product","link":"https:\/\/lesaffre.eg\/fr\/produit\/il-forno-liquid-yeast\/","title":{"rendered":"IL Forno Liquid Yeast"},"content":{"rendered":"<p class=\"p1\"><span style=\"vertical-align: inherit\"><span style=\"vertical-align: inherit\">La levure liquide, un champignon unicellulaire, est produite par la multiplication d&rsquo;une souche pure de cellules Saccharomyces cerevisiae avec des performances de tol\u00e9rance Stander ou Osmo.<\/span><\/span><\/p>\n<p class=\"p1\"><span style=\"vertical-align: inherit\"><span style=\"vertical-align: inherit\">Cette levure se pr\u00e9sente sous forme de liquide cr\u00e9meux beige avec l&rsquo;odeur caract\u00e9ristique de la levure de boulanger. Vous pouvez l&rsquo;incorporer directement \u00e0 la farine ou l&rsquo;ajouter \u00e0 la p\u00e2te pendant le p\u00e9trissage. Le dosage id\u00e9al d\u00e9pendra de plusieurs facteurs, notamment de votre application, de votre recette, du type de proc\u00e9d\u00e9 et des conditions sp\u00e9cifiques de votre production. <\/span><\/span><\/p>\n<p>&nbsp;<\/p>\n<p class=\"p1\"><b><span style=\"vertical-align: inherit\"><span style=\"vertical-align: inherit\">Stockage:<\/span><\/span><\/b><\/p>\n<p class=\"p1\"><span style=\"vertical-align: inherit\"><span style=\"vertical-align: inherit\">Temp\u00e9rature de conservation id\u00e9ale : 3 &#8211; 5 \u00b0C<\/span><\/span><\/p>\n<p>&nbsp;<\/p>\n<p class=\"p1\"><b><span style=\"vertical-align: inherit\"><span style=\"vertical-align: inherit\">Dur\u00e9e de Vie du Produit :<\/span><\/span><\/b><\/p>\n<p class=\"p1\"><span style=\"vertical-align: inherit\"><span style=\"vertical-align: inherit\">10 jours \u00e0 partir de la date de production. Consommez imm\u00e9diatement apr\u00e8s ouverture. <\/span><\/span><\/p>\n<p>&nbsp;<\/p>\n<p class=\"p1\"><b><span style=\"vertical-align: inherit\"><span style=\"vertical-align: inherit\">Poids disponibles :<\/span><\/span><\/b><\/p>\n<p class=\"p1\"><span style=\"vertical-align: inherit\"><span style=\"vertical-align: inherit\">Cuve IBC de 1000 kg<\/span><\/span><\/p>\n","protected":false},"excerpt":{"rendered":"<p>La levure liquide, un champignon unicellulaire, est produite par la multiplication d&rsquo;une souche pure de cellules Saccharomyces cerevisiae avec des performances de tol\u00e9rance Stander ou Osmo. Cette levure se pr\u00e9sente sous forme de liquide cr\u00e9meux beige avec l&rsquo;odeur caract\u00e9ristique de la levure de boulanger. Vous pouvez l&rsquo;incorporer directement \u00e0 la farine ou l&rsquo;ajouter \u00e0 la [&hellip;]<\/p>\n","protected":false},"featured_media":4416,"comment_status":"closed","ping_status":"closed","template":"","meta":{"_acf_changed":false,"inline_featured_image":false},"product_brand":[],"product_cat":[106,107],"product_tag":[],"class_list":{"0":"post-4414","1":"product","2":"type-product","3":"status-publish","4":"has-post-thumbnail","6":"product_cat-levure-fraiche","7":"product_cat-levure-liquide","9":"first","10":"instock","11":"shipping-taxable","12":"product-type-simple"},"acf":[],"yoast_head":"<!-- This site is optimized with the Yoast SEO plugin v27.4 - https:\/\/yoast.com\/product\/yoast-seo-wordpress\/ -->\n<title>IL Forno Liquid Yeast - Lesaffre Egypt<\/title>\n<meta name=\"robots\" content=\"index, follow, max-snippet:-1, max-image-preview:large, max-video-preview:-1\" \/>\n<link rel=\"canonical\" href=\"https:\/\/lesaffre.eg\/produit\/il-forno-liquid-yeast\/\" \/>\n<meta property=\"og:locale\" content=\"fr_FR\" \/>\n<meta property=\"og:type\" content=\"article\" \/>\n<meta property=\"og:title\" content=\"IL Forno Liquid Yeast - Lesaffre Egypt\" \/>\n<meta property=\"og:description\" content=\"La levure liquide, un champignon unicellulaire, est produite par la multiplication d&rsquo;une souche pure de cellules Saccharomyces cerevisiae avec des performances de tol\u00e9rance Stander ou Osmo. Cette levure se pr\u00e9sente sous forme de liquide cr\u00e9meux beige avec l&rsquo;odeur caract\u00e9ristique de la levure de boulanger. Vous pouvez l&rsquo;incorporer directement \u00e0 la farine ou l&rsquo;ajouter \u00e0 la [&hellip;]\" \/>\n<meta property=\"og:url\" content=\"https:\/\/lesaffre.eg\/produit\/il-forno-liquid-yeast\/\" \/>\n<meta property=\"og:site_name\" content=\"Lesaffre Egypt\" \/>\n<meta name=\"twitter:card\" content=\"summary_large_image\" \/>\n<meta name=\"twitter:label1\" content=\"Dur\u00e9e de lecture estim\u00e9e\" \/>\n\t<meta name=\"twitter:data1\" content=\"1 minute\" \/>\n<script type=\"application\/ld+json\" class=\"yoast-schema-graph\">{\"@context\":\"https:\\\/\\\/schema.org\",\"@graph\":[{\"@type\":\"WebPage\",\"@id\":\"https:\\\/\\\/lesaffre.eg\\\/produit\\\/il-forno-liquid-yeast\\\/\",\"url\":\"https:\\\/\\\/lesaffre.eg\\\/produit\\\/il-forno-liquid-yeast\\\/\",\"name\":\"IL Forno Liquid Yeast - Lesaffre Egypt\",\"isPartOf\":{\"@id\":\"https:\\\/\\\/lesaffre.eg\\\/#website\"},\"primaryImageOfPage\":{\"@id\":\"https:\\\/\\\/lesaffre.eg\\\/produit\\\/il-forno-liquid-yeast\\\/#primaryimage\"},\"image\":{\"@id\":\"https:\\\/\\\/lesaffre.eg\\\/produit\\\/il-forno-liquid-yeast\\\/#primaryimage\"},\"thumbnailUrl\":\"https:\\\/\\\/lesaffre.eg\\\/wp-content\\\/uploads\\\/sites\\\/28\\\/2024\\\/12\\\/liq.jpg\",\"datePublished\":\"2024-12-23T09:28:11+00:00\",\"breadcrumb\":{\"@id\":\"https:\\\/\\\/lesaffre.eg\\\/produit\\\/il-forno-liquid-yeast\\\/#breadcrumb\"},\"inLanguage\":\"fr-FR\",\"potentialAction\":[{\"@type\":\"ReadAction\",\"target\":[\"https:\\\/\\\/lesaffre.eg\\\/produit\\\/il-forno-liquid-yeast\\\/\"]}]},{\"@type\":\"ImageObject\",\"inLanguage\":\"fr-FR\",\"@id\":\"https:\\\/\\\/lesaffre.eg\\\/produit\\\/il-forno-liquid-yeast\\\/#primaryimage\",\"url\":\"https:\\\/\\\/lesaffre.eg\\\/wp-content\\\/uploads\\\/sites\\\/28\\\/2024\\\/12\\\/liq.jpg\",\"contentUrl\":\"https:\\\/\\\/lesaffre.eg\\\/wp-content\\\/uploads\\\/sites\\\/28\\\/2024\\\/12\\\/liq.jpg\",\"width\":1600,\"height\":1600},{\"@type\":\"BreadcrumbList\",\"@id\":\"https:\\\/\\\/lesaffre.eg\\\/produit\\\/il-forno-liquid-yeast\\\/#breadcrumb\",\"itemListElement\":[{\"@type\":\"ListItem\",\"position\":1,\"name\":\"Home\",\"item\":\"https:\\\/\\\/lesaffre.eg\\\/ar\\\/\"},{\"@type\":\"ListItem\",\"position\":2,\"name\":\"Boutique\",\"item\":\"https:\\\/\\\/lesaffre.eg\\\/boutique\\\/\"},{\"@type\":\"ListItem\",\"position\":3,\"name\":\"IL Forno Liquid Yeast\"}]},{\"@type\":\"WebSite\",\"@id\":\"https:\\\/\\\/lesaffre.eg\\\/#website\",\"url\":\"https:\\\/\\\/lesaffre.eg\\\/\",\"name\":\"Lesaffre Egypt\",\"description\":\"\",\"potentialAction\":[{\"@type\":\"SearchAction\",\"target\":{\"@type\":\"EntryPoint\",\"urlTemplate\":\"https:\\\/\\\/lesaffre.eg\\\/?s={search_term_string}\"},\"query-input\":{\"@type\":\"PropertyValueSpecification\",\"valueRequired\":true,\"valueName\":\"search_term_string\"}}],\"inLanguage\":\"fr-FR\"}]}<\/script>\n<!-- \/ Yoast SEO plugin. -->","yoast_head_json":{"title":"IL Forno Liquid Yeast - Lesaffre Egypt","robots":{"index":"index","follow":"follow","max-snippet":"max-snippet:-1","max-image-preview":"max-image-preview:large","max-video-preview":"max-video-preview:-1"},"canonical":"https:\/\/lesaffre.eg\/produit\/il-forno-liquid-yeast\/","og_locale":"fr_FR","og_type":"article","og_title":"IL Forno Liquid Yeast - Lesaffre Egypt","og_description":"La levure liquide, un champignon unicellulaire, est produite par la multiplication d&rsquo;une souche pure de cellules Saccharomyces cerevisiae avec des performances de tol\u00e9rance Stander ou Osmo. Cette levure se pr\u00e9sente sous forme de liquide cr\u00e9meux beige avec l&rsquo;odeur caract\u00e9ristique de la levure de boulanger. Vous pouvez l&rsquo;incorporer directement \u00e0 la farine ou l&rsquo;ajouter \u00e0 la [&hellip;]","og_url":"https:\/\/lesaffre.eg\/produit\/il-forno-liquid-yeast\/","og_site_name":"Lesaffre Egypt","twitter_card":"summary_large_image","twitter_misc":{"Dur\u00e9e de lecture estim\u00e9e":"1 minute"},"schema":{"@context":"https:\/\/schema.org","@graph":[{"@type":"WebPage","@id":"https:\/\/lesaffre.eg\/produit\/il-forno-liquid-yeast\/","url":"https:\/\/lesaffre.eg\/produit\/il-forno-liquid-yeast\/","name":"IL Forno Liquid Yeast - Lesaffre Egypt","isPartOf":{"@id":"https:\/\/lesaffre.eg\/#website"},"primaryImageOfPage":{"@id":"https:\/\/lesaffre.eg\/produit\/il-forno-liquid-yeast\/#primaryimage"},"image":{"@id":"https:\/\/lesaffre.eg\/produit\/il-forno-liquid-yeast\/#primaryimage"},"thumbnailUrl":"https:\/\/lesaffre.eg\/wp-content\/uploads\/sites\/28\/2024\/12\/liq.jpg","datePublished":"2024-12-23T09:28:11+00:00","breadcrumb":{"@id":"https:\/\/lesaffre.eg\/produit\/il-forno-liquid-yeast\/#breadcrumb"},"inLanguage":"fr-FR","potentialAction":[{"@type":"ReadAction","target":["https:\/\/lesaffre.eg\/produit\/il-forno-liquid-yeast\/"]}]},{"@type":"ImageObject","inLanguage":"fr-FR","@id":"https:\/\/lesaffre.eg\/produit\/il-forno-liquid-yeast\/#primaryimage","url":"https:\/\/lesaffre.eg\/wp-content\/uploads\/sites\/28\/2024\/12\/liq.jpg","contentUrl":"https:\/\/lesaffre.eg\/wp-content\/uploads\/sites\/28\/2024\/12\/liq.jpg","width":1600,"height":1600},{"@type":"BreadcrumbList","@id":"https:\/\/lesaffre.eg\/produit\/il-forno-liquid-yeast\/#breadcrumb","itemListElement":[{"@type":"ListItem","position":1,"name":"Home","item":"https:\/\/lesaffre.eg\/ar\/"},{"@type":"ListItem","position":2,"name":"Boutique","item":"https:\/\/lesaffre.eg\/boutique\/"},{"@type":"ListItem","position":3,"name":"IL Forno Liquid Yeast"}]},{"@type":"WebSite","@id":"https:\/\/lesaffre.eg\/#website","url":"https:\/\/lesaffre.eg\/","name":"Lesaffre Egypt","description":"","potentialAction":[{"@type":"SearchAction","target":{"@type":"EntryPoint","urlTemplate":"https:\/\/lesaffre.eg\/?s={search_term_string}"},"query-input":{"@type":"PropertyValueSpecification","valueRequired":true,"valueName":"search_term_string"}}],"inLanguage":"fr-FR"}]}},"_links":{"self":[{"href":"https:\/\/lesaffre.eg\/fr\/wp-json\/wp\/v2\/product\/4414","targetHints":{"allow":["GET"]}}],"collection":[{"href":"https:\/\/lesaffre.eg\/fr\/wp-json\/wp\/v2\/product"}],"about":[{"href":"https:\/\/lesaffre.eg\/fr\/wp-json\/wp\/v2\/types\/product"}],"replies":[{"embeddable":true,"href":"https:\/\/lesaffre.eg\/fr\/wp-json\/wp\/v2\/comments?post=4414"}],"wp:featuredmedia":[{"embeddable":true,"href":"https:\/\/lesaffre.eg\/fr\/wp-json\/wp\/v2\/media\/4416"}],"wp:attachment":[{"href":"https:\/\/lesaffre.eg\/fr\/wp-json\/wp\/v2\/media?parent=4414"}],"wp:term":[{"taxonomy":"product_brand","embeddable":true,"href":"https:\/\/lesaffre.eg\/fr\/wp-json\/wp\/v2\/product_brand?post=4414"},{"taxonomy":"product_cat","embeddable":true,"href":"https:\/\/lesaffre.eg\/fr\/wp-json\/wp\/v2\/product_cat?post=4414"},{"taxonomy":"product_tag","embeddable":true,"href":"https:\/\/lesaffre.eg\/fr\/wp-json\/wp\/v2\/product_tag?post=4414"}],"curies":[{"name":"wp","href":"https:\/\/api.w.org\/{rel}","templated":true}]}}