{"id":4436,"date":"2024-12-23T13:15:45","date_gmt":"2024-12-23T11:15:45","guid":{"rendered":"https:\/\/lesaffre.eg\/produit\/saf-instant-the-original\/"},"modified":"2024-12-23T13:15:45","modified_gmt":"2024-12-23T11:15:45","slug":"saf-instant-the-original","status":"publish","type":"product","link":"https:\/\/lesaffre.eg\/fr\/produit\/saf-instant-the-original\/","title":{"rendered":"Saf-instant\u00ae The Original"},"content":{"rendered":"<p class=\"p1\">Saf-instant\u00ae The Original Red est une levure s\u00e8che instantan\u00e9e de haute performance, id\u00e9ale pour les pains \u00e0 faible teneur en sucre ou les p\u00e2tes maigres. Son format en sachet de 11g la rend facile \u00e0 doser et \u00e0 utiliser dans vos recettes. <\/p>\n<p class=\"p1\">Gr\u00e2ce \u00e0 sa fermentation rapide, Saf-instant\u00ae Rouge permet d&rsquo;obtenir une bonne lev\u00e9e du pain de mani\u00e8re simple, fiable et efficace, pour un r\u00e9sultat optimal ! Historique et authentique, Saf-instant\u00ae The Original Red est la levure s\u00e8che instantan\u00e9e qui facilite la vie des amateurs de pain fait maison depuis plus de 50 ans ! <\/p>\n<p class=\"p1\"><b>Poids disponibles :<\/b><\/p>\n<p class=\"p1\">Carton de 3,2 kg compos\u00e9 de 12 pr\u00e9sentoirs (bo\u00eetes de regroupement) de 24 sachets de 11g chacun.<\/p>\n<p class=\"p1\"><b>Stockage: <\/b><\/p>\n<p class=\"p1\">Conservez le produit dans un endroit frais et sec.<\/p>\n<p class=\"p1\"><b>Dur\u00e9e de Vie du Produit :<\/b><\/p>\n<p class=\"p1\">2 ans \u00e0 compter de la date de production.<\/p>\n","protected":false},"excerpt":{"rendered":"<p>Saf-instant\u00ae The Original Red est une levure s\u00e8che instantan\u00e9e de haute performance, id\u00e9ale pour les pains \u00e0 faible teneur en sucre ou les p\u00e2tes maigres. Son format en sachet de 11g la rend facile \u00e0 doser et \u00e0 utiliser dans vos recettes. Gr\u00e2ce \u00e0 sa fermentation rapide, Saf-instant\u00ae Rouge permet d&rsquo;obtenir une bonne lev\u00e9e du [&hellip;]<\/p>\n","protected":false},"featured_media":4437,"comment_status":"closed","ping_status":"closed","template":"","meta":{"_acf_changed":false,"inline_featured_image":false},"product_brand":[],"product_cat":[109],"product_tag":[],"class_list":{"0":"post-4436","1":"product","2":"type-product","3":"status-publish","4":"has-post-thumbnail","6":"product_cat-patisserie-maison","8":"first","9":"instock","10":"shipping-taxable","11":"product-type-simple"},"acf":[],"yoast_head":"<!-- This site is optimized with the Yoast SEO plugin v27.4 - https:\/\/yoast.com\/product\/yoast-seo-wordpress\/ -->\n<title>Saf-instant\u00ae The Original - Lesaffre Egypt<\/title>\n<meta name=\"robots\" content=\"index, follow, max-snippet:-1, max-image-preview:large, max-video-preview:-1\" \/>\n<link rel=\"canonical\" href=\"https:\/\/lesaffre.eg\/produit\/saf-instant-the-original\/\" \/>\n<meta property=\"og:locale\" content=\"fr_FR\" \/>\n<meta property=\"og:type\" content=\"article\" \/>\n<meta property=\"og:title\" content=\"Saf-instant\u00ae The Original - Lesaffre Egypt\" \/>\n<meta property=\"og:description\" content=\"Saf-instant\u00ae The Original Red est une levure s\u00e8che instantan\u00e9e de haute performance, id\u00e9ale pour les pains \u00e0 faible teneur en sucre ou les p\u00e2tes maigres. Son format en sachet de 11g la rend facile \u00e0 doser et \u00e0 utiliser dans vos recettes. Gr\u00e2ce \u00e0 sa fermentation rapide, Saf-instant\u00ae Rouge permet d&rsquo;obtenir une bonne lev\u00e9e du [&hellip;]\" \/>\n<meta property=\"og:url\" content=\"https:\/\/lesaffre.eg\/produit\/saf-instant-the-original\/\" \/>\n<meta property=\"og:site_name\" content=\"Lesaffre Egypt\" \/>\n<meta name=\"twitter:card\" content=\"summary_large_image\" \/>\n<meta name=\"twitter:label1\" content=\"Dur\u00e9e de lecture estim\u00e9e\" \/>\n\t<meta name=\"twitter:data1\" content=\"1 minute\" \/>\n<script type=\"application\/ld+json\" class=\"yoast-schema-graph\">{\"@context\":\"https:\\\/\\\/schema.org\",\"@graph\":[{\"@type\":\"WebPage\",\"@id\":\"https:\\\/\\\/lesaffre.eg\\\/produit\\\/saf-instant-the-original\\\/\",\"url\":\"https:\\\/\\\/lesaffre.eg\\\/produit\\\/saf-instant-the-original\\\/\",\"name\":\"Saf-instant\u00ae The Original - Lesaffre Egypt\",\"isPartOf\":{\"@id\":\"https:\\\/\\\/lesaffre.eg\\\/#website\"},\"primaryImageOfPage\":{\"@id\":\"https:\\\/\\\/lesaffre.eg\\\/produit\\\/saf-instant-the-original\\\/#primaryimage\"},\"image\":{\"@id\":\"https:\\\/\\\/lesaffre.eg\\\/produit\\\/saf-instant-the-original\\\/#primaryimage\"},\"thumbnailUrl\":\"https:\\\/\\\/lesaffre.eg\\\/wp-content\\\/uploads\\\/sites\\\/28\\\/2024\\\/12\\\/original-red-11g.jpg\",\"datePublished\":\"2024-12-23T11:15:45+00:00\",\"breadcrumb\":{\"@id\":\"https:\\\/\\\/lesaffre.eg\\\/produit\\\/saf-instant-the-original\\\/#breadcrumb\"},\"inLanguage\":\"fr-FR\",\"potentialAction\":[{\"@type\":\"ReadAction\",\"target\":[\"https:\\\/\\\/lesaffre.eg\\\/produit\\\/saf-instant-the-original\\\/\"]}]},{\"@type\":\"ImageObject\",\"inLanguage\":\"fr-FR\",\"@id\":\"https:\\\/\\\/lesaffre.eg\\\/produit\\\/saf-instant-the-original\\\/#primaryimage\",\"url\":\"https:\\\/\\\/lesaffre.eg\\\/wp-content\\\/uploads\\\/sites\\\/28\\\/2024\\\/12\\\/original-red-11g.jpg\",\"contentUrl\":\"https:\\\/\\\/lesaffre.eg\\\/wp-content\\\/uploads\\\/sites\\\/28\\\/2024\\\/12\\\/original-red-11g.jpg\",\"width\":800,\"height\":800},{\"@type\":\"BreadcrumbList\",\"@id\":\"https:\\\/\\\/lesaffre.eg\\\/produit\\\/saf-instant-the-original\\\/#breadcrumb\",\"itemListElement\":[{\"@type\":\"ListItem\",\"position\":1,\"name\":\"Home\",\"item\":\"https:\\\/\\\/lesaffre.eg\\\/ar\\\/\"},{\"@type\":\"ListItem\",\"position\":2,\"name\":\"Boutique\",\"item\":\"https:\\\/\\\/lesaffre.eg\\\/boutique\\\/\"},{\"@type\":\"ListItem\",\"position\":3,\"name\":\"Saf-instant\u00ae The Original\"}]},{\"@type\":\"WebSite\",\"@id\":\"https:\\\/\\\/lesaffre.eg\\\/#website\",\"url\":\"https:\\\/\\\/lesaffre.eg\\\/\",\"name\":\"Lesaffre Egypt\",\"description\":\"\",\"potentialAction\":[{\"@type\":\"SearchAction\",\"target\":{\"@type\":\"EntryPoint\",\"urlTemplate\":\"https:\\\/\\\/lesaffre.eg\\\/?s={search_term_string}\"},\"query-input\":{\"@type\":\"PropertyValueSpecification\",\"valueRequired\":true,\"valueName\":\"search_term_string\"}}],\"inLanguage\":\"fr-FR\"}]}<\/script>\n<!-- \/ Yoast SEO plugin. -->","yoast_head_json":{"title":"Saf-instant\u00ae The Original - Lesaffre Egypt","robots":{"index":"index","follow":"follow","max-snippet":"max-snippet:-1","max-image-preview":"max-image-preview:large","max-video-preview":"max-video-preview:-1"},"canonical":"https:\/\/lesaffre.eg\/produit\/saf-instant-the-original\/","og_locale":"fr_FR","og_type":"article","og_title":"Saf-instant\u00ae The Original - Lesaffre Egypt","og_description":"Saf-instant\u00ae The Original Red est une levure s\u00e8che instantan\u00e9e de haute performance, id\u00e9ale pour les pains \u00e0 faible teneur en sucre ou les p\u00e2tes maigres. Son format en sachet de 11g la rend facile \u00e0 doser et \u00e0 utiliser dans vos recettes. Gr\u00e2ce \u00e0 sa fermentation rapide, Saf-instant\u00ae Rouge permet d&rsquo;obtenir une bonne lev\u00e9e du [&hellip;]","og_url":"https:\/\/lesaffre.eg\/produit\/saf-instant-the-original\/","og_site_name":"Lesaffre Egypt","twitter_card":"summary_large_image","twitter_misc":{"Dur\u00e9e de lecture estim\u00e9e":"1 minute"},"schema":{"@context":"https:\/\/schema.org","@graph":[{"@type":"WebPage","@id":"https:\/\/lesaffre.eg\/produit\/saf-instant-the-original\/","url":"https:\/\/lesaffre.eg\/produit\/saf-instant-the-original\/","name":"Saf-instant\u00ae The Original - Lesaffre Egypt","isPartOf":{"@id":"https:\/\/lesaffre.eg\/#website"},"primaryImageOfPage":{"@id":"https:\/\/lesaffre.eg\/produit\/saf-instant-the-original\/#primaryimage"},"image":{"@id":"https:\/\/lesaffre.eg\/produit\/saf-instant-the-original\/#primaryimage"},"thumbnailUrl":"https:\/\/lesaffre.eg\/wp-content\/uploads\/sites\/28\/2024\/12\/original-red-11g.jpg","datePublished":"2024-12-23T11:15:45+00:00","breadcrumb":{"@id":"https:\/\/lesaffre.eg\/produit\/saf-instant-the-original\/#breadcrumb"},"inLanguage":"fr-FR","potentialAction":[{"@type":"ReadAction","target":["https:\/\/lesaffre.eg\/produit\/saf-instant-the-original\/"]}]},{"@type":"ImageObject","inLanguage":"fr-FR","@id":"https:\/\/lesaffre.eg\/produit\/saf-instant-the-original\/#primaryimage","url":"https:\/\/lesaffre.eg\/wp-content\/uploads\/sites\/28\/2024\/12\/original-red-11g.jpg","contentUrl":"https:\/\/lesaffre.eg\/wp-content\/uploads\/sites\/28\/2024\/12\/original-red-11g.jpg","width":800,"height":800},{"@type":"BreadcrumbList","@id":"https:\/\/lesaffre.eg\/produit\/saf-instant-the-original\/#breadcrumb","itemListElement":[{"@type":"ListItem","position":1,"name":"Home","item":"https:\/\/lesaffre.eg\/ar\/"},{"@type":"ListItem","position":2,"name":"Boutique","item":"https:\/\/lesaffre.eg\/boutique\/"},{"@type":"ListItem","position":3,"name":"Saf-instant\u00ae The Original"}]},{"@type":"WebSite","@id":"https:\/\/lesaffre.eg\/#website","url":"https:\/\/lesaffre.eg\/","name":"Lesaffre Egypt","description":"","potentialAction":[{"@type":"SearchAction","target":{"@type":"EntryPoint","urlTemplate":"https:\/\/lesaffre.eg\/?s={search_term_string}"},"query-input":{"@type":"PropertyValueSpecification","valueRequired":true,"valueName":"search_term_string"}}],"inLanguage":"fr-FR"}]}},"_links":{"self":[{"href":"https:\/\/lesaffre.eg\/fr\/wp-json\/wp\/v2\/product\/4436","targetHints":{"allow":["GET"]}}],"collection":[{"href":"https:\/\/lesaffre.eg\/fr\/wp-json\/wp\/v2\/product"}],"about":[{"href":"https:\/\/lesaffre.eg\/fr\/wp-json\/wp\/v2\/types\/product"}],"replies":[{"embeddable":true,"href":"https:\/\/lesaffre.eg\/fr\/wp-json\/wp\/v2\/comments?post=4436"}],"wp:featuredmedia":[{"embeddable":true,"href":"https:\/\/lesaffre.eg\/fr\/wp-json\/wp\/v2\/media\/4437"}],"wp:attachment":[{"href":"https:\/\/lesaffre.eg\/fr\/wp-json\/wp\/v2\/media?parent=4436"}],"wp:term":[{"taxonomy":"product_brand","embeddable":true,"href":"https:\/\/lesaffre.eg\/fr\/wp-json\/wp\/v2\/product_brand?post=4436"},{"taxonomy":"product_cat","embeddable":true,"href":"https:\/\/lesaffre.eg\/fr\/wp-json\/wp\/v2\/product_cat?post=4436"},{"taxonomy":"product_tag","embeddable":true,"href":"https:\/\/lesaffre.eg\/fr\/wp-json\/wp\/v2\/product_tag?post=4436"}],"curies":[{"name":"wp","href":"https:\/\/api.w.org\/{rel}","templated":true}]}}