{"id":4438,"date":"2024-12-23T13:16:41","date_gmt":"2024-12-23T11:16:41","guid":{"rendered":"https:\/\/lesaffre.eg\/produit\/mr-bakery\/"},"modified":"2024-12-23T13:16:41","modified_gmt":"2024-12-23T11:16:41","slug":"mr-bakery","status":"publish","type":"product","link":"https:\/\/lesaffre.eg\/fr\/produit\/mr-bakery\/","title":{"rendered":"Mr. Bakery"},"content":{"rendered":"<p class=\"p1\">Mr. Bakery Levure S\u00e8che Instantan\u00e9e est votre alli\u00e9e pour la boulangerie maison au quotidien. Sa qualit\u00e9 garantie assure les meilleurs r\u00e9sultats pour toutes vos pr\u00e9parations!<span class=\"Apple-converted-space\"> <\/span><\/p>\n<p class=\"p2\"><b>Poids disponibles :<\/b><\/p>\n<p class=\"p2\">Carton of 3 kg of 12 showbox of 25 sachets of 10g<\/p>\n<p class=\"p2\"><b>Stockage: <\/b><\/p>\n<p class=\"p2\">Conservez le produit dans un endroit frais et sec.<\/p>\n<p class=\"p2\"><b>Dur\u00e9e de Vie du Produit :<\/b><\/p>\n<p class=\"p2\">2 ans \u00e0 compter de la date de production.<\/p>\n","protected":false},"excerpt":{"rendered":"<p>Mr. Bakery Levure S\u00e8che Instantan\u00e9e est votre alli\u00e9e pour la boulangerie maison au quotidien. Sa qualit\u00e9 garantie assure les meilleurs r\u00e9sultats pour toutes vos pr\u00e9parations! Poids disponibles : Carton of 3 kg of 12 showbox of 25 sachets of 10g Stockage: Conservez le produit dans un endroit frais et sec. Dur\u00e9e de Vie du Produit [&hellip;]<\/p>\n","protected":false},"featured_media":4439,"comment_status":"closed","ping_status":"closed","template":"","meta":{"_acf_changed":false,"inline_featured_image":false},"product_brand":[],"product_cat":[109],"product_tag":[],"class_list":{"0":"post-4438","1":"product","2":"type-product","3":"status-publish","4":"has-post-thumbnail","6":"product_cat-patisserie-maison","8":"first","9":"instock","10":"shipping-taxable","11":"product-type-simple"},"acf":[],"yoast_head":"<!-- This site is optimized with the Yoast SEO plugin v27.4 - https:\/\/yoast.com\/product\/yoast-seo-wordpress\/ -->\n<title>Mr. Bakery - Lesaffre Egypt<\/title>\n<meta name=\"robots\" content=\"index, follow, max-snippet:-1, max-image-preview:large, max-video-preview:-1\" \/>\n<link rel=\"canonical\" href=\"https:\/\/lesaffre.eg\/produit\/mr-bakery\/\" \/>\n<meta property=\"og:locale\" content=\"fr_FR\" \/>\n<meta property=\"og:type\" content=\"article\" \/>\n<meta property=\"og:title\" content=\"Mr. Bakery - Lesaffre Egypt\" \/>\n<meta property=\"og:description\" content=\"Mr. Bakery Levure S\u00e8che Instantan\u00e9e est votre alli\u00e9e pour la boulangerie maison au quotidien. Sa qualit\u00e9 garantie assure les meilleurs r\u00e9sultats pour toutes vos pr\u00e9parations! Poids disponibles : Carton of 3 kg of 12 showbox of 25 sachets of 10g Stockage: Conservez le produit dans un endroit frais et sec. Dur\u00e9e de Vie du Produit [&hellip;]\" \/>\n<meta property=\"og:url\" content=\"https:\/\/lesaffre.eg\/produit\/mr-bakery\/\" \/>\n<meta property=\"og:site_name\" content=\"Lesaffre Egypt\" \/>\n<meta name=\"twitter:card\" content=\"summary_large_image\" \/>\n<script type=\"application\/ld+json\" class=\"yoast-schema-graph\">{\"@context\":\"https:\\\/\\\/schema.org\",\"@graph\":[{\"@type\":\"WebPage\",\"@id\":\"https:\\\/\\\/lesaffre.eg\\\/produit\\\/mr-bakery\\\/\",\"url\":\"https:\\\/\\\/lesaffre.eg\\\/produit\\\/mr-bakery\\\/\",\"name\":\"Mr. Bakery - Lesaffre Egypt\",\"isPartOf\":{\"@id\":\"https:\\\/\\\/lesaffre.eg\\\/#website\"},\"primaryImageOfPage\":{\"@id\":\"https:\\\/\\\/lesaffre.eg\\\/produit\\\/mr-bakery\\\/#primaryimage\"},\"image\":{\"@id\":\"https:\\\/\\\/lesaffre.eg\\\/produit\\\/mr-bakery\\\/#primaryimage\"},\"thumbnailUrl\":\"https:\\\/\\\/lesaffre.eg\\\/wp-content\\\/uploads\\\/sites\\\/28\\\/2024\\\/12\\\/whatsapp-image-2024-07-16-at-9.29.15-am.jpeg\",\"datePublished\":\"2024-12-23T11:16:41+00:00\",\"breadcrumb\":{\"@id\":\"https:\\\/\\\/lesaffre.eg\\\/produit\\\/mr-bakery\\\/#breadcrumb\"},\"inLanguage\":\"fr-FR\",\"potentialAction\":[{\"@type\":\"ReadAction\",\"target\":[\"https:\\\/\\\/lesaffre.eg\\\/produit\\\/mr-bakery\\\/\"]}]},{\"@type\":\"ImageObject\",\"inLanguage\":\"fr-FR\",\"@id\":\"https:\\\/\\\/lesaffre.eg\\\/produit\\\/mr-bakery\\\/#primaryimage\",\"url\":\"https:\\\/\\\/lesaffre.eg\\\/wp-content\\\/uploads\\\/sites\\\/28\\\/2024\\\/12\\\/whatsapp-image-2024-07-16-at-9.29.15-am.jpeg\",\"contentUrl\":\"https:\\\/\\\/lesaffre.eg\\\/wp-content\\\/uploads\\\/sites\\\/28\\\/2024\\\/12\\\/whatsapp-image-2024-07-16-at-9.29.15-am.jpeg\",\"width\":1255,\"height\":750},{\"@type\":\"BreadcrumbList\",\"@id\":\"https:\\\/\\\/lesaffre.eg\\\/produit\\\/mr-bakery\\\/#breadcrumb\",\"itemListElement\":[{\"@type\":\"ListItem\",\"position\":1,\"name\":\"Home\",\"item\":\"https:\\\/\\\/lesaffre.eg\\\/ar\\\/\"},{\"@type\":\"ListItem\",\"position\":2,\"name\":\"Boutique\",\"item\":\"https:\\\/\\\/lesaffre.eg\\\/boutique\\\/\"},{\"@type\":\"ListItem\",\"position\":3,\"name\":\"Mr. Bakery\"}]},{\"@type\":\"WebSite\",\"@id\":\"https:\\\/\\\/lesaffre.eg\\\/#website\",\"url\":\"https:\\\/\\\/lesaffre.eg\\\/\",\"name\":\"Lesaffre Egypt\",\"description\":\"\",\"potentialAction\":[{\"@type\":\"SearchAction\",\"target\":{\"@type\":\"EntryPoint\",\"urlTemplate\":\"https:\\\/\\\/lesaffre.eg\\\/?s={search_term_string}\"},\"query-input\":{\"@type\":\"PropertyValueSpecification\",\"valueRequired\":true,\"valueName\":\"search_term_string\"}}],\"inLanguage\":\"fr-FR\"}]}<\/script>\n<!-- \/ Yoast SEO plugin. -->","yoast_head_json":{"title":"Mr. Bakery - Lesaffre Egypt","robots":{"index":"index","follow":"follow","max-snippet":"max-snippet:-1","max-image-preview":"max-image-preview:large","max-video-preview":"max-video-preview:-1"},"canonical":"https:\/\/lesaffre.eg\/produit\/mr-bakery\/","og_locale":"fr_FR","og_type":"article","og_title":"Mr. Bakery - Lesaffre Egypt","og_description":"Mr. Bakery Levure S\u00e8che Instantan\u00e9e est votre alli\u00e9e pour la boulangerie maison au quotidien. Sa qualit\u00e9 garantie assure les meilleurs r\u00e9sultats pour toutes vos pr\u00e9parations! Poids disponibles : Carton of 3 kg of 12 showbox of 25 sachets of 10g Stockage: Conservez le produit dans un endroit frais et sec. Dur\u00e9e de Vie du Produit [&hellip;]","og_url":"https:\/\/lesaffre.eg\/produit\/mr-bakery\/","og_site_name":"Lesaffre Egypt","twitter_card":"summary_large_image","schema":{"@context":"https:\/\/schema.org","@graph":[{"@type":"WebPage","@id":"https:\/\/lesaffre.eg\/produit\/mr-bakery\/","url":"https:\/\/lesaffre.eg\/produit\/mr-bakery\/","name":"Mr. Bakery - Lesaffre Egypt","isPartOf":{"@id":"https:\/\/lesaffre.eg\/#website"},"primaryImageOfPage":{"@id":"https:\/\/lesaffre.eg\/produit\/mr-bakery\/#primaryimage"},"image":{"@id":"https:\/\/lesaffre.eg\/produit\/mr-bakery\/#primaryimage"},"thumbnailUrl":"https:\/\/lesaffre.eg\/wp-content\/uploads\/sites\/28\/2024\/12\/whatsapp-image-2024-07-16-at-9.29.15-am.jpeg","datePublished":"2024-12-23T11:16:41+00:00","breadcrumb":{"@id":"https:\/\/lesaffre.eg\/produit\/mr-bakery\/#breadcrumb"},"inLanguage":"fr-FR","potentialAction":[{"@type":"ReadAction","target":["https:\/\/lesaffre.eg\/produit\/mr-bakery\/"]}]},{"@type":"ImageObject","inLanguage":"fr-FR","@id":"https:\/\/lesaffre.eg\/produit\/mr-bakery\/#primaryimage","url":"https:\/\/lesaffre.eg\/wp-content\/uploads\/sites\/28\/2024\/12\/whatsapp-image-2024-07-16-at-9.29.15-am.jpeg","contentUrl":"https:\/\/lesaffre.eg\/wp-content\/uploads\/sites\/28\/2024\/12\/whatsapp-image-2024-07-16-at-9.29.15-am.jpeg","width":1255,"height":750},{"@type":"BreadcrumbList","@id":"https:\/\/lesaffre.eg\/produit\/mr-bakery\/#breadcrumb","itemListElement":[{"@type":"ListItem","position":1,"name":"Home","item":"https:\/\/lesaffre.eg\/ar\/"},{"@type":"ListItem","position":2,"name":"Boutique","item":"https:\/\/lesaffre.eg\/boutique\/"},{"@type":"ListItem","position":3,"name":"Mr. Bakery"}]},{"@type":"WebSite","@id":"https:\/\/lesaffre.eg\/#website","url":"https:\/\/lesaffre.eg\/","name":"Lesaffre Egypt","description":"","potentialAction":[{"@type":"SearchAction","target":{"@type":"EntryPoint","urlTemplate":"https:\/\/lesaffre.eg\/?s={search_term_string}"},"query-input":{"@type":"PropertyValueSpecification","valueRequired":true,"valueName":"search_term_string"}}],"inLanguage":"fr-FR"}]}},"_links":{"self":[{"href":"https:\/\/lesaffre.eg\/fr\/wp-json\/wp\/v2\/product\/4438","targetHints":{"allow":["GET"]}}],"collection":[{"href":"https:\/\/lesaffre.eg\/fr\/wp-json\/wp\/v2\/product"}],"about":[{"href":"https:\/\/lesaffre.eg\/fr\/wp-json\/wp\/v2\/types\/product"}],"replies":[{"embeddable":true,"href":"https:\/\/lesaffre.eg\/fr\/wp-json\/wp\/v2\/comments?post=4438"}],"wp:featuredmedia":[{"embeddable":true,"href":"https:\/\/lesaffre.eg\/fr\/wp-json\/wp\/v2\/media\/4439"}],"wp:attachment":[{"href":"https:\/\/lesaffre.eg\/fr\/wp-json\/wp\/v2\/media?parent=4438"}],"wp:term":[{"taxonomy":"product_brand","embeddable":true,"href":"https:\/\/lesaffre.eg\/fr\/wp-json\/wp\/v2\/product_brand?post=4438"},{"taxonomy":"product_cat","embeddable":true,"href":"https:\/\/lesaffre.eg\/fr\/wp-json\/wp\/v2\/product_cat?post=4438"},{"taxonomy":"product_tag","embeddable":true,"href":"https:\/\/lesaffre.eg\/fr\/wp-json\/wp\/v2\/product_tag?post=4438"}],"curies":[{"name":"wp","href":"https:\/\/api.w.org\/{rel}","templated":true}]}}