{"id":4442,"date":"2024-12-23T12:15:22","date_gmt":"2024-12-23T10:15:22","guid":{"rendered":"https:\/\/lesaffre.eg\/produit\/levure-emiettee\/"},"modified":"2024-12-23T12:15:22","modified_gmt":"2024-12-23T10:15:22","slug":"levure-emiettee","status":"publish","type":"product","link":"https:\/\/lesaffre.eg\/fr\/produit\/levure-emiettee\/","title":{"rendered":"Levure \u00c9miett\u00e9e"},"content":{"rendered":"<p class=\"p1\"><span style=\"vertical-align: inherit\"><span style=\"vertical-align: inherit\">La levure \u00e9miett\u00e9e est de la levure fra\u00eeche r\u00e9duite en petits morceaux.<\/span><\/span><\/p>\n<p class=\"p1\"><b><span style=\"vertical-align: inherit\"><span style=\"vertical-align: inherit\">Poids disponibles :<\/span><\/span><\/b><\/p>\n<p class=\"p1\"><span style=\"vertical-align: inherit\"><span style=\"vertical-align: inherit\">Sacs de 25 kg.<\/span><\/span><\/p>\n<p>&nbsp;<\/p>\n<p class=\"p1\"><b><span style=\"vertical-align: inherit\"><span style=\"vertical-align: inherit\">Stockage:<\/span><\/span><\/b><\/p>\n<p class=\"p1\"><span style=\"vertical-align: inherit\"><span style=\"vertical-align: inherit\">\u00c0 conserver \u00e0 une temp\u00e9rature id\u00e9ale de 0 \u00e0 4 \u00b0C.<\/span><\/span><\/p>\n<p>&nbsp;<\/p>\n<p class=\"p1\"><b><span style=\"vertical-align: inherit\"><span style=\"vertical-align: inherit\">Dur\u00e9e de Vie du Produit :<\/span><\/span><\/b><\/p>\n<p class=\"p1\"><span style=\"vertical-align: inherit\"><span style=\"vertical-align: inherit\">D\u00e9pend de la R\u00e9glementation Sp\u00e9cifique<\/span><\/span><\/p>\n","protected":false},"excerpt":{"rendered":"<p>La levure \u00e9miett\u00e9e est de la levure fra\u00eeche r\u00e9duite en petits morceaux. Poids disponibles : Sacs de 25 kg. &nbsp; Stockage: \u00c0 conserver \u00e0 une temp\u00e9rature id\u00e9ale de 0 \u00e0 4 \u00b0C. &nbsp; Dur\u00e9e de Vie du Produit : D\u00e9pend de la R\u00e9glementation Sp\u00e9cifique<\/p>\n","protected":false},"featured_media":4409,"comment_status":"closed","ping_status":"closed","template":"","meta":{"_acf_changed":false,"inline_featured_image":false},"product_brand":[],"product_cat":[110,106],"product_tag":[],"class_list":{"0":"post-4442","1":"product","2":"type-product","3":"status-publish","4":"has-post-thumbnail","6":"product_cat-levure-emiettee","7":"product_cat-levure-fraiche","9":"first","10":"instock","11":"shipping-taxable","12":"product-type-simple"},"acf":[],"yoast_head":"<!-- This site is optimized with the Yoast SEO plugin v27.4 - https:\/\/yoast.com\/product\/yoast-seo-wordpress\/ -->\n<title>Levure \u00c9miett\u00e9e - Lesaffre Egypt<\/title>\n<meta name=\"robots\" content=\"index, follow, max-snippet:-1, max-image-preview:large, max-video-preview:-1\" \/>\n<link rel=\"canonical\" href=\"https:\/\/lesaffre.eg\/produit\/levure-emiettee\/\" \/>\n<meta property=\"og:locale\" content=\"fr_FR\" \/>\n<meta property=\"og:type\" content=\"article\" \/>\n<meta property=\"og:title\" content=\"Levure \u00c9miett\u00e9e - Lesaffre Egypt\" \/>\n<meta property=\"og:description\" content=\"La levure \u00e9miett\u00e9e est de la levure fra\u00eeche r\u00e9duite en petits morceaux. Poids disponibles : Sacs de 25 kg. &nbsp; Stockage: \u00c0 conserver \u00e0 une temp\u00e9rature id\u00e9ale de 0 \u00e0 4 \u00b0C. &nbsp; Dur\u00e9e de Vie du Produit : D\u00e9pend de la R\u00e9glementation Sp\u00e9cifique\" \/>\n<meta property=\"og:url\" content=\"https:\/\/lesaffre.eg\/produit\/levure-emiettee\/\" \/>\n<meta property=\"og:site_name\" content=\"Lesaffre Egypt\" \/>\n<meta name=\"twitter:card\" content=\"summary_large_image\" \/>\n<script type=\"application\/ld+json\" class=\"yoast-schema-graph\">{\"@context\":\"https:\\\/\\\/schema.org\",\"@graph\":[{\"@type\":\"WebPage\",\"@id\":\"https:\\\/\\\/lesaffre.eg\\\/produit\\\/levure-emiettee\\\/\",\"url\":\"https:\\\/\\\/lesaffre.eg\\\/produit\\\/levure-emiettee\\\/\",\"name\":\"Levure \u00c9miett\u00e9e - Lesaffre Egypt\",\"isPartOf\":{\"@id\":\"https:\\\/\\\/lesaffre.eg\\\/#website\"},\"primaryImageOfPage\":{\"@id\":\"https:\\\/\\\/lesaffre.eg\\\/produit\\\/levure-emiettee\\\/#primaryimage\"},\"image\":{\"@id\":\"https:\\\/\\\/lesaffre.eg\\\/produit\\\/levure-emiettee\\\/#primaryimage\"},\"thumbnailUrl\":\"https:\\\/\\\/lesaffre.eg\\\/wp-content\\\/uploads\\\/sites\\\/28\\\/2024\\\/12\\\/crumbled-yeast-.jpg\",\"datePublished\":\"2024-12-23T10:15:22+00:00\",\"breadcrumb\":{\"@id\":\"https:\\\/\\\/lesaffre.eg\\\/produit\\\/levure-emiettee\\\/#breadcrumb\"},\"inLanguage\":\"fr-FR\",\"potentialAction\":[{\"@type\":\"ReadAction\",\"target\":[\"https:\\\/\\\/lesaffre.eg\\\/produit\\\/levure-emiettee\\\/\"]}]},{\"@type\":\"ImageObject\",\"inLanguage\":\"fr-FR\",\"@id\":\"https:\\\/\\\/lesaffre.eg\\\/produit\\\/levure-emiettee\\\/#primaryimage\",\"url\":\"https:\\\/\\\/lesaffre.eg\\\/wp-content\\\/uploads\\\/sites\\\/28\\\/2024\\\/12\\\/crumbled-yeast-.jpg\",\"contentUrl\":\"https:\\\/\\\/lesaffre.eg\\\/wp-content\\\/uploads\\\/sites\\\/28\\\/2024\\\/12\\\/crumbled-yeast-.jpg\",\"width\":700,\"height\":1054},{\"@type\":\"BreadcrumbList\",\"@id\":\"https:\\\/\\\/lesaffre.eg\\\/produit\\\/levure-emiettee\\\/#breadcrumb\",\"itemListElement\":[{\"@type\":\"ListItem\",\"position\":1,\"name\":\"Home\",\"item\":\"https:\\\/\\\/lesaffre.eg\\\/ar\\\/\"},{\"@type\":\"ListItem\",\"position\":2,\"name\":\"Boutique\",\"item\":\"https:\\\/\\\/lesaffre.eg\\\/boutique\\\/\"},{\"@type\":\"ListItem\",\"position\":3,\"name\":\"Levure \u00c9miett\u00e9e\"}]},{\"@type\":\"WebSite\",\"@id\":\"https:\\\/\\\/lesaffre.eg\\\/#website\",\"url\":\"https:\\\/\\\/lesaffre.eg\\\/\",\"name\":\"Lesaffre Egypt\",\"description\":\"\",\"potentialAction\":[{\"@type\":\"SearchAction\",\"target\":{\"@type\":\"EntryPoint\",\"urlTemplate\":\"https:\\\/\\\/lesaffre.eg\\\/?s={search_term_string}\"},\"query-input\":{\"@type\":\"PropertyValueSpecification\",\"valueRequired\":true,\"valueName\":\"search_term_string\"}}],\"inLanguage\":\"fr-FR\"}]}<\/script>\n<!-- \/ Yoast SEO plugin. -->","yoast_head_json":{"title":"Levure \u00c9miett\u00e9e - Lesaffre Egypt","robots":{"index":"index","follow":"follow","max-snippet":"max-snippet:-1","max-image-preview":"max-image-preview:large","max-video-preview":"max-video-preview:-1"},"canonical":"https:\/\/lesaffre.eg\/produit\/levure-emiettee\/","og_locale":"fr_FR","og_type":"article","og_title":"Levure \u00c9miett\u00e9e - Lesaffre Egypt","og_description":"La levure \u00e9miett\u00e9e est de la levure fra\u00eeche r\u00e9duite en petits morceaux. Poids disponibles : Sacs de 25 kg. &nbsp; Stockage: \u00c0 conserver \u00e0 une temp\u00e9rature id\u00e9ale de 0 \u00e0 4 \u00b0C. &nbsp; Dur\u00e9e de Vie du Produit : D\u00e9pend de la R\u00e9glementation Sp\u00e9cifique","og_url":"https:\/\/lesaffre.eg\/produit\/levure-emiettee\/","og_site_name":"Lesaffre Egypt","twitter_card":"summary_large_image","schema":{"@context":"https:\/\/schema.org","@graph":[{"@type":"WebPage","@id":"https:\/\/lesaffre.eg\/produit\/levure-emiettee\/","url":"https:\/\/lesaffre.eg\/produit\/levure-emiettee\/","name":"Levure \u00c9miett\u00e9e - Lesaffre Egypt","isPartOf":{"@id":"https:\/\/lesaffre.eg\/#website"},"primaryImageOfPage":{"@id":"https:\/\/lesaffre.eg\/produit\/levure-emiettee\/#primaryimage"},"image":{"@id":"https:\/\/lesaffre.eg\/produit\/levure-emiettee\/#primaryimage"},"thumbnailUrl":"https:\/\/lesaffre.eg\/wp-content\/uploads\/sites\/28\/2024\/12\/crumbled-yeast-.jpg","datePublished":"2024-12-23T10:15:22+00:00","breadcrumb":{"@id":"https:\/\/lesaffre.eg\/produit\/levure-emiettee\/#breadcrumb"},"inLanguage":"fr-FR","potentialAction":[{"@type":"ReadAction","target":["https:\/\/lesaffre.eg\/produit\/levure-emiettee\/"]}]},{"@type":"ImageObject","inLanguage":"fr-FR","@id":"https:\/\/lesaffre.eg\/produit\/levure-emiettee\/#primaryimage","url":"https:\/\/lesaffre.eg\/wp-content\/uploads\/sites\/28\/2024\/12\/crumbled-yeast-.jpg","contentUrl":"https:\/\/lesaffre.eg\/wp-content\/uploads\/sites\/28\/2024\/12\/crumbled-yeast-.jpg","width":700,"height":1054},{"@type":"BreadcrumbList","@id":"https:\/\/lesaffre.eg\/produit\/levure-emiettee\/#breadcrumb","itemListElement":[{"@type":"ListItem","position":1,"name":"Home","item":"https:\/\/lesaffre.eg\/ar\/"},{"@type":"ListItem","position":2,"name":"Boutique","item":"https:\/\/lesaffre.eg\/boutique\/"},{"@type":"ListItem","position":3,"name":"Levure \u00c9miett\u00e9e"}]},{"@type":"WebSite","@id":"https:\/\/lesaffre.eg\/#website","url":"https:\/\/lesaffre.eg\/","name":"Lesaffre Egypt","description":"","potentialAction":[{"@type":"SearchAction","target":{"@type":"EntryPoint","urlTemplate":"https:\/\/lesaffre.eg\/?s={search_term_string}"},"query-input":{"@type":"PropertyValueSpecification","valueRequired":true,"valueName":"search_term_string"}}],"inLanguage":"fr-FR"}]}},"_links":{"self":[{"href":"https:\/\/lesaffre.eg\/fr\/wp-json\/wp\/v2\/product\/4442","targetHints":{"allow":["GET"]}}],"collection":[{"href":"https:\/\/lesaffre.eg\/fr\/wp-json\/wp\/v2\/product"}],"about":[{"href":"https:\/\/lesaffre.eg\/fr\/wp-json\/wp\/v2\/types\/product"}],"replies":[{"embeddable":true,"href":"https:\/\/lesaffre.eg\/fr\/wp-json\/wp\/v2\/comments?post=4442"}],"wp:featuredmedia":[{"embeddable":true,"href":"https:\/\/lesaffre.eg\/fr\/wp-json\/wp\/v2\/media\/4409"}],"wp:attachment":[{"href":"https:\/\/lesaffre.eg\/fr\/wp-json\/wp\/v2\/media?parent=4442"}],"wp:term":[{"taxonomy":"product_brand","embeddable":true,"href":"https:\/\/lesaffre.eg\/fr\/wp-json\/wp\/v2\/product_brand?post=4442"},{"taxonomy":"product_cat","embeddable":true,"href":"https:\/\/lesaffre.eg\/fr\/wp-json\/wp\/v2\/product_cat?post=4442"},{"taxonomy":"product_tag","embeddable":true,"href":"https:\/\/lesaffre.eg\/fr\/wp-json\/wp\/v2\/product_tag?post=4442"}],"curies":[{"name":"wp","href":"https:\/\/api.w.org\/{rel}","templated":true}]}}