{"id":4443,"date":"2024-11-06T00:15:31","date_gmt":"2024-11-05T22:15:31","guid":{"rendered":"https:\/\/lesaffre.eg\/produit\/magimix-fino\/"},"modified":"2024-11-06T00:15:31","modified_gmt":"2024-11-05T22:15:31","slug":"magimix-fino","status":"publish","type":"product","link":"https:\/\/lesaffre.eg\/fr\/produit\/magimix-fino\/","title":{"rendered":"MAGIMIX\u00ae FINO"},"content":{"rendered":"<p class=\"p1\"><b>Utilisation<\/b>:<\/p>\n<p class=\"p1\">MAGIMIX\u00ae FINO est un am\u00e9liorant de panification sp\u00e9cialement con\u00e7u pour la production de pains fino. Notre am\u00e9liorant agit sur les principaux d\u00e9fauts que les boulangers rencontrent lors de la fabrication du fino.<\/p>\n<p class=\"p1\">Les experts de Magimix ont con\u00e7u des solutions adapt\u00e9es aux besoins sp\u00e9cifiques du pain fino. Gr\u00e2ce \u00e0 nos formulations \u00e0 base d&rsquo;am\u00e9liorants de la farine et d&rsquo;enzymes, vous obtiendrez des pains d&rsquo;une apparence impeccable et volumineux, quel que soit le proc\u00e9d\u00e9 de fabrication. Ces solutions garantissent \u00e9galement une mie moelleuse et une bonne dur\u00e9e de conservation.<\/p>\n<p class=\"p1\"><b>B\u00e9n\u00e9fices:<\/b><\/p>\n<p class=\"p1\">Nos formulations permettent un \u00e9claircissement de la couleur de la mie, favorisent la formation d&rsquo;une mie \u00e0 pores fins, augmentent la moelleux du produit et r\u00e9duisent la croustillance de la cro\u00fbte.<\/p>\n<p class=\"p1\"><b>Dosage Recommand\u00e9:<\/b><\/p>\n<p class=\"p1\">0,3% (soit 300g pour 100kg de farine).<\/p>\n<p class=\"p1\"><b>Conditionnement: <\/b><\/p>\n<p class=\"p1\">10 Kg<\/p>\n","protected":false},"excerpt":{"rendered":"<p>Utilisation: MAGIMIX\u00ae FINO est un am\u00e9liorant de panification sp\u00e9cialement con\u00e7u pour la production de pains fino. Notre am\u00e9liorant agit sur les principaux d\u00e9fauts que les boulangers rencontrent lors de la fabrication du fino. Les experts de Magimix ont con\u00e7u des solutions adapt\u00e9es aux besoins sp\u00e9cifiques du pain fino. Gr\u00e2ce \u00e0 nos formulations \u00e0 base d&rsquo;am\u00e9liorants [&hellip;]<\/p>\n","protected":false},"featured_media":4445,"comment_status":"closed","ping_status":"closed","template":"","meta":{"_acf_changed":false,"inline_featured_image":false},"product_brand":[],"product_cat":[111],"product_tag":[],"class_list":{"0":"post-4443","1":"product","2":"type-product","3":"status-publish","4":"has-post-thumbnail","6":"product_cat-ingredients-de-boulangerie","8":"first","9":"instock","10":"shipping-taxable","11":"product-type-simple"},"acf":[],"yoast_head":"<!-- This site is optimized with the Yoast SEO plugin v27.4 - https:\/\/yoast.com\/product\/yoast-seo-wordpress\/ -->\n<title>MAGIMIX\u00ae FINO - Lesaffre Egypt<\/title>\n<meta name=\"robots\" content=\"index, follow, max-snippet:-1, max-image-preview:large, max-video-preview:-1\" \/>\n<link rel=\"canonical\" href=\"https:\/\/lesaffre.eg\/produit\/magimix-fino\/\" \/>\n<meta property=\"og:locale\" content=\"fr_FR\" \/>\n<meta property=\"og:type\" content=\"article\" \/>\n<meta property=\"og:title\" content=\"MAGIMIX\u00ae FINO - Lesaffre Egypt\" \/>\n<meta property=\"og:description\" content=\"Utilisation: MAGIMIX\u00ae FINO est un am\u00e9liorant de panification sp\u00e9cialement con\u00e7u pour la production de pains fino. Notre am\u00e9liorant agit sur les principaux d\u00e9fauts que les boulangers rencontrent lors de la fabrication du fino. Les experts de Magimix ont con\u00e7u des solutions adapt\u00e9es aux besoins sp\u00e9cifiques du pain fino. Gr\u00e2ce \u00e0 nos formulations \u00e0 base d&rsquo;am\u00e9liorants [&hellip;]\" \/>\n<meta property=\"og:url\" content=\"https:\/\/lesaffre.eg\/produit\/magimix-fino\/\" \/>\n<meta property=\"og:site_name\" content=\"Lesaffre Egypt\" \/>\n<meta name=\"twitter:card\" content=\"summary_large_image\" \/>\n<meta name=\"twitter:label1\" content=\"Dur\u00e9e de lecture estim\u00e9e\" \/>\n\t<meta name=\"twitter:data1\" content=\"1 minute\" \/>\n<script type=\"application\/ld+json\" class=\"yoast-schema-graph\">{\"@context\":\"https:\\\/\\\/schema.org\",\"@graph\":[{\"@type\":\"WebPage\",\"@id\":\"https:\\\/\\\/lesaffre.eg\\\/produit\\\/magimix-fino\\\/\",\"url\":\"https:\\\/\\\/lesaffre.eg\\\/produit\\\/magimix-fino\\\/\",\"name\":\"MAGIMIX\u00ae FINO - Lesaffre Egypt\",\"isPartOf\":{\"@id\":\"https:\\\/\\\/lesaffre.eg\\\/#website\"},\"primaryImageOfPage\":{\"@id\":\"https:\\\/\\\/lesaffre.eg\\\/produit\\\/magimix-fino\\\/#primaryimage\"},\"image\":{\"@id\":\"https:\\\/\\\/lesaffre.eg\\\/produit\\\/magimix-fino\\\/#primaryimage\"},\"thumbnailUrl\":\"https:\\\/\\\/lesaffre.eg\\\/wp-content\\\/uploads\\\/sites\\\/28\\\/2024\\\/11\\\/fino.jpg\",\"datePublished\":\"2024-11-05T22:15:31+00:00\",\"breadcrumb\":{\"@id\":\"https:\\\/\\\/lesaffre.eg\\\/produit\\\/magimix-fino\\\/#breadcrumb\"},\"inLanguage\":\"fr-FR\",\"potentialAction\":[{\"@type\":\"ReadAction\",\"target\":[\"https:\\\/\\\/lesaffre.eg\\\/produit\\\/magimix-fino\\\/\"]}]},{\"@type\":\"ImageObject\",\"inLanguage\":\"fr-FR\",\"@id\":\"https:\\\/\\\/lesaffre.eg\\\/produit\\\/magimix-fino\\\/#primaryimage\",\"url\":\"https:\\\/\\\/lesaffre.eg\\\/wp-content\\\/uploads\\\/sites\\\/28\\\/2024\\\/11\\\/fino.jpg\",\"contentUrl\":\"https:\\\/\\\/lesaffre.eg\\\/wp-content\\\/uploads\\\/sites\\\/28\\\/2024\\\/11\\\/fino.jpg\",\"width\":706,\"height\":981},{\"@type\":\"BreadcrumbList\",\"@id\":\"https:\\\/\\\/lesaffre.eg\\\/produit\\\/magimix-fino\\\/#breadcrumb\",\"itemListElement\":[{\"@type\":\"ListItem\",\"position\":1,\"name\":\"Home\",\"item\":\"https:\\\/\\\/lesaffre.eg\\\/ar\\\/\"},{\"@type\":\"ListItem\",\"position\":2,\"name\":\"Boutique\",\"item\":\"https:\\\/\\\/lesaffre.eg\\\/boutique\\\/\"},{\"@type\":\"ListItem\",\"position\":3,\"name\":\"MAGIMIX\u00ae FINO\"}]},{\"@type\":\"WebSite\",\"@id\":\"https:\\\/\\\/lesaffre.eg\\\/#website\",\"url\":\"https:\\\/\\\/lesaffre.eg\\\/\",\"name\":\"Lesaffre Egypt\",\"description\":\"\",\"potentialAction\":[{\"@type\":\"SearchAction\",\"target\":{\"@type\":\"EntryPoint\",\"urlTemplate\":\"https:\\\/\\\/lesaffre.eg\\\/?s={search_term_string}\"},\"query-input\":{\"@type\":\"PropertyValueSpecification\",\"valueRequired\":true,\"valueName\":\"search_term_string\"}}],\"inLanguage\":\"fr-FR\"}]}<\/script>\n<!-- \/ Yoast SEO plugin. -->","yoast_head_json":{"title":"MAGIMIX\u00ae FINO - Lesaffre Egypt","robots":{"index":"index","follow":"follow","max-snippet":"max-snippet:-1","max-image-preview":"max-image-preview:large","max-video-preview":"max-video-preview:-1"},"canonical":"https:\/\/lesaffre.eg\/produit\/magimix-fino\/","og_locale":"fr_FR","og_type":"article","og_title":"MAGIMIX\u00ae FINO - Lesaffre Egypt","og_description":"Utilisation: MAGIMIX\u00ae FINO est un am\u00e9liorant de panification sp\u00e9cialement con\u00e7u pour la production de pains fino. Notre am\u00e9liorant agit sur les principaux d\u00e9fauts que les boulangers rencontrent lors de la fabrication du fino. Les experts de Magimix ont con\u00e7u des solutions adapt\u00e9es aux besoins sp\u00e9cifiques du pain fino. Gr\u00e2ce \u00e0 nos formulations \u00e0 base d&rsquo;am\u00e9liorants [&hellip;]","og_url":"https:\/\/lesaffre.eg\/produit\/magimix-fino\/","og_site_name":"Lesaffre Egypt","twitter_card":"summary_large_image","twitter_misc":{"Dur\u00e9e de lecture estim\u00e9e":"1 minute"},"schema":{"@context":"https:\/\/schema.org","@graph":[{"@type":"WebPage","@id":"https:\/\/lesaffre.eg\/produit\/magimix-fino\/","url":"https:\/\/lesaffre.eg\/produit\/magimix-fino\/","name":"MAGIMIX\u00ae FINO - Lesaffre Egypt","isPartOf":{"@id":"https:\/\/lesaffre.eg\/#website"},"primaryImageOfPage":{"@id":"https:\/\/lesaffre.eg\/produit\/magimix-fino\/#primaryimage"},"image":{"@id":"https:\/\/lesaffre.eg\/produit\/magimix-fino\/#primaryimage"},"thumbnailUrl":"https:\/\/lesaffre.eg\/wp-content\/uploads\/sites\/28\/2024\/11\/fino.jpg","datePublished":"2024-11-05T22:15:31+00:00","breadcrumb":{"@id":"https:\/\/lesaffre.eg\/produit\/magimix-fino\/#breadcrumb"},"inLanguage":"fr-FR","potentialAction":[{"@type":"ReadAction","target":["https:\/\/lesaffre.eg\/produit\/magimix-fino\/"]}]},{"@type":"ImageObject","inLanguage":"fr-FR","@id":"https:\/\/lesaffre.eg\/produit\/magimix-fino\/#primaryimage","url":"https:\/\/lesaffre.eg\/wp-content\/uploads\/sites\/28\/2024\/11\/fino.jpg","contentUrl":"https:\/\/lesaffre.eg\/wp-content\/uploads\/sites\/28\/2024\/11\/fino.jpg","width":706,"height":981},{"@type":"BreadcrumbList","@id":"https:\/\/lesaffre.eg\/produit\/magimix-fino\/#breadcrumb","itemListElement":[{"@type":"ListItem","position":1,"name":"Home","item":"https:\/\/lesaffre.eg\/ar\/"},{"@type":"ListItem","position":2,"name":"Boutique","item":"https:\/\/lesaffre.eg\/boutique\/"},{"@type":"ListItem","position":3,"name":"MAGIMIX\u00ae FINO"}]},{"@type":"WebSite","@id":"https:\/\/lesaffre.eg\/#website","url":"https:\/\/lesaffre.eg\/","name":"Lesaffre Egypt","description":"","potentialAction":[{"@type":"SearchAction","target":{"@type":"EntryPoint","urlTemplate":"https:\/\/lesaffre.eg\/?s={search_term_string}"},"query-input":{"@type":"PropertyValueSpecification","valueRequired":true,"valueName":"search_term_string"}}],"inLanguage":"fr-FR"}]}},"_links":{"self":[{"href":"https:\/\/lesaffre.eg\/fr\/wp-json\/wp\/v2\/product\/4443","targetHints":{"allow":["GET"]}}],"collection":[{"href":"https:\/\/lesaffre.eg\/fr\/wp-json\/wp\/v2\/product"}],"about":[{"href":"https:\/\/lesaffre.eg\/fr\/wp-json\/wp\/v2\/types\/product"}],"replies":[{"embeddable":true,"href":"https:\/\/lesaffre.eg\/fr\/wp-json\/wp\/v2\/comments?post=4443"}],"wp:featuredmedia":[{"embeddable":true,"href":"https:\/\/lesaffre.eg\/fr\/wp-json\/wp\/v2\/media\/4445"}],"wp:attachment":[{"href":"https:\/\/lesaffre.eg\/fr\/wp-json\/wp\/v2\/media?parent=4443"}],"wp:term":[{"taxonomy":"product_brand","embeddable":true,"href":"https:\/\/lesaffre.eg\/fr\/wp-json\/wp\/v2\/product_brand?post=4443"},{"taxonomy":"product_cat","embeddable":true,"href":"https:\/\/lesaffre.eg\/fr\/wp-json\/wp\/v2\/product_cat?post=4443"},{"taxonomy":"product_tag","embeddable":true,"href":"https:\/\/lesaffre.eg\/fr\/wp-json\/wp\/v2\/product_tag?post=4443"}],"curies":[{"name":"wp","href":"https:\/\/api.w.org\/{rel}","templated":true}]}}