{"id":4446,"date":"2024-11-06T00:15:00","date_gmt":"2024-11-05T22:15:00","guid":{"rendered":"https:\/\/lesaffre.eg\/produit\/magimix-frozen-dough\/"},"modified":"2024-11-06T00:15:00","modified_gmt":"2024-11-05T22:15:00","slug":"magimix-frozen-dough","status":"publish","type":"product","link":"https:\/\/lesaffre.eg\/fr\/produit\/magimix-frozen-dough\/","title":{"rendered":"MAGIMIX\u00ae FROZEN DOUGH"},"content":{"rendered":"<p class=\"p1\"><b>Utilisation:<\/b><\/p>\n<p class=\"p1\">MAGIMIX\u00ae FROZEN DOUGH est un am\u00e9liorant de panification d\u00e9di\u00e9 \u00e0 la production de p\u00e2tes crues surgel\u00e9es et de p\u00e2tes pr\u00e9-ferment\u00e9es surgel\u00e9es. Ces techniques reposent sur une fermentation inhib\u00e9e par des temp\u00e9ratures n\u00e9gatives \u00e0 diff\u00e9rentes \u00e9tapes du processus de production. Chacune de ces techniques de surg\u00e9lation peut entra\u00eener des probl\u00e8mes sp\u00e9cifiques n\u00e9cessitant une solution appropri\u00e9e.<\/p>\n<p class=\"p1\"><b>B\u00e9n\u00e9fices<\/b>:<\/p>\n<p class=\"p1\">Nos formulations am\u00e9liorent la machinabilit\u00e9 de la p\u00e2te, augmentent sa force et le volume du pain (y compris le \u00ab\u00a0coup de fouet\u00a0\u00bb au four). Elles optimisent \u00e9galement la texture de la mie, la tol\u00e9rance de la p\u00e2te, la r\u00e9tention d&rsquo;humidit\u00e9 et pr\u00e9viennent la cristallisation de la p\u00e2te, prolongeant ainsi la dur\u00e9e de conservation des produits de p\u00e2te surgel\u00e9e.<\/p>\n<p class=\"p1\"><b>Dosage Recommand\u00e9:<\/b><\/p>\n<p class=\"p1\">2% (soit 2 kg pour 100 kg de farine).<\/p>\n<p class=\"p1\"><b>Conditionnement<\/b>:<\/p>\n<p class=\"p1\">10 Kg<\/p>\n","protected":false},"excerpt":{"rendered":"<p>Utilisation: MAGIMIX\u00ae FROZEN DOUGH est un am\u00e9liorant de panification d\u00e9di\u00e9 \u00e0 la production de p\u00e2tes crues surgel\u00e9es et de p\u00e2tes pr\u00e9-ferment\u00e9es surgel\u00e9es. Ces techniques reposent sur une fermentation inhib\u00e9e par des temp\u00e9ratures n\u00e9gatives \u00e0 diff\u00e9rentes \u00e9tapes du processus de production. Chacune de ces techniques de surg\u00e9lation peut entra\u00eener des probl\u00e8mes sp\u00e9cifiques n\u00e9cessitant une solution appropri\u00e9e. [&hellip;]<\/p>\n","protected":false},"featured_media":4447,"comment_status":"closed","ping_status":"closed","template":"","meta":{"_acf_changed":false,"inline_featured_image":false},"product_brand":[],"product_cat":[111],"product_tag":[],"class_list":{"0":"post-4446","1":"product","2":"type-product","3":"status-publish","4":"has-post-thumbnail","6":"product_cat-ingredients-de-boulangerie","8":"first","9":"instock","10":"shipping-taxable","11":"product-type-simple"},"acf":[],"yoast_head":"<!-- This site is optimized with the Yoast SEO plugin v27.4 - https:\/\/yoast.com\/product\/yoast-seo-wordpress\/ -->\n<title>MAGIMIX\u00ae FROZEN DOUGH - Lesaffre Egypt<\/title>\n<meta name=\"robots\" content=\"index, follow, max-snippet:-1, max-image-preview:large, max-video-preview:-1\" \/>\n<link rel=\"canonical\" href=\"https:\/\/lesaffre.eg\/produit\/magimix-frozen-dough\/\" \/>\n<meta property=\"og:locale\" content=\"fr_FR\" \/>\n<meta property=\"og:type\" content=\"article\" \/>\n<meta property=\"og:title\" content=\"MAGIMIX\u00ae FROZEN DOUGH - Lesaffre Egypt\" \/>\n<meta property=\"og:description\" content=\"Utilisation: MAGIMIX\u00ae FROZEN DOUGH est un am\u00e9liorant de panification d\u00e9di\u00e9 \u00e0 la production de p\u00e2tes crues surgel\u00e9es et de p\u00e2tes pr\u00e9-ferment\u00e9es surgel\u00e9es. Ces techniques reposent sur une fermentation inhib\u00e9e par des temp\u00e9ratures n\u00e9gatives \u00e0 diff\u00e9rentes \u00e9tapes du processus de production. Chacune de ces techniques de surg\u00e9lation peut entra\u00eener des probl\u00e8mes sp\u00e9cifiques n\u00e9cessitant une solution appropri\u00e9e. [&hellip;]\" \/>\n<meta property=\"og:url\" content=\"https:\/\/lesaffre.eg\/produit\/magimix-frozen-dough\/\" \/>\n<meta property=\"og:site_name\" content=\"Lesaffre Egypt\" \/>\n<meta name=\"twitter:card\" content=\"summary_large_image\" \/>\n<meta name=\"twitter:label1\" content=\"Dur\u00e9e de lecture estim\u00e9e\" \/>\n\t<meta name=\"twitter:data1\" content=\"1 minute\" \/>\n<script type=\"application\/ld+json\" class=\"yoast-schema-graph\">{\"@context\":\"https:\\\/\\\/schema.org\",\"@graph\":[{\"@type\":\"WebPage\",\"@id\":\"https:\\\/\\\/lesaffre.eg\\\/produit\\\/magimix-frozen-dough\\\/\",\"url\":\"https:\\\/\\\/lesaffre.eg\\\/produit\\\/magimix-frozen-dough\\\/\",\"name\":\"MAGIMIX\u00ae FROZEN DOUGH - Lesaffre Egypt\",\"isPartOf\":{\"@id\":\"https:\\\/\\\/lesaffre.eg\\\/#website\"},\"primaryImageOfPage\":{\"@id\":\"https:\\\/\\\/lesaffre.eg\\\/produit\\\/magimix-frozen-dough\\\/#primaryimage\"},\"image\":{\"@id\":\"https:\\\/\\\/lesaffre.eg\\\/produit\\\/magimix-frozen-dough\\\/#primaryimage\"},\"thumbnailUrl\":\"https:\\\/\\\/lesaffre.eg\\\/wp-content\\\/uploads\\\/sites\\\/28\\\/2024\\\/11\\\/screenshot-2024-12-23-at-1.19.15-pm.png\",\"datePublished\":\"2024-11-05T22:15:00+00:00\",\"breadcrumb\":{\"@id\":\"https:\\\/\\\/lesaffre.eg\\\/produit\\\/magimix-frozen-dough\\\/#breadcrumb\"},\"inLanguage\":\"fr-FR\",\"potentialAction\":[{\"@type\":\"ReadAction\",\"target\":[\"https:\\\/\\\/lesaffre.eg\\\/produit\\\/magimix-frozen-dough\\\/\"]}]},{\"@type\":\"ImageObject\",\"inLanguage\":\"fr-FR\",\"@id\":\"https:\\\/\\\/lesaffre.eg\\\/produit\\\/magimix-frozen-dough\\\/#primaryimage\",\"url\":\"https:\\\/\\\/lesaffre.eg\\\/wp-content\\\/uploads\\\/sites\\\/28\\\/2024\\\/11\\\/screenshot-2024-12-23-at-1.19.15-pm.png\",\"contentUrl\":\"https:\\\/\\\/lesaffre.eg\\\/wp-content\\\/uploads\\\/sites\\\/28\\\/2024\\\/11\\\/screenshot-2024-12-23-at-1.19.15-pm.png\",\"width\":1082,\"height\":1258},{\"@type\":\"BreadcrumbList\",\"@id\":\"https:\\\/\\\/lesaffre.eg\\\/produit\\\/magimix-frozen-dough\\\/#breadcrumb\",\"itemListElement\":[{\"@type\":\"ListItem\",\"position\":1,\"name\":\"Home\",\"item\":\"https:\\\/\\\/lesaffre.eg\\\/ar\\\/\"},{\"@type\":\"ListItem\",\"position\":2,\"name\":\"Boutique\",\"item\":\"https:\\\/\\\/lesaffre.eg\\\/boutique\\\/\"},{\"@type\":\"ListItem\",\"position\":3,\"name\":\"MAGIMIX\u00ae FROZEN DOUGH\"}]},{\"@type\":\"WebSite\",\"@id\":\"https:\\\/\\\/lesaffre.eg\\\/#website\",\"url\":\"https:\\\/\\\/lesaffre.eg\\\/\",\"name\":\"Lesaffre Egypt\",\"description\":\"\",\"potentialAction\":[{\"@type\":\"SearchAction\",\"target\":{\"@type\":\"EntryPoint\",\"urlTemplate\":\"https:\\\/\\\/lesaffre.eg\\\/?s={search_term_string}\"},\"query-input\":{\"@type\":\"PropertyValueSpecification\",\"valueRequired\":true,\"valueName\":\"search_term_string\"}}],\"inLanguage\":\"fr-FR\"}]}<\/script>\n<!-- \/ Yoast SEO plugin. -->","yoast_head_json":{"title":"MAGIMIX\u00ae FROZEN DOUGH - Lesaffre Egypt","robots":{"index":"index","follow":"follow","max-snippet":"max-snippet:-1","max-image-preview":"max-image-preview:large","max-video-preview":"max-video-preview:-1"},"canonical":"https:\/\/lesaffre.eg\/produit\/magimix-frozen-dough\/","og_locale":"fr_FR","og_type":"article","og_title":"MAGIMIX\u00ae FROZEN DOUGH - Lesaffre Egypt","og_description":"Utilisation: MAGIMIX\u00ae FROZEN DOUGH est un am\u00e9liorant de panification d\u00e9di\u00e9 \u00e0 la production de p\u00e2tes crues surgel\u00e9es et de p\u00e2tes pr\u00e9-ferment\u00e9es surgel\u00e9es. Ces techniques reposent sur une fermentation inhib\u00e9e par des temp\u00e9ratures n\u00e9gatives \u00e0 diff\u00e9rentes \u00e9tapes du processus de production. Chacune de ces techniques de surg\u00e9lation peut entra\u00eener des probl\u00e8mes sp\u00e9cifiques n\u00e9cessitant une solution appropri\u00e9e. [&hellip;]","og_url":"https:\/\/lesaffre.eg\/produit\/magimix-frozen-dough\/","og_site_name":"Lesaffre Egypt","twitter_card":"summary_large_image","twitter_misc":{"Dur\u00e9e de lecture estim\u00e9e":"1 minute"},"schema":{"@context":"https:\/\/schema.org","@graph":[{"@type":"WebPage","@id":"https:\/\/lesaffre.eg\/produit\/magimix-frozen-dough\/","url":"https:\/\/lesaffre.eg\/produit\/magimix-frozen-dough\/","name":"MAGIMIX\u00ae FROZEN DOUGH - Lesaffre Egypt","isPartOf":{"@id":"https:\/\/lesaffre.eg\/#website"},"primaryImageOfPage":{"@id":"https:\/\/lesaffre.eg\/produit\/magimix-frozen-dough\/#primaryimage"},"image":{"@id":"https:\/\/lesaffre.eg\/produit\/magimix-frozen-dough\/#primaryimage"},"thumbnailUrl":"https:\/\/lesaffre.eg\/wp-content\/uploads\/sites\/28\/2024\/11\/screenshot-2024-12-23-at-1.19.15-pm.png","datePublished":"2024-11-05T22:15:00+00:00","breadcrumb":{"@id":"https:\/\/lesaffre.eg\/produit\/magimix-frozen-dough\/#breadcrumb"},"inLanguage":"fr-FR","potentialAction":[{"@type":"ReadAction","target":["https:\/\/lesaffre.eg\/produit\/magimix-frozen-dough\/"]}]},{"@type":"ImageObject","inLanguage":"fr-FR","@id":"https:\/\/lesaffre.eg\/produit\/magimix-frozen-dough\/#primaryimage","url":"https:\/\/lesaffre.eg\/wp-content\/uploads\/sites\/28\/2024\/11\/screenshot-2024-12-23-at-1.19.15-pm.png","contentUrl":"https:\/\/lesaffre.eg\/wp-content\/uploads\/sites\/28\/2024\/11\/screenshot-2024-12-23-at-1.19.15-pm.png","width":1082,"height":1258},{"@type":"BreadcrumbList","@id":"https:\/\/lesaffre.eg\/produit\/magimix-frozen-dough\/#breadcrumb","itemListElement":[{"@type":"ListItem","position":1,"name":"Home","item":"https:\/\/lesaffre.eg\/ar\/"},{"@type":"ListItem","position":2,"name":"Boutique","item":"https:\/\/lesaffre.eg\/boutique\/"},{"@type":"ListItem","position":3,"name":"MAGIMIX\u00ae FROZEN DOUGH"}]},{"@type":"WebSite","@id":"https:\/\/lesaffre.eg\/#website","url":"https:\/\/lesaffre.eg\/","name":"Lesaffre Egypt","description":"","potentialAction":[{"@type":"SearchAction","target":{"@type":"EntryPoint","urlTemplate":"https:\/\/lesaffre.eg\/?s={search_term_string}"},"query-input":{"@type":"PropertyValueSpecification","valueRequired":true,"valueName":"search_term_string"}}],"inLanguage":"fr-FR"}]}},"_links":{"self":[{"href":"https:\/\/lesaffre.eg\/fr\/wp-json\/wp\/v2\/product\/4446","targetHints":{"allow":["GET"]}}],"collection":[{"href":"https:\/\/lesaffre.eg\/fr\/wp-json\/wp\/v2\/product"}],"about":[{"href":"https:\/\/lesaffre.eg\/fr\/wp-json\/wp\/v2\/types\/product"}],"replies":[{"embeddable":true,"href":"https:\/\/lesaffre.eg\/fr\/wp-json\/wp\/v2\/comments?post=4446"}],"wp:featuredmedia":[{"embeddable":true,"href":"https:\/\/lesaffre.eg\/fr\/wp-json\/wp\/v2\/media\/4447"}],"wp:attachment":[{"href":"https:\/\/lesaffre.eg\/fr\/wp-json\/wp\/v2\/media?parent=4446"}],"wp:term":[{"taxonomy":"product_brand","embeddable":true,"href":"https:\/\/lesaffre.eg\/fr\/wp-json\/wp\/v2\/product_brand?post=4446"},{"taxonomy":"product_cat","embeddable":true,"href":"https:\/\/lesaffre.eg\/fr\/wp-json\/wp\/v2\/product_cat?post=4446"},{"taxonomy":"product_tag","embeddable":true,"href":"https:\/\/lesaffre.eg\/fr\/wp-json\/wp\/v2\/product_tag?post=4446"}],"curies":[{"name":"wp","href":"https:\/\/api.w.org\/{rel}","templated":true}]}}