{"id":4448,"date":"2024-11-06T00:14:06","date_gmt":"2024-11-05T22:14:06","guid":{"rendered":"https:\/\/lesaffre.eg\/produit\/magimix-master-buns\/"},"modified":"2024-11-06T00:14:06","modified_gmt":"2024-11-05T22:14:06","slug":"magimix-master-buns","status":"publish","type":"product","link":"https:\/\/lesaffre.eg\/fr\/produit\/magimix-master-buns\/","title":{"rendered":"MAGIMIX\u00ae MASTER BUNS"},"content":{"rendered":"<p class=\"p1\"><b>Utilisation:<\/b><\/p>\n<p class=\"p1\">MAGIMIX\u00ae MASTER BUNS est un am\u00e9liorant de panification con\u00e7u pour le proc\u00e9d\u00e9 \u00ab\u00a0sponge and dough\u00a0\u00bb (p\u00e2te ferment\u00e9e) dans la production industrielle de buns et de petits pains.<\/p>\n<p class=\"p1\"><b>B\u00e9n\u00e9fices<\/b>:<\/p>\n<p class=\"p1\">Ces solutions permettent d&rsquo;am\u00e9liorer la tol\u00e9rance de la p\u00e2te, d&rsquo;augmenter le volume du pain et d&rsquo;intensifier la brillance de la cro\u00fbte. Elles contribuent \u00e9galement \u00e0 une meilleure texture de la mie, \u00e0 un meilleur \u00e9coulement en moule (pan flow) et \u00e0 la qualit\u00e9 globale du pain. De plus, elles augmentent le moelleux et prolongent la dur\u00e9e de conservation.<\/p>\n<p class=\"p1\"><b>Dosage Recommand\u00e9:<\/b><\/p>\n<p class=\"p1\">0,5% (soit 500g pour 100kg du total de la farine utilis\u00e9e dans la recette).<\/p>\n<p class=\"p1\"><b>Conditionnement<\/b>:<\/p>\n<p class=\"p1\">20 Kg<\/p>\n","protected":false},"excerpt":{"rendered":"<p>Utilisation: MAGIMIX\u00ae MASTER BUNS est un am\u00e9liorant de panification con\u00e7u pour le proc\u00e9d\u00e9 \u00ab\u00a0sponge and dough\u00a0\u00bb (p\u00e2te ferment\u00e9e) dans la production industrielle de buns et de petits pains. B\u00e9n\u00e9fices: Ces solutions permettent d&rsquo;am\u00e9liorer la tol\u00e9rance de la p\u00e2te, d&rsquo;augmenter le volume du pain et d&rsquo;intensifier la brillance de la cro\u00fbte. Elles contribuent \u00e9galement \u00e0 une [&hellip;]<\/p>\n","protected":false},"featured_media":4449,"comment_status":"closed","ping_status":"closed","template":"","meta":{"_acf_changed":false,"inline_featured_image":false},"product_brand":[],"product_cat":[111],"product_tag":[],"class_list":{"0":"post-4448","1":"product","2":"type-product","3":"status-publish","4":"has-post-thumbnail","6":"product_cat-ingredients-de-boulangerie","8":"first","9":"instock","10":"shipping-taxable","11":"product-type-simple"},"acf":[],"yoast_head":"<!-- This site is optimized with the Yoast SEO plugin v27.4 - https:\/\/yoast.com\/product\/yoast-seo-wordpress\/ -->\n<title>MAGIMIX\u00ae MASTER BUNS - Lesaffre Egypt<\/title>\n<meta name=\"robots\" content=\"index, follow, max-snippet:-1, max-image-preview:large, max-video-preview:-1\" \/>\n<link rel=\"canonical\" href=\"https:\/\/lesaffre.eg\/produit\/magimix-master-buns\/\" \/>\n<meta property=\"og:locale\" content=\"fr_FR\" \/>\n<meta property=\"og:type\" content=\"article\" \/>\n<meta property=\"og:title\" content=\"MAGIMIX\u00ae MASTER BUNS - Lesaffre Egypt\" \/>\n<meta property=\"og:description\" content=\"Utilisation: MAGIMIX\u00ae MASTER BUNS est un am\u00e9liorant de panification con\u00e7u pour le proc\u00e9d\u00e9 \u00ab\u00a0sponge and dough\u00a0\u00bb (p\u00e2te ferment\u00e9e) dans la production industrielle de buns et de petits pains. B\u00e9n\u00e9fices: Ces solutions permettent d&rsquo;am\u00e9liorer la tol\u00e9rance de la p\u00e2te, d&rsquo;augmenter le volume du pain et d&rsquo;intensifier la brillance de la cro\u00fbte. Elles contribuent \u00e9galement \u00e0 une [&hellip;]\" \/>\n<meta property=\"og:url\" content=\"https:\/\/lesaffre.eg\/produit\/magimix-master-buns\/\" \/>\n<meta property=\"og:site_name\" content=\"Lesaffre Egypt\" \/>\n<meta name=\"twitter:card\" content=\"summary_large_image\" \/>\n<meta name=\"twitter:label1\" content=\"Dur\u00e9e de lecture estim\u00e9e\" \/>\n\t<meta name=\"twitter:data1\" content=\"1 minute\" \/>\n<script type=\"application\/ld+json\" class=\"yoast-schema-graph\">{\"@context\":\"https:\\\/\\\/schema.org\",\"@graph\":[{\"@type\":\"WebPage\",\"@id\":\"https:\\\/\\\/lesaffre.eg\\\/produit\\\/magimix-master-buns\\\/\",\"url\":\"https:\\\/\\\/lesaffre.eg\\\/produit\\\/magimix-master-buns\\\/\",\"name\":\"MAGIMIX\u00ae MASTER BUNS - Lesaffre Egypt\",\"isPartOf\":{\"@id\":\"https:\\\/\\\/lesaffre.eg\\\/#website\"},\"primaryImageOfPage\":{\"@id\":\"https:\\\/\\\/lesaffre.eg\\\/produit\\\/magimix-master-buns\\\/#primaryimage\"},\"image\":{\"@id\":\"https:\\\/\\\/lesaffre.eg\\\/produit\\\/magimix-master-buns\\\/#primaryimage\"},\"thumbnailUrl\":\"https:\\\/\\\/lesaffre.eg\\\/wp-content\\\/uploads\\\/sites\\\/28\\\/2024\\\/11\\\/screenshot-2024-12-23-at-1.19.40-pm.png\",\"datePublished\":\"2024-11-05T22:14:06+00:00\",\"breadcrumb\":{\"@id\":\"https:\\\/\\\/lesaffre.eg\\\/produit\\\/magimix-master-buns\\\/#breadcrumb\"},\"inLanguage\":\"fr-FR\",\"potentialAction\":[{\"@type\":\"ReadAction\",\"target\":[\"https:\\\/\\\/lesaffre.eg\\\/produit\\\/magimix-master-buns\\\/\"]}]},{\"@type\":\"ImageObject\",\"inLanguage\":\"fr-FR\",\"@id\":\"https:\\\/\\\/lesaffre.eg\\\/produit\\\/magimix-master-buns\\\/#primaryimage\",\"url\":\"https:\\\/\\\/lesaffre.eg\\\/wp-content\\\/uploads\\\/sites\\\/28\\\/2024\\\/11\\\/screenshot-2024-12-23-at-1.19.40-pm.png\",\"contentUrl\":\"https:\\\/\\\/lesaffre.eg\\\/wp-content\\\/uploads\\\/sites\\\/28\\\/2024\\\/11\\\/screenshot-2024-12-23-at-1.19.40-pm.png\",\"width\":998,\"height\":1484},{\"@type\":\"BreadcrumbList\",\"@id\":\"https:\\\/\\\/lesaffre.eg\\\/produit\\\/magimix-master-buns\\\/#breadcrumb\",\"itemListElement\":[{\"@type\":\"ListItem\",\"position\":1,\"name\":\"Home\",\"item\":\"https:\\\/\\\/lesaffre.eg\\\/ar\\\/\"},{\"@type\":\"ListItem\",\"position\":2,\"name\":\"Boutique\",\"item\":\"https:\\\/\\\/lesaffre.eg\\\/boutique\\\/\"},{\"@type\":\"ListItem\",\"position\":3,\"name\":\"MAGIMIX\u00ae MASTER BUNS\"}]},{\"@type\":\"WebSite\",\"@id\":\"https:\\\/\\\/lesaffre.eg\\\/#website\",\"url\":\"https:\\\/\\\/lesaffre.eg\\\/\",\"name\":\"Lesaffre Egypt\",\"description\":\"\",\"potentialAction\":[{\"@type\":\"SearchAction\",\"target\":{\"@type\":\"EntryPoint\",\"urlTemplate\":\"https:\\\/\\\/lesaffre.eg\\\/?s={search_term_string}\"},\"query-input\":{\"@type\":\"PropertyValueSpecification\",\"valueRequired\":true,\"valueName\":\"search_term_string\"}}],\"inLanguage\":\"fr-FR\"}]}<\/script>\n<!-- \/ Yoast SEO plugin. -->","yoast_head_json":{"title":"MAGIMIX\u00ae MASTER BUNS - Lesaffre Egypt","robots":{"index":"index","follow":"follow","max-snippet":"max-snippet:-1","max-image-preview":"max-image-preview:large","max-video-preview":"max-video-preview:-1"},"canonical":"https:\/\/lesaffre.eg\/produit\/magimix-master-buns\/","og_locale":"fr_FR","og_type":"article","og_title":"MAGIMIX\u00ae MASTER BUNS - Lesaffre Egypt","og_description":"Utilisation: MAGIMIX\u00ae MASTER BUNS est un am\u00e9liorant de panification con\u00e7u pour le proc\u00e9d\u00e9 \u00ab\u00a0sponge and dough\u00a0\u00bb (p\u00e2te ferment\u00e9e) dans la production industrielle de buns et de petits pains. B\u00e9n\u00e9fices: Ces solutions permettent d&rsquo;am\u00e9liorer la tol\u00e9rance de la p\u00e2te, d&rsquo;augmenter le volume du pain et d&rsquo;intensifier la brillance de la cro\u00fbte. Elles contribuent \u00e9galement \u00e0 une [&hellip;]","og_url":"https:\/\/lesaffre.eg\/produit\/magimix-master-buns\/","og_site_name":"Lesaffre Egypt","twitter_card":"summary_large_image","twitter_misc":{"Dur\u00e9e de lecture estim\u00e9e":"1 minute"},"schema":{"@context":"https:\/\/schema.org","@graph":[{"@type":"WebPage","@id":"https:\/\/lesaffre.eg\/produit\/magimix-master-buns\/","url":"https:\/\/lesaffre.eg\/produit\/magimix-master-buns\/","name":"MAGIMIX\u00ae MASTER BUNS - Lesaffre Egypt","isPartOf":{"@id":"https:\/\/lesaffre.eg\/#website"},"primaryImageOfPage":{"@id":"https:\/\/lesaffre.eg\/produit\/magimix-master-buns\/#primaryimage"},"image":{"@id":"https:\/\/lesaffre.eg\/produit\/magimix-master-buns\/#primaryimage"},"thumbnailUrl":"https:\/\/lesaffre.eg\/wp-content\/uploads\/sites\/28\/2024\/11\/screenshot-2024-12-23-at-1.19.40-pm.png","datePublished":"2024-11-05T22:14:06+00:00","breadcrumb":{"@id":"https:\/\/lesaffre.eg\/produit\/magimix-master-buns\/#breadcrumb"},"inLanguage":"fr-FR","potentialAction":[{"@type":"ReadAction","target":["https:\/\/lesaffre.eg\/produit\/magimix-master-buns\/"]}]},{"@type":"ImageObject","inLanguage":"fr-FR","@id":"https:\/\/lesaffre.eg\/produit\/magimix-master-buns\/#primaryimage","url":"https:\/\/lesaffre.eg\/wp-content\/uploads\/sites\/28\/2024\/11\/screenshot-2024-12-23-at-1.19.40-pm.png","contentUrl":"https:\/\/lesaffre.eg\/wp-content\/uploads\/sites\/28\/2024\/11\/screenshot-2024-12-23-at-1.19.40-pm.png","width":998,"height":1484},{"@type":"BreadcrumbList","@id":"https:\/\/lesaffre.eg\/produit\/magimix-master-buns\/#breadcrumb","itemListElement":[{"@type":"ListItem","position":1,"name":"Home","item":"https:\/\/lesaffre.eg\/ar\/"},{"@type":"ListItem","position":2,"name":"Boutique","item":"https:\/\/lesaffre.eg\/boutique\/"},{"@type":"ListItem","position":3,"name":"MAGIMIX\u00ae MASTER BUNS"}]},{"@type":"WebSite","@id":"https:\/\/lesaffre.eg\/#website","url":"https:\/\/lesaffre.eg\/","name":"Lesaffre Egypt","description":"","potentialAction":[{"@type":"SearchAction","target":{"@type":"EntryPoint","urlTemplate":"https:\/\/lesaffre.eg\/?s={search_term_string}"},"query-input":{"@type":"PropertyValueSpecification","valueRequired":true,"valueName":"search_term_string"}}],"inLanguage":"fr-FR"}]}},"_links":{"self":[{"href":"https:\/\/lesaffre.eg\/fr\/wp-json\/wp\/v2\/product\/4448","targetHints":{"allow":["GET"]}}],"collection":[{"href":"https:\/\/lesaffre.eg\/fr\/wp-json\/wp\/v2\/product"}],"about":[{"href":"https:\/\/lesaffre.eg\/fr\/wp-json\/wp\/v2\/types\/product"}],"replies":[{"embeddable":true,"href":"https:\/\/lesaffre.eg\/fr\/wp-json\/wp\/v2\/comments?post=4448"}],"wp:featuredmedia":[{"embeddable":true,"href":"https:\/\/lesaffre.eg\/fr\/wp-json\/wp\/v2\/media\/4449"}],"wp:attachment":[{"href":"https:\/\/lesaffre.eg\/fr\/wp-json\/wp\/v2\/media?parent=4448"}],"wp:term":[{"taxonomy":"product_brand","embeddable":true,"href":"https:\/\/lesaffre.eg\/fr\/wp-json\/wp\/v2\/product_brand?post=4448"},{"taxonomy":"product_cat","embeddable":true,"href":"https:\/\/lesaffre.eg\/fr\/wp-json\/wp\/v2\/product_cat?post=4448"},{"taxonomy":"product_tag","embeddable":true,"href":"https:\/\/lesaffre.eg\/fr\/wp-json\/wp\/v2\/product_tag?post=4448"}],"curies":[{"name":"wp","href":"https:\/\/api.w.org\/{rel}","templated":true}]}}