{"id":4450,"date":"2024-11-06T00:13:24","date_gmt":"2024-11-05T22:13:24","guid":{"rendered":"https:\/\/lesaffre.eg\/produit\/magimix-sponge-conditioner\/"},"modified":"2024-11-06T00:13:24","modified_gmt":"2024-11-05T22:13:24","slug":"magimix-sponge-conditioner","status":"publish","type":"product","link":"https:\/\/lesaffre.eg\/fr\/produit\/magimix-sponge-conditioner\/","title":{"rendered":"MAGIMIX\u00ae SPONGE CONDITIONER"},"content":{"rendered":"<p class=\"p1\"><b>Utilisation<\/b>:<\/p>\n<p class=\"p1\">MAGIMIX\u00ae SPONGE CONDITIONER est un am\u00e9liorant pour poolish sp\u00e9cialement con\u00e7u pour \u00eatre utilis\u00e9 dans le proc\u00e9d\u00e9 poolish et p\u00e2te afin de produire des brioches, petits pains et produits de boulangerie lev\u00e9s \u00e0 la levure dans un contexte industriel.<span class=\"Apple-converted-space\"> <\/span><\/p>\n<p class=\"p1\"><b>B\u00e9n\u00e9fices:<\/b><\/p>\n<p class=\"p1\">Nos solutions permettent d&rsquo;am\u00e9liorer la machinabilit\u00e9 de la p\u00e2te et sa r\u00e9tention gazeuse, d&rsquo;optimiser l&rsquo;\u00e9talement en moule, de renforcer le r\u00e9seau de gluten, d&rsquo;am\u00e9liorer la structure et l&rsquo;apparence de la mie, et d&rsquo;augmenter le moelleux du produit final.<\/p>\n<p class=\"p1\"><b>Dosage Recommand\u00e9:<\/b><\/p>\n<p class=\"p1\">0,15% (soit 150g pour 100kg de farine utilis\u00e9e pour la pr\u00e9paration du levain).<\/p>\n<p class=\"p1\"><b>Conditionnement: <\/b><\/p>\n<p class=\"p1\">20 Kg<\/p>\n","protected":false},"excerpt":{"rendered":"<p>Utilisation: MAGIMIX\u00ae SPONGE CONDITIONER est un am\u00e9liorant pour poolish sp\u00e9cialement con\u00e7u pour \u00eatre utilis\u00e9 dans le proc\u00e9d\u00e9 poolish et p\u00e2te afin de produire des brioches, petits pains et produits de boulangerie lev\u00e9s \u00e0 la levure dans un contexte industriel. B\u00e9n\u00e9fices: Nos solutions permettent d&rsquo;am\u00e9liorer la machinabilit\u00e9 de la p\u00e2te et sa r\u00e9tention gazeuse, d&rsquo;optimiser l&rsquo;\u00e9talement [&hellip;]<\/p>\n","protected":false},"featured_media":4451,"comment_status":"closed","ping_status":"closed","template":"","meta":{"_acf_changed":false,"inline_featured_image":false},"product_brand":[],"product_cat":[111],"product_tag":[],"class_list":{"0":"post-4450","1":"product","2":"type-product","3":"status-publish","4":"has-post-thumbnail","6":"product_cat-ingredients-de-boulangerie","8":"first","9":"instock","10":"shipping-taxable","11":"product-type-simple"},"acf":[],"yoast_head":"<!-- This site is optimized with the Yoast SEO plugin v27.4 - https:\/\/yoast.com\/product\/yoast-seo-wordpress\/ -->\n<title>MAGIMIX\u00ae SPONGE CONDITIONER - Lesaffre Egypt<\/title>\n<meta name=\"robots\" content=\"index, follow, max-snippet:-1, max-image-preview:large, max-video-preview:-1\" \/>\n<link rel=\"canonical\" href=\"https:\/\/lesaffre.eg\/produit\/magimix-sponge-conditioner\/\" \/>\n<meta property=\"og:locale\" content=\"fr_FR\" \/>\n<meta property=\"og:type\" content=\"article\" \/>\n<meta property=\"og:title\" content=\"MAGIMIX\u00ae SPONGE CONDITIONER - Lesaffre Egypt\" \/>\n<meta property=\"og:description\" content=\"Utilisation: MAGIMIX\u00ae SPONGE CONDITIONER est un am\u00e9liorant pour poolish sp\u00e9cialement con\u00e7u pour \u00eatre utilis\u00e9 dans le proc\u00e9d\u00e9 poolish et p\u00e2te afin de produire des brioches, petits pains et produits de boulangerie lev\u00e9s \u00e0 la levure dans un contexte industriel. B\u00e9n\u00e9fices: Nos solutions permettent d&rsquo;am\u00e9liorer la machinabilit\u00e9 de la p\u00e2te et sa r\u00e9tention gazeuse, d&rsquo;optimiser l&rsquo;\u00e9talement [&hellip;]\" \/>\n<meta property=\"og:url\" content=\"https:\/\/lesaffre.eg\/produit\/magimix-sponge-conditioner\/\" \/>\n<meta property=\"og:site_name\" content=\"Lesaffre Egypt\" \/>\n<meta name=\"twitter:card\" content=\"summary_large_image\" \/>\n<meta name=\"twitter:label1\" content=\"Dur\u00e9e de lecture estim\u00e9e\" \/>\n\t<meta name=\"twitter:data1\" content=\"1 minute\" \/>\n<script type=\"application\/ld+json\" class=\"yoast-schema-graph\">{\"@context\":\"https:\\\/\\\/schema.org\",\"@graph\":[{\"@type\":\"WebPage\",\"@id\":\"https:\\\/\\\/lesaffre.eg\\\/produit\\\/magimix-sponge-conditioner\\\/\",\"url\":\"https:\\\/\\\/lesaffre.eg\\\/produit\\\/magimix-sponge-conditioner\\\/\",\"name\":\"MAGIMIX\u00ae SPONGE CONDITIONER - Lesaffre Egypt\",\"isPartOf\":{\"@id\":\"https:\\\/\\\/lesaffre.eg\\\/#website\"},\"primaryImageOfPage\":{\"@id\":\"https:\\\/\\\/lesaffre.eg\\\/produit\\\/magimix-sponge-conditioner\\\/#primaryimage\"},\"image\":{\"@id\":\"https:\\\/\\\/lesaffre.eg\\\/produit\\\/magimix-sponge-conditioner\\\/#primaryimage\"},\"thumbnailUrl\":\"https:\\\/\\\/lesaffre.eg\\\/wp-content\\\/uploads\\\/sites\\\/28\\\/2024\\\/11\\\/screenshot-2024-12-23-at-1.20.02-pm.png\",\"datePublished\":\"2024-11-05T22:13:24+00:00\",\"breadcrumb\":{\"@id\":\"https:\\\/\\\/lesaffre.eg\\\/produit\\\/magimix-sponge-conditioner\\\/#breadcrumb\"},\"inLanguage\":\"fr-FR\",\"potentialAction\":[{\"@type\":\"ReadAction\",\"target\":[\"https:\\\/\\\/lesaffre.eg\\\/produit\\\/magimix-sponge-conditioner\\\/\"]}]},{\"@type\":\"ImageObject\",\"inLanguage\":\"fr-FR\",\"@id\":\"https:\\\/\\\/lesaffre.eg\\\/produit\\\/magimix-sponge-conditioner\\\/#primaryimage\",\"url\":\"https:\\\/\\\/lesaffre.eg\\\/wp-content\\\/uploads\\\/sites\\\/28\\\/2024\\\/11\\\/screenshot-2024-12-23-at-1.20.02-pm.png\",\"contentUrl\":\"https:\\\/\\\/lesaffre.eg\\\/wp-content\\\/uploads\\\/sites\\\/28\\\/2024\\\/11\\\/screenshot-2024-12-23-at-1.20.02-pm.png\",\"width\":1014,\"height\":1434},{\"@type\":\"BreadcrumbList\",\"@id\":\"https:\\\/\\\/lesaffre.eg\\\/produit\\\/magimix-sponge-conditioner\\\/#breadcrumb\",\"itemListElement\":[{\"@type\":\"ListItem\",\"position\":1,\"name\":\"Home\",\"item\":\"https:\\\/\\\/lesaffre.eg\\\/ar\\\/\"},{\"@type\":\"ListItem\",\"position\":2,\"name\":\"Boutique\",\"item\":\"https:\\\/\\\/lesaffre.eg\\\/boutique\\\/\"},{\"@type\":\"ListItem\",\"position\":3,\"name\":\"MAGIMIX\u00ae SPONGE CONDITIONER\"}]},{\"@type\":\"WebSite\",\"@id\":\"https:\\\/\\\/lesaffre.eg\\\/#website\",\"url\":\"https:\\\/\\\/lesaffre.eg\\\/\",\"name\":\"Lesaffre Egypt\",\"description\":\"\",\"potentialAction\":[{\"@type\":\"SearchAction\",\"target\":{\"@type\":\"EntryPoint\",\"urlTemplate\":\"https:\\\/\\\/lesaffre.eg\\\/?s={search_term_string}\"},\"query-input\":{\"@type\":\"PropertyValueSpecification\",\"valueRequired\":true,\"valueName\":\"search_term_string\"}}],\"inLanguage\":\"fr-FR\"}]}<\/script>\n<!-- \/ Yoast SEO plugin. -->","yoast_head_json":{"title":"MAGIMIX\u00ae SPONGE CONDITIONER - Lesaffre Egypt","robots":{"index":"index","follow":"follow","max-snippet":"max-snippet:-1","max-image-preview":"max-image-preview:large","max-video-preview":"max-video-preview:-1"},"canonical":"https:\/\/lesaffre.eg\/produit\/magimix-sponge-conditioner\/","og_locale":"fr_FR","og_type":"article","og_title":"MAGIMIX\u00ae SPONGE CONDITIONER - Lesaffre Egypt","og_description":"Utilisation: MAGIMIX\u00ae SPONGE CONDITIONER est un am\u00e9liorant pour poolish sp\u00e9cialement con\u00e7u pour \u00eatre utilis\u00e9 dans le proc\u00e9d\u00e9 poolish et p\u00e2te afin de produire des brioches, petits pains et produits de boulangerie lev\u00e9s \u00e0 la levure dans un contexte industriel. B\u00e9n\u00e9fices: Nos solutions permettent d&rsquo;am\u00e9liorer la machinabilit\u00e9 de la p\u00e2te et sa r\u00e9tention gazeuse, d&rsquo;optimiser l&rsquo;\u00e9talement [&hellip;]","og_url":"https:\/\/lesaffre.eg\/produit\/magimix-sponge-conditioner\/","og_site_name":"Lesaffre Egypt","twitter_card":"summary_large_image","twitter_misc":{"Dur\u00e9e de lecture estim\u00e9e":"1 minute"},"schema":{"@context":"https:\/\/schema.org","@graph":[{"@type":"WebPage","@id":"https:\/\/lesaffre.eg\/produit\/magimix-sponge-conditioner\/","url":"https:\/\/lesaffre.eg\/produit\/magimix-sponge-conditioner\/","name":"MAGIMIX\u00ae SPONGE CONDITIONER - Lesaffre Egypt","isPartOf":{"@id":"https:\/\/lesaffre.eg\/#website"},"primaryImageOfPage":{"@id":"https:\/\/lesaffre.eg\/produit\/magimix-sponge-conditioner\/#primaryimage"},"image":{"@id":"https:\/\/lesaffre.eg\/produit\/magimix-sponge-conditioner\/#primaryimage"},"thumbnailUrl":"https:\/\/lesaffre.eg\/wp-content\/uploads\/sites\/28\/2024\/11\/screenshot-2024-12-23-at-1.20.02-pm.png","datePublished":"2024-11-05T22:13:24+00:00","breadcrumb":{"@id":"https:\/\/lesaffre.eg\/produit\/magimix-sponge-conditioner\/#breadcrumb"},"inLanguage":"fr-FR","potentialAction":[{"@type":"ReadAction","target":["https:\/\/lesaffre.eg\/produit\/magimix-sponge-conditioner\/"]}]},{"@type":"ImageObject","inLanguage":"fr-FR","@id":"https:\/\/lesaffre.eg\/produit\/magimix-sponge-conditioner\/#primaryimage","url":"https:\/\/lesaffre.eg\/wp-content\/uploads\/sites\/28\/2024\/11\/screenshot-2024-12-23-at-1.20.02-pm.png","contentUrl":"https:\/\/lesaffre.eg\/wp-content\/uploads\/sites\/28\/2024\/11\/screenshot-2024-12-23-at-1.20.02-pm.png","width":1014,"height":1434},{"@type":"BreadcrumbList","@id":"https:\/\/lesaffre.eg\/produit\/magimix-sponge-conditioner\/#breadcrumb","itemListElement":[{"@type":"ListItem","position":1,"name":"Home","item":"https:\/\/lesaffre.eg\/ar\/"},{"@type":"ListItem","position":2,"name":"Boutique","item":"https:\/\/lesaffre.eg\/boutique\/"},{"@type":"ListItem","position":3,"name":"MAGIMIX\u00ae SPONGE CONDITIONER"}]},{"@type":"WebSite","@id":"https:\/\/lesaffre.eg\/#website","url":"https:\/\/lesaffre.eg\/","name":"Lesaffre Egypt","description":"","potentialAction":[{"@type":"SearchAction","target":{"@type":"EntryPoint","urlTemplate":"https:\/\/lesaffre.eg\/?s={search_term_string}"},"query-input":{"@type":"PropertyValueSpecification","valueRequired":true,"valueName":"search_term_string"}}],"inLanguage":"fr-FR"}]}},"_links":{"self":[{"href":"https:\/\/lesaffre.eg\/fr\/wp-json\/wp\/v2\/product\/4450","targetHints":{"allow":["GET"]}}],"collection":[{"href":"https:\/\/lesaffre.eg\/fr\/wp-json\/wp\/v2\/product"}],"about":[{"href":"https:\/\/lesaffre.eg\/fr\/wp-json\/wp\/v2\/types\/product"}],"replies":[{"embeddable":true,"href":"https:\/\/lesaffre.eg\/fr\/wp-json\/wp\/v2\/comments?post=4450"}],"wp:featuredmedia":[{"embeddable":true,"href":"https:\/\/lesaffre.eg\/fr\/wp-json\/wp\/v2\/media\/4451"}],"wp:attachment":[{"href":"https:\/\/lesaffre.eg\/fr\/wp-json\/wp\/v2\/media?parent=4450"}],"wp:term":[{"taxonomy":"product_brand","embeddable":true,"href":"https:\/\/lesaffre.eg\/fr\/wp-json\/wp\/v2\/product_brand?post=4450"},{"taxonomy":"product_cat","embeddable":true,"href":"https:\/\/lesaffre.eg\/fr\/wp-json\/wp\/v2\/product_cat?post=4450"},{"taxonomy":"product_tag","embeddable":true,"href":"https:\/\/lesaffre.eg\/fr\/wp-json\/wp\/v2\/product_tag?post=4450"}],"curies":[{"name":"wp","href":"https:\/\/api.w.org\/{rel}","templated":true}]}}