{"id":4452,"date":"2024-11-06T00:12:05","date_gmt":"2024-11-05T22:12:05","guid":{"rendered":"https:\/\/lesaffre.eg\/produit\/magimix-softn-fresh\/"},"modified":"2024-11-06T00:12:05","modified_gmt":"2024-11-05T22:12:05","slug":"magimix-softn-fresh","status":"publish","type":"product","link":"https:\/\/lesaffre.eg\/fr\/produit\/magimix-softn-fresh\/","title":{"rendered":"MAGIMIX\u00ae SOFT&rsquo;N FRESH"},"content":{"rendered":"<p class=\"p1\"><b>Utilisation: <\/b><\/p>\n<p class=\"p1\">MAGIMIX\u00ae SOFT N\u2019 FRESH est un am\u00e9liorant de panification polyvalent, formul\u00e9 \u00e0 base de syst\u00e8mes d&rsquo;\u00e9mulsifiants et d&rsquo;enzymes uniques. Il a \u00e9t\u00e9 con\u00e7u pour la production de pains de mie, pains hamburgers et toasts dans les boulangeries industrielles et artisanales.<\/p>\n<p class=\"p1\"><b>B\u00e9n\u00e9fices:<\/b><\/p>\n<p class=\"p1\">Nos solutions am\u00e9liorent la fra\u00eecheur et le moelleux du pain, ainsi que la structure de la mie et le d\u00e9veloppement au four (oven spring). Elles optimisent \u00e9galement la machinabilit\u00e9 de la p\u00e2te, sa r\u00e9tention de gaz et son flux en moule (pan flow). De plus, elles renforcent le r\u00e9seau de gluten et am\u00e9liorent la structure de la mie. <\/p>\n<p class=\"p1\"><b>Dosage Recommand\u00e9: <\/b><\/p>\n<p class=\"p1\">1,0 % (soit 1 kg pour 100 kg de farine)<\/p>\n<p class=\"p1\"><b>Conditionnement:<\/b><\/p>\n<p class=\"p1\">Bo\u00eete de 20 kg<\/p>\n","protected":false},"excerpt":{"rendered":"<p>Utilisation: MAGIMIX\u00ae SOFT N\u2019 FRESH est un am\u00e9liorant de panification polyvalent, formul\u00e9 \u00e0 base de syst\u00e8mes d&rsquo;\u00e9mulsifiants et d&rsquo;enzymes uniques. Il a \u00e9t\u00e9 con\u00e7u pour la production de pains de mie, pains hamburgers et toasts dans les boulangeries industrielles et artisanales. B\u00e9n\u00e9fices: Nos solutions am\u00e9liorent la fra\u00eecheur et le moelleux du pain, ainsi que la [&hellip;]<\/p>\n","protected":false},"featured_media":4453,"comment_status":"closed","ping_status":"closed","template":"","meta":{"_acf_changed":false,"inline_featured_image":false},"product_brand":[],"product_cat":[111],"product_tag":[],"class_list":{"0":"post-4452","1":"product","2":"type-product","3":"status-publish","4":"has-post-thumbnail","6":"product_cat-ingredients-de-boulangerie","8":"first","9":"instock","10":"shipping-taxable","11":"product-type-simple"},"acf":[],"yoast_head":"<!-- This site is optimized with the Yoast SEO plugin v27.4 - https:\/\/yoast.com\/product\/yoast-seo-wordpress\/ -->\n<title>MAGIMIX\u00ae SOFT&#039;N FRESH - Lesaffre Egypt<\/title>\n<meta name=\"robots\" content=\"index, follow, max-snippet:-1, max-image-preview:large, max-video-preview:-1\" \/>\n<link rel=\"canonical\" href=\"https:\/\/lesaffre.eg\/produit\/magimix-softn-fresh\/\" \/>\n<meta property=\"og:locale\" content=\"fr_FR\" \/>\n<meta property=\"og:type\" content=\"article\" \/>\n<meta property=\"og:title\" content=\"MAGIMIX\u00ae SOFT&#039;N FRESH - Lesaffre Egypt\" \/>\n<meta property=\"og:description\" content=\"Utilisation: MAGIMIX\u00ae SOFT N\u2019 FRESH est un am\u00e9liorant de panification polyvalent, formul\u00e9 \u00e0 base de syst\u00e8mes d&rsquo;\u00e9mulsifiants et d&rsquo;enzymes uniques. Il a \u00e9t\u00e9 con\u00e7u pour la production de pains de mie, pains hamburgers et toasts dans les boulangeries industrielles et artisanales. B\u00e9n\u00e9fices: Nos solutions am\u00e9liorent la fra\u00eecheur et le moelleux du pain, ainsi que la [&hellip;]\" \/>\n<meta property=\"og:url\" content=\"https:\/\/lesaffre.eg\/produit\/magimix-softn-fresh\/\" \/>\n<meta property=\"og:site_name\" content=\"Lesaffre Egypt\" \/>\n<meta name=\"twitter:card\" content=\"summary_large_image\" \/>\n<meta name=\"twitter:label1\" content=\"Dur\u00e9e de lecture estim\u00e9e\" \/>\n\t<meta name=\"twitter:data1\" content=\"1 minute\" \/>\n<script type=\"application\/ld+json\" class=\"yoast-schema-graph\">{\"@context\":\"https:\\\/\\\/schema.org\",\"@graph\":[{\"@type\":\"WebPage\",\"@id\":\"https:\\\/\\\/lesaffre.eg\\\/produit\\\/magimix-softn-fresh\\\/\",\"url\":\"https:\\\/\\\/lesaffre.eg\\\/produit\\\/magimix-softn-fresh\\\/\",\"name\":\"MAGIMIX\u00ae SOFT'N FRESH - Lesaffre Egypt\",\"isPartOf\":{\"@id\":\"https:\\\/\\\/lesaffre.eg\\\/#website\"},\"primaryImageOfPage\":{\"@id\":\"https:\\\/\\\/lesaffre.eg\\\/produit\\\/magimix-softn-fresh\\\/#primaryimage\"},\"image\":{\"@id\":\"https:\\\/\\\/lesaffre.eg\\\/produit\\\/magimix-softn-fresh\\\/#primaryimage\"},\"thumbnailUrl\":\"https:\\\/\\\/lesaffre.eg\\\/wp-content\\\/uploads\\\/sites\\\/28\\\/2024\\\/11\\\/screenshot-2024-12-23-at-1.20.16-pm.png\",\"datePublished\":\"2024-11-05T22:12:05+00:00\",\"breadcrumb\":{\"@id\":\"https:\\\/\\\/lesaffre.eg\\\/produit\\\/magimix-softn-fresh\\\/#breadcrumb\"},\"inLanguage\":\"fr-FR\",\"potentialAction\":[{\"@type\":\"ReadAction\",\"target\":[\"https:\\\/\\\/lesaffre.eg\\\/produit\\\/magimix-softn-fresh\\\/\"]}]},{\"@type\":\"ImageObject\",\"inLanguage\":\"fr-FR\",\"@id\":\"https:\\\/\\\/lesaffre.eg\\\/produit\\\/magimix-softn-fresh\\\/#primaryimage\",\"url\":\"https:\\\/\\\/lesaffre.eg\\\/wp-content\\\/uploads\\\/sites\\\/28\\\/2024\\\/11\\\/screenshot-2024-12-23-at-1.20.16-pm.png\",\"contentUrl\":\"https:\\\/\\\/lesaffre.eg\\\/wp-content\\\/uploads\\\/sites\\\/28\\\/2024\\\/11\\\/screenshot-2024-12-23-at-1.20.16-pm.png\",\"width\":1062,\"height\":1330},{\"@type\":\"BreadcrumbList\",\"@id\":\"https:\\\/\\\/lesaffre.eg\\\/produit\\\/magimix-softn-fresh\\\/#breadcrumb\",\"itemListElement\":[{\"@type\":\"ListItem\",\"position\":1,\"name\":\"Home\",\"item\":\"https:\\\/\\\/lesaffre.eg\\\/ar\\\/\"},{\"@type\":\"ListItem\",\"position\":2,\"name\":\"Boutique\",\"item\":\"https:\\\/\\\/lesaffre.eg\\\/boutique\\\/\"},{\"@type\":\"ListItem\",\"position\":3,\"name\":\"MAGIMIX\u00ae SOFT&#8217;N FRESH\"}]},{\"@type\":\"WebSite\",\"@id\":\"https:\\\/\\\/lesaffre.eg\\\/#website\",\"url\":\"https:\\\/\\\/lesaffre.eg\\\/\",\"name\":\"Lesaffre Egypt\",\"description\":\"\",\"potentialAction\":[{\"@type\":\"SearchAction\",\"target\":{\"@type\":\"EntryPoint\",\"urlTemplate\":\"https:\\\/\\\/lesaffre.eg\\\/?s={search_term_string}\"},\"query-input\":{\"@type\":\"PropertyValueSpecification\",\"valueRequired\":true,\"valueName\":\"search_term_string\"}}],\"inLanguage\":\"fr-FR\"}]}<\/script>\n<!-- \/ Yoast SEO plugin. -->","yoast_head_json":{"title":"MAGIMIX\u00ae SOFT'N FRESH - Lesaffre Egypt","robots":{"index":"index","follow":"follow","max-snippet":"max-snippet:-1","max-image-preview":"max-image-preview:large","max-video-preview":"max-video-preview:-1"},"canonical":"https:\/\/lesaffre.eg\/produit\/magimix-softn-fresh\/","og_locale":"fr_FR","og_type":"article","og_title":"MAGIMIX\u00ae SOFT'N FRESH - Lesaffre Egypt","og_description":"Utilisation: MAGIMIX\u00ae SOFT N\u2019 FRESH est un am\u00e9liorant de panification polyvalent, formul\u00e9 \u00e0 base de syst\u00e8mes d&rsquo;\u00e9mulsifiants et d&rsquo;enzymes uniques. Il a \u00e9t\u00e9 con\u00e7u pour la production de pains de mie, pains hamburgers et toasts dans les boulangeries industrielles et artisanales. B\u00e9n\u00e9fices: Nos solutions am\u00e9liorent la fra\u00eecheur et le moelleux du pain, ainsi que la [&hellip;]","og_url":"https:\/\/lesaffre.eg\/produit\/magimix-softn-fresh\/","og_site_name":"Lesaffre Egypt","twitter_card":"summary_large_image","twitter_misc":{"Dur\u00e9e de lecture estim\u00e9e":"1 minute"},"schema":{"@context":"https:\/\/schema.org","@graph":[{"@type":"WebPage","@id":"https:\/\/lesaffre.eg\/produit\/magimix-softn-fresh\/","url":"https:\/\/lesaffre.eg\/produit\/magimix-softn-fresh\/","name":"MAGIMIX\u00ae SOFT'N FRESH - Lesaffre Egypt","isPartOf":{"@id":"https:\/\/lesaffre.eg\/#website"},"primaryImageOfPage":{"@id":"https:\/\/lesaffre.eg\/produit\/magimix-softn-fresh\/#primaryimage"},"image":{"@id":"https:\/\/lesaffre.eg\/produit\/magimix-softn-fresh\/#primaryimage"},"thumbnailUrl":"https:\/\/lesaffre.eg\/wp-content\/uploads\/sites\/28\/2024\/11\/screenshot-2024-12-23-at-1.20.16-pm.png","datePublished":"2024-11-05T22:12:05+00:00","breadcrumb":{"@id":"https:\/\/lesaffre.eg\/produit\/magimix-softn-fresh\/#breadcrumb"},"inLanguage":"fr-FR","potentialAction":[{"@type":"ReadAction","target":["https:\/\/lesaffre.eg\/produit\/magimix-softn-fresh\/"]}]},{"@type":"ImageObject","inLanguage":"fr-FR","@id":"https:\/\/lesaffre.eg\/produit\/magimix-softn-fresh\/#primaryimage","url":"https:\/\/lesaffre.eg\/wp-content\/uploads\/sites\/28\/2024\/11\/screenshot-2024-12-23-at-1.20.16-pm.png","contentUrl":"https:\/\/lesaffre.eg\/wp-content\/uploads\/sites\/28\/2024\/11\/screenshot-2024-12-23-at-1.20.16-pm.png","width":1062,"height":1330},{"@type":"BreadcrumbList","@id":"https:\/\/lesaffre.eg\/produit\/magimix-softn-fresh\/#breadcrumb","itemListElement":[{"@type":"ListItem","position":1,"name":"Home","item":"https:\/\/lesaffre.eg\/ar\/"},{"@type":"ListItem","position":2,"name":"Boutique","item":"https:\/\/lesaffre.eg\/boutique\/"},{"@type":"ListItem","position":3,"name":"MAGIMIX\u00ae SOFT&#8217;N FRESH"}]},{"@type":"WebSite","@id":"https:\/\/lesaffre.eg\/#website","url":"https:\/\/lesaffre.eg\/","name":"Lesaffre Egypt","description":"","potentialAction":[{"@type":"SearchAction","target":{"@type":"EntryPoint","urlTemplate":"https:\/\/lesaffre.eg\/?s={search_term_string}"},"query-input":{"@type":"PropertyValueSpecification","valueRequired":true,"valueName":"search_term_string"}}],"inLanguage":"fr-FR"}]}},"_links":{"self":[{"href":"https:\/\/lesaffre.eg\/fr\/wp-json\/wp\/v2\/product\/4452","targetHints":{"allow":["GET"]}}],"collection":[{"href":"https:\/\/lesaffre.eg\/fr\/wp-json\/wp\/v2\/product"}],"about":[{"href":"https:\/\/lesaffre.eg\/fr\/wp-json\/wp\/v2\/types\/product"}],"replies":[{"embeddable":true,"href":"https:\/\/lesaffre.eg\/fr\/wp-json\/wp\/v2\/comments?post=4452"}],"wp:featuredmedia":[{"embeddable":true,"href":"https:\/\/lesaffre.eg\/fr\/wp-json\/wp\/v2\/media\/4453"}],"wp:attachment":[{"href":"https:\/\/lesaffre.eg\/fr\/wp-json\/wp\/v2\/media?parent=4452"}],"wp:term":[{"taxonomy":"product_brand","embeddable":true,"href":"https:\/\/lesaffre.eg\/fr\/wp-json\/wp\/v2\/product_brand?post=4452"},{"taxonomy":"product_cat","embeddable":true,"href":"https:\/\/lesaffre.eg\/fr\/wp-json\/wp\/v2\/product_cat?post=4452"},{"taxonomy":"product_tag","embeddable":true,"href":"https:\/\/lesaffre.eg\/fr\/wp-json\/wp\/v2\/product_tag?post=4452"}],"curies":[{"name":"wp","href":"https:\/\/api.w.org\/{rel}","templated":true}]}}