{"id":4454,"date":"2024-11-06T00:11:28","date_gmt":"2024-11-05T22:11:28","guid":{"rendered":"https:\/\/lesaffre.eg\/produit\/magimix-supreme-softness\/"},"modified":"2024-11-06T00:11:28","modified_gmt":"2024-11-05T22:11:28","slug":"magimix-supreme-softness","status":"publish","type":"product","link":"https:\/\/lesaffre.eg\/fr\/produit\/magimix-supreme-softness\/","title":{"rendered":"MAGIMIX\u00ae SUPREME SOFTNESS"},"content":{"rendered":"<p class=\"p1\"><b>Utilisation:<\/b><\/p>\n<p class=\"p1\">Le moelleux est un facteur majeur, souvent associ\u00e9 \u00e0 la fra\u00eecheur du pain et \u00e0 sa longue dur\u00e9e de conservation. Pour r\u00e9pondre \u00e0 ce besoin, MAGIMIX\u00ae SUPREME SOFTNESS a d\u00e9velopp\u00e9 une gamme de formulations de haute technologie. Ces derni\u00e8res visent \u00e0 am\u00e9liorer et prolonger les propri\u00e9t\u00e9s de moelleux de la mie du pain, garantissant ainsi fra\u00eecheur et longue dur\u00e9e de vie.<\/p>\n<p class=\"p1\"><b>B\u00e9n\u00e9fices:<\/b><\/p>\n<p class=\"p1\">Nos solutions permettent d&rsquo;am\u00e9liorer la fra\u00eecheur<span class=\"Apple-converted-space\"> <\/span>et le moelleux, d&rsquo;optimiser la structure de la mie et la pouss\u00e9e au four (oven spring). Elles contribuent \u00e9galement \u00e0 l&rsquo;alimentation de la levure et assurent une longue dur\u00e9e de conservation.<span class=\"Apple-converted-space\">   <\/span><\/p>\n<p class=\"p1\"><b>Dosage Recommand\u00e9<\/b>:<\/p>\n<p class=\"p1\">0,3 % (soit 300 g pour 100 kg de farine)<\/p>\n<p class=\"p1\"><b>Conditionnement:<\/b><\/p>\n<p class=\"p1\">Bo\u00eete de 20 kg<\/p>\n","protected":false},"excerpt":{"rendered":"<p>Utilisation: Le moelleux est un facteur majeur, souvent associ\u00e9 \u00e0 la fra\u00eecheur du pain et \u00e0 sa longue dur\u00e9e de conservation. Pour r\u00e9pondre \u00e0 ce besoin, MAGIMIX\u00ae SUPREME SOFTNESS a d\u00e9velopp\u00e9 une gamme de formulations de haute technologie. Ces derni\u00e8res visent \u00e0 am\u00e9liorer et prolonger les propri\u00e9t\u00e9s de moelleux de la mie du pain, garantissant [&hellip;]<\/p>\n","protected":false},"featured_media":4461,"comment_status":"closed","ping_status":"closed","template":"","meta":{"_acf_changed":false,"inline_featured_image":false},"product_brand":[],"product_cat":[111],"product_tag":[],"class_list":{"0":"post-4454","1":"product","2":"type-product","3":"status-publish","4":"has-post-thumbnail","6":"product_cat-ingredients-de-boulangerie","8":"first","9":"instock","10":"shipping-taxable","11":"product-type-simple"},"acf":[],"yoast_head":"<!-- This site is optimized with the Yoast SEO plugin v27.4 - https:\/\/yoast.com\/product\/yoast-seo-wordpress\/ -->\n<title>MAGIMIX\u00ae SUPREME SOFTNESS - Lesaffre Egypt<\/title>\n<meta name=\"robots\" content=\"index, follow, max-snippet:-1, max-image-preview:large, max-video-preview:-1\" \/>\n<link rel=\"canonical\" href=\"https:\/\/lesaffre.eg\/produit\/magimix-supreme-softness\/\" \/>\n<meta property=\"og:locale\" content=\"fr_FR\" \/>\n<meta property=\"og:type\" content=\"article\" \/>\n<meta property=\"og:title\" content=\"MAGIMIX\u00ae SUPREME SOFTNESS - Lesaffre Egypt\" \/>\n<meta property=\"og:description\" content=\"Utilisation: Le moelleux est un facteur majeur, souvent associ\u00e9 \u00e0 la fra\u00eecheur du pain et \u00e0 sa longue dur\u00e9e de conservation. Pour r\u00e9pondre \u00e0 ce besoin, MAGIMIX\u00ae SUPREME SOFTNESS a d\u00e9velopp\u00e9 une gamme de formulations de haute technologie. Ces derni\u00e8res visent \u00e0 am\u00e9liorer et prolonger les propri\u00e9t\u00e9s de moelleux de la mie du pain, garantissant [&hellip;]\" \/>\n<meta property=\"og:url\" content=\"https:\/\/lesaffre.eg\/produit\/magimix-supreme-softness\/\" \/>\n<meta property=\"og:site_name\" content=\"Lesaffre Egypt\" \/>\n<meta name=\"twitter:card\" content=\"summary_large_image\" \/>\n<meta name=\"twitter:label1\" content=\"Dur\u00e9e de lecture estim\u00e9e\" \/>\n\t<meta name=\"twitter:data1\" content=\"1 minute\" \/>\n<script type=\"application\/ld+json\" class=\"yoast-schema-graph\">{\"@context\":\"https:\\\/\\\/schema.org\",\"@graph\":[{\"@type\":\"WebPage\",\"@id\":\"https:\\\/\\\/lesaffre.eg\\\/produit\\\/magimix-supreme-softness\\\/\",\"url\":\"https:\\\/\\\/lesaffre.eg\\\/produit\\\/magimix-supreme-softness\\\/\",\"name\":\"MAGIMIX\u00ae SUPREME SOFTNESS - Lesaffre Egypt\",\"isPartOf\":{\"@id\":\"https:\\\/\\\/lesaffre.eg\\\/#website\"},\"primaryImageOfPage\":{\"@id\":\"https:\\\/\\\/lesaffre.eg\\\/produit\\\/magimix-supreme-softness\\\/#primaryimage\"},\"image\":{\"@id\":\"https:\\\/\\\/lesaffre.eg\\\/produit\\\/magimix-supreme-softness\\\/#primaryimage\"},\"thumbnailUrl\":\"https:\\\/\\\/lesaffre.eg\\\/wp-content\\\/uploads\\\/sites\\\/28\\\/2024\\\/11\\\/screenshot-2024-12-23-at-1.20.41-pm.png\",\"datePublished\":\"2024-11-05T22:11:28+00:00\",\"breadcrumb\":{\"@id\":\"https:\\\/\\\/lesaffre.eg\\\/produit\\\/magimix-supreme-softness\\\/#breadcrumb\"},\"inLanguage\":\"fr-FR\",\"potentialAction\":[{\"@type\":\"ReadAction\",\"target\":[\"https:\\\/\\\/lesaffre.eg\\\/produit\\\/magimix-supreme-softness\\\/\"]}]},{\"@type\":\"ImageObject\",\"inLanguage\":\"fr-FR\",\"@id\":\"https:\\\/\\\/lesaffre.eg\\\/produit\\\/magimix-supreme-softness\\\/#primaryimage\",\"url\":\"https:\\\/\\\/lesaffre.eg\\\/wp-content\\\/uploads\\\/sites\\\/28\\\/2024\\\/11\\\/screenshot-2024-12-23-at-1.20.41-pm.png\",\"contentUrl\":\"https:\\\/\\\/lesaffre.eg\\\/wp-content\\\/uploads\\\/sites\\\/28\\\/2024\\\/11\\\/screenshot-2024-12-23-at-1.20.41-pm.png\",\"width\":1064,\"height\":1414},{\"@type\":\"BreadcrumbList\",\"@id\":\"https:\\\/\\\/lesaffre.eg\\\/produit\\\/magimix-supreme-softness\\\/#breadcrumb\",\"itemListElement\":[{\"@type\":\"ListItem\",\"position\":1,\"name\":\"Home\",\"item\":\"https:\\\/\\\/lesaffre.eg\\\/ar\\\/\"},{\"@type\":\"ListItem\",\"position\":2,\"name\":\"Boutique\",\"item\":\"https:\\\/\\\/lesaffre.eg\\\/boutique\\\/\"},{\"@type\":\"ListItem\",\"position\":3,\"name\":\"MAGIMIX\u00ae SUPREME SOFTNESS\"}]},{\"@type\":\"WebSite\",\"@id\":\"https:\\\/\\\/lesaffre.eg\\\/#website\",\"url\":\"https:\\\/\\\/lesaffre.eg\\\/\",\"name\":\"Lesaffre Egypt\",\"description\":\"\",\"potentialAction\":[{\"@type\":\"SearchAction\",\"target\":{\"@type\":\"EntryPoint\",\"urlTemplate\":\"https:\\\/\\\/lesaffre.eg\\\/?s={search_term_string}\"},\"query-input\":{\"@type\":\"PropertyValueSpecification\",\"valueRequired\":true,\"valueName\":\"search_term_string\"}}],\"inLanguage\":\"fr-FR\"}]}<\/script>\n<!-- \/ Yoast SEO plugin. -->","yoast_head_json":{"title":"MAGIMIX\u00ae SUPREME SOFTNESS - Lesaffre Egypt","robots":{"index":"index","follow":"follow","max-snippet":"max-snippet:-1","max-image-preview":"max-image-preview:large","max-video-preview":"max-video-preview:-1"},"canonical":"https:\/\/lesaffre.eg\/produit\/magimix-supreme-softness\/","og_locale":"fr_FR","og_type":"article","og_title":"MAGIMIX\u00ae SUPREME SOFTNESS - Lesaffre Egypt","og_description":"Utilisation: Le moelleux est un facteur majeur, souvent associ\u00e9 \u00e0 la fra\u00eecheur du pain et \u00e0 sa longue dur\u00e9e de conservation. Pour r\u00e9pondre \u00e0 ce besoin, MAGIMIX\u00ae SUPREME SOFTNESS a d\u00e9velopp\u00e9 une gamme de formulations de haute technologie. Ces derni\u00e8res visent \u00e0 am\u00e9liorer et prolonger les propri\u00e9t\u00e9s de moelleux de la mie du pain, garantissant [&hellip;]","og_url":"https:\/\/lesaffre.eg\/produit\/magimix-supreme-softness\/","og_site_name":"Lesaffre Egypt","twitter_card":"summary_large_image","twitter_misc":{"Dur\u00e9e de lecture estim\u00e9e":"1 minute"},"schema":{"@context":"https:\/\/schema.org","@graph":[{"@type":"WebPage","@id":"https:\/\/lesaffre.eg\/produit\/magimix-supreme-softness\/","url":"https:\/\/lesaffre.eg\/produit\/magimix-supreme-softness\/","name":"MAGIMIX\u00ae SUPREME SOFTNESS - Lesaffre Egypt","isPartOf":{"@id":"https:\/\/lesaffre.eg\/#website"},"primaryImageOfPage":{"@id":"https:\/\/lesaffre.eg\/produit\/magimix-supreme-softness\/#primaryimage"},"image":{"@id":"https:\/\/lesaffre.eg\/produit\/magimix-supreme-softness\/#primaryimage"},"thumbnailUrl":"https:\/\/lesaffre.eg\/wp-content\/uploads\/sites\/28\/2024\/11\/screenshot-2024-12-23-at-1.20.41-pm.png","datePublished":"2024-11-05T22:11:28+00:00","breadcrumb":{"@id":"https:\/\/lesaffre.eg\/produit\/magimix-supreme-softness\/#breadcrumb"},"inLanguage":"fr-FR","potentialAction":[{"@type":"ReadAction","target":["https:\/\/lesaffre.eg\/produit\/magimix-supreme-softness\/"]}]},{"@type":"ImageObject","inLanguage":"fr-FR","@id":"https:\/\/lesaffre.eg\/produit\/magimix-supreme-softness\/#primaryimage","url":"https:\/\/lesaffre.eg\/wp-content\/uploads\/sites\/28\/2024\/11\/screenshot-2024-12-23-at-1.20.41-pm.png","contentUrl":"https:\/\/lesaffre.eg\/wp-content\/uploads\/sites\/28\/2024\/11\/screenshot-2024-12-23-at-1.20.41-pm.png","width":1064,"height":1414},{"@type":"BreadcrumbList","@id":"https:\/\/lesaffre.eg\/produit\/magimix-supreme-softness\/#breadcrumb","itemListElement":[{"@type":"ListItem","position":1,"name":"Home","item":"https:\/\/lesaffre.eg\/ar\/"},{"@type":"ListItem","position":2,"name":"Boutique","item":"https:\/\/lesaffre.eg\/boutique\/"},{"@type":"ListItem","position":3,"name":"MAGIMIX\u00ae SUPREME SOFTNESS"}]},{"@type":"WebSite","@id":"https:\/\/lesaffre.eg\/#website","url":"https:\/\/lesaffre.eg\/","name":"Lesaffre Egypt","description":"","potentialAction":[{"@type":"SearchAction","target":{"@type":"EntryPoint","urlTemplate":"https:\/\/lesaffre.eg\/?s={search_term_string}"},"query-input":{"@type":"PropertyValueSpecification","valueRequired":true,"valueName":"search_term_string"}}],"inLanguage":"fr-FR"}]}},"_links":{"self":[{"href":"https:\/\/lesaffre.eg\/fr\/wp-json\/wp\/v2\/product\/4454","targetHints":{"allow":["GET"]}}],"collection":[{"href":"https:\/\/lesaffre.eg\/fr\/wp-json\/wp\/v2\/product"}],"about":[{"href":"https:\/\/lesaffre.eg\/fr\/wp-json\/wp\/v2\/types\/product"}],"replies":[{"embeddable":true,"href":"https:\/\/lesaffre.eg\/fr\/wp-json\/wp\/v2\/comments?post=4454"}],"wp:featuredmedia":[{"embeddable":true,"href":"https:\/\/lesaffre.eg\/fr\/wp-json\/wp\/v2\/media\/4461"}],"wp:attachment":[{"href":"https:\/\/lesaffre.eg\/fr\/wp-json\/wp\/v2\/media?parent=4454"}],"wp:term":[{"taxonomy":"product_brand","embeddable":true,"href":"https:\/\/lesaffre.eg\/fr\/wp-json\/wp\/v2\/product_brand?post=4454"},{"taxonomy":"product_cat","embeddable":true,"href":"https:\/\/lesaffre.eg\/fr\/wp-json\/wp\/v2\/product_cat?post=4454"},{"taxonomy":"product_tag","embeddable":true,"href":"https:\/\/lesaffre.eg\/fr\/wp-json\/wp\/v2\/product_tag?post=4454"}],"curies":[{"name":"wp","href":"https:\/\/api.w.org\/{rel}","templated":true}]}}