{"id":4468,"date":"2022-06-27T16:25:06","date_gmt":"2022-06-27T14:25:06","guid":{"rendered":"https:\/\/lesaffre.eg\/produit\/il-forno-osmo\/"},"modified":"2022-06-27T16:25:06","modified_gmt":"2022-06-27T14:25:06","slug":"il-forno-osmo","status":"publish","type":"product","link":"https:\/\/lesaffre.eg\/fr\/produit\/il-forno-osmo\/","title":{"rendered":"IL FORNO OSMO"},"content":{"rendered":"<p class=\"p1\">La levure IL FORNO Osmo est une souche sp\u00e9ciale qui offre une meilleure performance dans les p\u00e2tes \u00e0 haute teneur en sucre, garantissant une qualit\u00e9 constante et des produits finis d\u00e9licieux.<\/p>\n<p class=\"p1\"><b>Stockage: <\/b><\/p>\n<p class=\"p1\">Temp\u00e9rature de conservation id\u00e9ale : entre 0 et 4 \u00b0C.<\/p>\n<p>&nbsp;<\/p>\n<p class=\"p1\"><b>Dur\u00e9e de Vie du Produit :<\/b><\/p>\n<p class=\"p1\">10 jours \u00e0 compter de la date de production. \u00c0 consommer imm\u00e9diatement.<\/p>\n<p>&nbsp;<\/p>\n<p class=\"p1\"><b>Poids disponibles :<\/b><\/p>\n<p class=\"p1\">Carton de 10,2 kg compos\u00e9 de 24 unit\u00e9s de 425g.<\/p>\n","protected":false},"excerpt":{"rendered":"<p>La levure IL FORNO Osmo est une souche sp\u00e9ciale qui offre une meilleure performance dans les p\u00e2tes \u00e0 haute teneur en sucre, garantissant une qualit\u00e9 constante et des produits finis d\u00e9licieux. Stockage: Temp\u00e9rature de conservation id\u00e9ale : entre 0 et 4 \u00b0C. &nbsp; Dur\u00e9e de Vie du Produit : 10 jours \u00e0 compter de la [&hellip;]<\/p>\n","protected":false},"featured_media":4464,"comment_status":"closed","ping_status":"closed","template":"","meta":{"_acf_changed":false,"inline_featured_image":false},"product_brand":[],"product_cat":[106,112],"product_tag":[],"class_list":{"0":"post-4468","1":"product","2":"type-product","3":"status-publish","4":"has-post-thumbnail","6":"product_cat-levure-fraiche","7":"product_cat-levure-pressee","9":"first","10":"instock","11":"shipping-taxable","12":"product-type-simple"},"acf":[],"yoast_head":"<!-- This site is optimized with the Yoast SEO plugin v27.4 - https:\/\/yoast.com\/product\/yoast-seo-wordpress\/ -->\n<title>IL FORNO OSMO - Lesaffre Egypt<\/title>\n<meta name=\"robots\" content=\"index, follow, max-snippet:-1, max-image-preview:large, max-video-preview:-1\" \/>\n<link rel=\"canonical\" href=\"https:\/\/lesaffre.eg\/produit\/il-forno-osmo\/\" \/>\n<meta property=\"og:locale\" content=\"fr_FR\" \/>\n<meta property=\"og:type\" content=\"article\" \/>\n<meta property=\"og:title\" content=\"IL FORNO OSMO - Lesaffre Egypt\" \/>\n<meta property=\"og:description\" content=\"La levure IL FORNO Osmo est une souche sp\u00e9ciale qui offre une meilleure performance dans les p\u00e2tes \u00e0 haute teneur en sucre, garantissant une qualit\u00e9 constante et des produits finis d\u00e9licieux. Stockage: Temp\u00e9rature de conservation id\u00e9ale : entre 0 et 4 \u00b0C. &nbsp; Dur\u00e9e de Vie du Produit : 10 jours \u00e0 compter de la [&hellip;]\" \/>\n<meta property=\"og:url\" content=\"https:\/\/lesaffre.eg\/produit\/il-forno-osmo\/\" \/>\n<meta property=\"og:site_name\" content=\"Lesaffre Egypt\" \/>\n<meta name=\"twitter:card\" content=\"summary_large_image\" \/>\n<script type=\"application\/ld+json\" class=\"yoast-schema-graph\">{\"@context\":\"https:\\\/\\\/schema.org\",\"@graph\":[{\"@type\":\"WebPage\",\"@id\":\"https:\\\/\\\/lesaffre.eg\\\/produit\\\/il-forno-osmo\\\/\",\"url\":\"https:\\\/\\\/lesaffre.eg\\\/produit\\\/il-forno-osmo\\\/\",\"name\":\"IL FORNO OSMO - Lesaffre Egypt\",\"isPartOf\":{\"@id\":\"https:\\\/\\\/lesaffre.eg\\\/#website\"},\"primaryImageOfPage\":{\"@id\":\"https:\\\/\\\/lesaffre.eg\\\/produit\\\/il-forno-osmo\\\/#primaryimage\"},\"image\":{\"@id\":\"https:\\\/\\\/lesaffre.eg\\\/produit\\\/il-forno-osmo\\\/#primaryimage\"},\"thumbnailUrl\":\"https:\\\/\\\/lesaffre.eg\\\/wp-content\\\/uploads\\\/sites\\\/28\\\/2022\\\/06\\\/whatsapp-image-2024-12-23-at-13.56.04.jpeg\",\"datePublished\":\"2022-06-27T14:25:06+00:00\",\"breadcrumb\":{\"@id\":\"https:\\\/\\\/lesaffre.eg\\\/produit\\\/il-forno-osmo\\\/#breadcrumb\"},\"inLanguage\":\"fr-FR\",\"potentialAction\":[{\"@type\":\"ReadAction\",\"target\":[\"https:\\\/\\\/lesaffre.eg\\\/produit\\\/il-forno-osmo\\\/\"]}]},{\"@type\":\"ImageObject\",\"inLanguage\":\"fr-FR\",\"@id\":\"https:\\\/\\\/lesaffre.eg\\\/produit\\\/il-forno-osmo\\\/#primaryimage\",\"url\":\"https:\\\/\\\/lesaffre.eg\\\/wp-content\\\/uploads\\\/sites\\\/28\\\/2022\\\/06\\\/whatsapp-image-2024-12-23-at-13.56.04.jpeg\",\"contentUrl\":\"https:\\\/\\\/lesaffre.eg\\\/wp-content\\\/uploads\\\/sites\\\/28\\\/2022\\\/06\\\/whatsapp-image-2024-12-23-at-13.56.04.jpeg\",\"width\":1280,\"height\":868},{\"@type\":\"BreadcrumbList\",\"@id\":\"https:\\\/\\\/lesaffre.eg\\\/produit\\\/il-forno-osmo\\\/#breadcrumb\",\"itemListElement\":[{\"@type\":\"ListItem\",\"position\":1,\"name\":\"Home\",\"item\":\"https:\\\/\\\/lesaffre.eg\\\/ar\\\/\"},{\"@type\":\"ListItem\",\"position\":2,\"name\":\"Boutique\",\"item\":\"https:\\\/\\\/lesaffre.eg\\\/boutique\\\/\"},{\"@type\":\"ListItem\",\"position\":3,\"name\":\"IL FORNO OSMO\"}]},{\"@type\":\"WebSite\",\"@id\":\"https:\\\/\\\/lesaffre.eg\\\/#website\",\"url\":\"https:\\\/\\\/lesaffre.eg\\\/\",\"name\":\"Lesaffre Egypt\",\"description\":\"\",\"potentialAction\":[{\"@type\":\"SearchAction\",\"target\":{\"@type\":\"EntryPoint\",\"urlTemplate\":\"https:\\\/\\\/lesaffre.eg\\\/?s={search_term_string}\"},\"query-input\":{\"@type\":\"PropertyValueSpecification\",\"valueRequired\":true,\"valueName\":\"search_term_string\"}}],\"inLanguage\":\"fr-FR\"}]}<\/script>\n<!-- \/ Yoast SEO plugin. -->","yoast_head_json":{"title":"IL FORNO OSMO - Lesaffre Egypt","robots":{"index":"index","follow":"follow","max-snippet":"max-snippet:-1","max-image-preview":"max-image-preview:large","max-video-preview":"max-video-preview:-1"},"canonical":"https:\/\/lesaffre.eg\/produit\/il-forno-osmo\/","og_locale":"fr_FR","og_type":"article","og_title":"IL FORNO OSMO - Lesaffre Egypt","og_description":"La levure IL FORNO Osmo est une souche sp\u00e9ciale qui offre une meilleure performance dans les p\u00e2tes \u00e0 haute teneur en sucre, garantissant une qualit\u00e9 constante et des produits finis d\u00e9licieux. Stockage: Temp\u00e9rature de conservation id\u00e9ale : entre 0 et 4 \u00b0C. &nbsp; Dur\u00e9e de Vie du Produit : 10 jours \u00e0 compter de la [&hellip;]","og_url":"https:\/\/lesaffre.eg\/produit\/il-forno-osmo\/","og_site_name":"Lesaffre Egypt","twitter_card":"summary_large_image","schema":{"@context":"https:\/\/schema.org","@graph":[{"@type":"WebPage","@id":"https:\/\/lesaffre.eg\/produit\/il-forno-osmo\/","url":"https:\/\/lesaffre.eg\/produit\/il-forno-osmo\/","name":"IL FORNO OSMO - Lesaffre Egypt","isPartOf":{"@id":"https:\/\/lesaffre.eg\/#website"},"primaryImageOfPage":{"@id":"https:\/\/lesaffre.eg\/produit\/il-forno-osmo\/#primaryimage"},"image":{"@id":"https:\/\/lesaffre.eg\/produit\/il-forno-osmo\/#primaryimage"},"thumbnailUrl":"https:\/\/lesaffre.eg\/wp-content\/uploads\/sites\/28\/2022\/06\/whatsapp-image-2024-12-23-at-13.56.04.jpeg","datePublished":"2022-06-27T14:25:06+00:00","breadcrumb":{"@id":"https:\/\/lesaffre.eg\/produit\/il-forno-osmo\/#breadcrumb"},"inLanguage":"fr-FR","potentialAction":[{"@type":"ReadAction","target":["https:\/\/lesaffre.eg\/produit\/il-forno-osmo\/"]}]},{"@type":"ImageObject","inLanguage":"fr-FR","@id":"https:\/\/lesaffre.eg\/produit\/il-forno-osmo\/#primaryimage","url":"https:\/\/lesaffre.eg\/wp-content\/uploads\/sites\/28\/2022\/06\/whatsapp-image-2024-12-23-at-13.56.04.jpeg","contentUrl":"https:\/\/lesaffre.eg\/wp-content\/uploads\/sites\/28\/2022\/06\/whatsapp-image-2024-12-23-at-13.56.04.jpeg","width":1280,"height":868},{"@type":"BreadcrumbList","@id":"https:\/\/lesaffre.eg\/produit\/il-forno-osmo\/#breadcrumb","itemListElement":[{"@type":"ListItem","position":1,"name":"Home","item":"https:\/\/lesaffre.eg\/ar\/"},{"@type":"ListItem","position":2,"name":"Boutique","item":"https:\/\/lesaffre.eg\/boutique\/"},{"@type":"ListItem","position":3,"name":"IL FORNO OSMO"}]},{"@type":"WebSite","@id":"https:\/\/lesaffre.eg\/#website","url":"https:\/\/lesaffre.eg\/","name":"Lesaffre Egypt","description":"","potentialAction":[{"@type":"SearchAction","target":{"@type":"EntryPoint","urlTemplate":"https:\/\/lesaffre.eg\/?s={search_term_string}"},"query-input":{"@type":"PropertyValueSpecification","valueRequired":true,"valueName":"search_term_string"}}],"inLanguage":"fr-FR"}]}},"_links":{"self":[{"href":"https:\/\/lesaffre.eg\/fr\/wp-json\/wp\/v2\/product\/4468","targetHints":{"allow":["GET"]}}],"collection":[{"href":"https:\/\/lesaffre.eg\/fr\/wp-json\/wp\/v2\/product"}],"about":[{"href":"https:\/\/lesaffre.eg\/fr\/wp-json\/wp\/v2\/types\/product"}],"replies":[{"embeddable":true,"href":"https:\/\/lesaffre.eg\/fr\/wp-json\/wp\/v2\/comments?post=4468"}],"wp:featuredmedia":[{"embeddable":true,"href":"https:\/\/lesaffre.eg\/fr\/wp-json\/wp\/v2\/media\/4464"}],"wp:attachment":[{"href":"https:\/\/lesaffre.eg\/fr\/wp-json\/wp\/v2\/media?parent=4468"}],"wp:term":[{"taxonomy":"product_brand","embeddable":true,"href":"https:\/\/lesaffre.eg\/fr\/wp-json\/wp\/v2\/product_brand?post=4468"},{"taxonomy":"product_cat","embeddable":true,"href":"https:\/\/lesaffre.eg\/fr\/wp-json\/wp\/v2\/product_cat?post=4468"},{"taxonomy":"product_tag","embeddable":true,"href":"https:\/\/lesaffre.eg\/fr\/wp-json\/wp\/v2\/product_tag?post=4468"}],"curies":[{"name":"wp","href":"https:\/\/api.w.org\/{rel}","templated":true}]}}